{"id":650,"date":"2024-04-28T19:49:27","date_gmt":"2024-04-28T22:49:27","guid":{"rendered":"https:\/\/miracema-nuodex.tech\/?page_id=650"},"modified":"2024-12-12T11:26:32","modified_gmt":"2024-12-12T14:26:32","slug":"politica-de-gestao-de-cookies","status":"publish","type":"page","link":"https:\/\/teste2.zaon.tech\/fr\/politica-de-gestao-de-cookies\/","title":{"rendered":"Politique de gestion des cookies"},"content":{"rendered":"<section class=\"section\" id=\"section_297267059\">\n\t\t<div class=\"section-bg fill\" >\n\t\t\t\t\t\t\t\t\t\n\t\t\t\n\n\t\t<\/div>\n\n\t\t\n\n\t\t<div class=\"section-content relative\">\n\t\t\t\n\n<div class=\"row\"  id=\"row-72023788\">\n\n\n\t<div id=\"col-101325917\" class=\"col small-12 large-12\"  >\n\t\t\t\t<div class=\"col-inner\"  >\n\t\t\t\n\t\t\t\n\n<h4><span data-text-color=\"secondary\"><strong>Qu&#039;est-ce qu&#039;un cookie ?<\/strong><\/span><\/h4>\n<p>Un cookie est une donn\u00e9e qu&#039;un site Web demande \u00e0 votre navigateur et qui est stock\u00e9e sous forme de fichier sur votre ordinateur ou appareil mobile. Le cookie permet au site Web de \u00ab se souvenir \u00bb de vos actions ou pr\u00e9f\u00e9rences au fil du temps.<\/p>\n<p>La plupart des navigateurs Internet acceptent les cookies. Vous pouvez n\u00e9anmoins configurer vos navigateurs pour refuser certains types de cookies ou des cookies sp\u00e9cifiques. Par ailleurs, vous pouvez supprimer les cookies \u00e0 tout moment dans un navigateur sp\u00e9cifique ou dans plusieurs navigateurs.<\/p>\n<p>Cette politique s&#039;applique au(x) domaine(s)\u00a0:\u00a0<a href=\"https:\/\/teste2.zaon.tech\/fr\/\"><strong>www.miracema-nuodex.com.br\/<\/strong><\/a><\/p>\n<p><span data-text-color=\"secondary\"><strong>Comment les cookies sont-ils utilis\u00e9s ?<\/strong><\/span><\/p>\n<p>Les cookies servent \u00e0 comprendre et \u00e0 m\u00e9moriser la fa\u00e7on dont vous interagissez avec le contenu de ce site Web, ainsi qu&#039;\u00e0 am\u00e9liorer votre exp\u00e9rience lorsque vous visitez notre site Web.\u00a0<\/p>\n<p>Exemple : certains cookies peuvent m\u00e9moriser votre langue ou vos pr\u00e9f\u00e9rences afin que vous n&#039;ayez pas \u00e0 faire ces choix de mani\u00e8re r\u00e9p\u00e9t\u00e9e \u00e0 chaque fois que vous visitez l&#039;un de nos sites Internet.\u00a0<\/p>\n<p>Les cookies peuvent \u00e9galement permettre de proposer des contenus sp\u00e9cifiques, tels que des vid\u00e9os ou des textes ou des images.\u00a0<\/p>\n<p><span data-text-color=\"secondary\"><strong>Quels types de cookies sont utilis\u00e9s ?<\/strong><\/span><\/p>\n<p><u>Cookies propri\u00e9taires et cookies tiers<\/u><\/p>\n<p>Nous utilisons des cookies propri\u00e9taires et tiers sur notre site Web.<\/p>\n<p>Les cookies propri\u00e9taires sont des cookies \u00e9mis par le domaine de notre site Web et sont g\u00e9n\u00e9ralement utilis\u00e9s pour identifier les pr\u00e9f\u00e9rences locales ou faciliter les fonctionnalit\u00e9s de base du site Web.<\/p>\n<p>Les cookies tiers sont d\u00e9tenus et administr\u00e9s par d&#039;autres soci\u00e9t\u00e9s, partenaires commerciaux ou prestataires de services de notre soci\u00e9t\u00e9. Ces cookies peuvent \u00eatre n\u00e9cessaires pour produire certains formulaires, ou permettre certaines publicit\u00e9s en dehors de notre site Web.<\/p>\n<p><u>Cookies de session<\/u><\/p>\n<p>Les cookies de session sont des cookies temporaires qui sont utilis\u00e9s pour se souvenir de vous au cours de votre visite sur le site Web et perdent leur validit\u00e9 lorsque vous fermez votre navigateur.<\/p>\n<p><u>Cookies persistants<\/u><\/p>\n<p>Les cookies persistants sont utilis\u00e9s pour m\u00e9moriser vos pr\u00e9f\u00e9rences de site Web et restent sur votre ordinateur ou appareil mobile m\u00eame apr\u00e8s la fermeture ou la r\u00e9initialisation de votre navigateur. Nous utilisons ces cookies pour analyser le comportement des utilisateurs et \u00e9tablir des mod\u00e8les afin que nous puissions am\u00e9liorer la fonctionnalit\u00e9 de notre site Web pour vous et les autres personnes qui visitent notre site Web. Ces cookies nous permettent \u00e9galement de diffuser des publicit\u00e9s cibl\u00e9es et de mesurer l&#039;efficacit\u00e9 de notre site Web et la fonctionnalit\u00e9 de ces publicit\u00e9s.<\/p>\n<p><span data-text-color=\"secondary\"><strong>Comment les cookies sont-ils utilis\u00e9s \u00e0 des fins publicitaires ?<\/strong><\/span><\/p>\n<p>Les cookies et les technologies publicitaires telles que les balises Web, les pixels et les balises de r\u00e9seau publicitaire nous aident \u00e0 diffuser des publicit\u00e9s pertinentes plus efficacement. Ils nous aident \u00e9galement \u00e0 collecter des donn\u00e9es consolid\u00e9es pour les audits, les recherches et les rapports de performances pour les annonceurs. Les pixels nous permettent de comprendre et d&#039;am\u00e9liorer la diffusion des publicit\u00e9s qui vous sont adress\u00e9es, et nous permettent \u00e9galement de savoir quand certaines publicit\u00e9s vous ont d\u00e9j\u00e0 \u00e9t\u00e9 pr\u00e9sent\u00e9es. \u00c9tant donn\u00e9 que votre navigateur peut demander des publicit\u00e9s et des \u00ab balises Web \u00bb directement aux serveurs des r\u00e9seaux publicitaires, ces r\u00e9seaux peuvent afficher, modifier ou d\u00e9finir leurs propres cookies, comme si vous aviez visit\u00e9 une page Web de leur site Web.<\/p>\n<p>Bien que nous n&#039;utilisons pas de cookies pour cr\u00e9er un profil de votre comportement de navigation sur des sites Web tiers, nous utilisons des informations consolid\u00e9es provenant de ces tiers pour vous montrer des publicit\u00e9s pertinentes en fonction de vos int\u00e9r\u00eats. Nous ne fournissons aucune information que nous collectons aux annonceurs. Vous pouvez refuser de voir des publicit\u00e9s hors site et\/ou de tiers en ajustant vos param\u00e8tres de cookies. Cela ne supprimera pas les publicit\u00e9s des pages que vous visitez, mais ce choix entra\u00eenera plut\u00f4t des publicit\u00e9s qui ne sont pas bas\u00e9es sur vos int\u00e9r\u00eats. Cela signifie que les publicit\u00e9s que vous voyez ne correspondront pas \u00e0 vos int\u00e9r\u00eats par ces cookies sp\u00e9cifiques.<\/p>\n<p><span data-text-color=\"secondary\"><strong>Comment les cookies tiers sont-ils utilis\u00e9s ?<\/strong><\/span><\/p>\n<p>Pour certaines fonctions de notre site Web, nous faisons appel \u00e0 des fournisseurs tiers, par exemple lorsque vous visitez une page contenant une vid\u00e9o int\u00e9gr\u00e9e ou provenant de Facebook. Ces vid\u00e9os ou liens (et tout autre contenu provenant de fournisseurs tiers) peuvent contenir des cookies tiers, et nous vous recommandons de consulter les politiques de confidentialit\u00e9 de ces tiers sur leurs sites Web pour obtenir des informations concernant leur utilisation des cookies.<\/p>\n<p><span data-text-color=\"secondary\"><strong>Comment refuser ou supprimer les cookies ?<\/strong><\/span><\/p>\n<p>Vous pouvez choisir de rejeter ou de bloquer tous ou certains types de cookies d\u00e9finis lors de votre visite sur notre site Web en cliquant sur les pr\u00e9f\u00e9rences en mati\u00e8re de cookies sur notre site Web. Vous pouvez modifier vos pr\u00e9f\u00e9rences pour notre site Web et\/ou des sites Web tiers en modifiant les param\u00e8tres de votre navigateur.<\/p>\n<p>Veuillez noter que la plupart des navigateurs acceptent automatiquement les cookies. Par cons\u00e9quent, si vous ne souhaitez pas que les cookies soient utilis\u00e9s, vous devez supprimer ou bloquer activement les cookies. Si vous refusez l&#039;utilisation de cookies, vous pourrez visiter notre site Web, mais certaines fonctions pourraient ne pas fonctionner correctement. En utilisant notre site Web sans supprimer ou rejeter tout ou partie des cookies, vous acceptez que nous puissions placer les cookies que vous n&#039;avez pas supprim\u00e9s ou rejet\u00e9s sur vos appareils.<\/p>\n<p>Vous pouvez \u00e9galement visiter wikipedia.org,\u00a0<a href=\"https:\/\/www.allaboutcookies.org\/\">www.allaboutcookies.org<\/a>\u00a0pour plus de d\u00e9tails sur la mani\u00e8re de supprimer ou de rejeter les cookies et pour des informations suppl\u00e9mentaires sur les cookies en g\u00e9n\u00e9ral.<\/p>\n<p><span data-text-color=\"secondary\"><strong>Liste des cookies<\/strong><\/span><\/p>\n<table>\n<tbody>\n<tr>\n<td width=\"59\">\n<p>Cookies<\/p>\n<\/td>\n<td width=\"307\">\n<p>Description<\/p>\n<\/td>\n<td width=\"79\">\n<p>R\u00e9tention<\/p>\n<\/td>\n<td width=\"79\">\n<p>Cat\u00e9gorie<\/p>\n<\/td>\n<td width=\"95\">\n<p>Politique de confidentialit\u00e9 sp\u00e9cifique<\/p>\n<\/td>\n<\/tr>\n<tr>\n<td width=\"59\">\n<p>rc::a<\/p>\n<\/td>\n<td width=\"307\">\n<p>Ce cookie est utilis\u00e9 pour distinguer les humains des robots. Ceci est b\u00e9n\u00e9fique pour le site Web afin de cr\u00e9er des rapports valides sur l&#039;utilisation de son site Web.<\/p>\n<\/td>\n<td width=\"79\">\n<p>Persistant<\/p>\n<\/td>\n<td width=\"79\">\n<p>Essentiel<\/p>\n<\/td>\n<td width=\"95\">\n<p><a href=\"https:\/\/www.gstatic.com\/policies\/privacy\/pdf\/20221215\/qi5mvafl\/google_privacy_policy_en.pdf\">Confidentialit\u00e9<\/a><\/p>\n<\/td>\n<\/tr>\n<tr>\n<td width=\"59\">\n<p>rc::c<\/p>\n<\/td>\n<td width=\"307\">\n<p>Ce cookie est utilis\u00e9 pour distinguer les humains des robots<\/p>\n<\/td>\n<td width=\"79\">\n<p>Session<\/p>\n<\/td>\n<td width=\"79\">\n<p>Essentiel<\/p>\n<\/td>\n<td width=\"95\">\n<p>\u00a0<\/p>\n<\/td>\n<\/tr>\n<tr>\n<td width=\"59\">\n<p>__utma<\/p>\n<\/td>\n<td width=\"307\">\n<p>Collecte des donn\u00e9es sur le nombre de fois qu&#039;un utilisateur a visit\u00e9 le site Web, ainsi que les dates de la premi\u00e8re et de la plupart des visites. Utilis\u00e9 par Google Analytics<\/p>\n<\/td>\n<td width=\"79\">\n<p>2 ans<\/p>\n<\/td>\n<td width=\"79\">\n<p>Statistiques<\/p>\n<\/td>\n<td width=\"95\">\n<p><a href=\"https:\/\/policies.google.com\/privacy?hl=pt-BR\">Confidentialit\u00e9<\/a><\/p>\n<\/td>\n<\/tr>\n<tr>\n<td width=\"59\">\n<p>__utmb<\/p>\n<\/td>\n<td width=\"307\">\n<p>Enregistre un horodatage avec l&#039;heure exacte \u00e0 laquelle l&#039;utilisateur a acc\u00e9d\u00e9 au site Web. Utilis\u00e9 par Google pour calculer la dur\u00e9e d&#039;une visite sur un site Web<\/p>\n<\/td>\n<td width=\"79\">\n<p>1 jour<\/p>\n<\/td>\n<td width=\"79\">\n<p>Statistiques<\/p>\n<\/td>\n<td width=\"95\">\n<p>\u00a0<\/p>\n<\/td>\n<\/tr>\n<tr>\n<td width=\"59\">\n<p>__utmc<\/p>\n<\/td>\n<td width=\"307\">\n<p>Enregistre un horodatage avec l&#039;heure exacte \u00e0 laquelle l&#039;utilisateur a quitt\u00e9 le site. Utilis\u00e9 par Google pour calculer la dur\u00e9e d&#039;une visite sur un site Web<\/p>\n<\/td>\n<td width=\"79\">\n<p>Session<\/p>\n<\/td>\n<td width=\"79\">\n<p>Statistiques<\/p>\n<\/td>\n<td width=\"95\">\n<p>\u00a0<\/p>\n<\/td>\n<\/tr>\n<tr>\n<td width=\"59\">\n<p>__utmt<\/p>\n<\/td>\n<td width=\"307\">\n<p>Utilis\u00e9 pour informer la vitesse des requ\u00eates au serveur<\/p>\n<\/td>\n<td width=\"79\">\n<p>1 jour<\/p>\n<\/td>\n<td width=\"79\">\n<p>Statistiques<\/p>\n<\/td>\n<td width=\"95\">\n<p>\u00a0<\/p>\n<\/td>\n<\/tr>\n<tr>\n<td width=\"59\">\n<p>__utmv<\/p>\n<\/td>\n<td width=\"307\">\n<p>Enregistre les param\u00e8tres de suivi d\u00e9finis par l&#039;utilisateur pour une utilisation dans Google Analytics<\/p>\n<\/td>\n<td width=\"79\">\n<p>Session<\/p>\n<\/td>\n<td width=\"79\">\n<p>Statistiques<\/p>\n<\/td>\n<td width=\"95\">\n<p>\u00a0<\/p>\n<\/td>\n<\/tr>\n<tr>\n<td width=\"59\">\n<p>__utmz<\/p>\n<\/td>\n<td width=\"307\">\n<p>Collecte des donn\u00e9es sur la provenance de l&#039;utilisateur, le moteur de recherche utilis\u00e9, le lien cliqu\u00e9 et le terme de recherche utilis\u00e9. Utilis\u00e9 par Google Analytics<\/p>\n<\/td>\n<td width=\"79\">\n<p>6 mois<\/p>\n<\/td>\n<td width=\"79\">\n<p>Statistiques<\/p>\n<\/td>\n<td width=\"95\">\n<p>\u00a0<\/p>\n<\/td>\n<\/tr>\n<\/tbody>\n<\/table>\n<p>\u00a0<\/p>\n\n\t\t<\/div>\n\t\t\t\t\t<\/div>\n\n\t\n\n<\/div>\n\n\t\t<\/div>\n\n\t\t\n<style>\n#section_297267059 {\n  padding-top: 30px;\n  padding-bottom: 30px;\n}\n<\/style>\n\t<\/section>","protected":false},"excerpt":{"rendered":"","protected":false},"author":3,"featured_media":0,"parent":0,"menu_order":0,"comment_status":"closed","ping_status":"closed","template":"page-blank.php","meta":{"footnotes":""},"class_list":["post-650","page","type-page","status-publish","hentry"],"yoast_head":"<!-- This site is optimized with the Yoast SEO plugin v27.0 - https:\/\/yoast.com\/product\/yoast-seo-wordpress\/ -->\n<title>Pol\u00edtica de Gest\u00e3o de Cookies | teste<\/title>\n<meta name=\"description\" content=\"Nosso site usa cookies para melhorar sua navega\u00e7\u00e3o. Ao usar o site, voc\u00ea aceita isso. Veja mais em nossa Pol\u00edtica de Gest\u00e3o de Cookies.\" \/>\n<meta name=\"robots\" content=\"noindex, follow, max-snippet:-1, max-image-preview:large, max-video-preview:-1\" \/>\n<meta property=\"og:locale\" content=\"fr_FR\" \/>\n<meta property=\"og:type\" content=\"article\" \/>\n<meta property=\"og:title\" content=\"Pol\u00edtica de Gest\u00e3o de Cookies | teste\" \/>\n<meta property=\"og:description\" content=\"Nosso site usa cookies para melhorar sua navega\u00e7\u00e3o. Ao usar o site, voc\u00ea aceita isso. Veja mais em nossa Pol\u00edtica de Gest\u00e3o de Cookies.\" \/>\n<meta property=\"og:url\" content=\"https:\/\/teste2.zaon.tech\/fr\/politica-de-gestao-de-cookies\/\" \/>\n<meta property=\"og:site_name\" content=\"teste\" \/>\n<meta property=\"article:modified_time\" content=\"2024-12-12T14:26:32+00:00\" \/>\n<meta name=\"twitter:card\" content=\"summary_large_image\" \/>\n<meta name=\"twitter:label1\" content=\"Dur\u00e9e de lecture estim\u00e9e\" \/>\n\t<meta name=\"twitter:data1\" content=\"6 minutes\" \/>\n<script type=\"application\/ld+json\" class=\"yoast-schema-graph\">{\"@context\":\"https:\/\/schema.org\",\"@graph\":[{\"@type\":\"WebPage\",\"@id\":\"https:\/\/teste2.zaon.tech\/politica-de-gestao-de-cookies\/\",\"url\":\"https:\/\/teste2.zaon.tech\/politica-de-gestao-de-cookies\/\",\"name\":\"Pol\u00edtica de Gest\u00e3o de Cookies | teste\",\"isPartOf\":{\"@id\":\"https:\/\/teste2.zaon.tech\/#website\"},\"datePublished\":\"2024-04-28T22:49:27+00:00\",\"dateModified\":\"2024-12-12T14:26:32+00:00\",\"description\":\"Nosso site usa cookies para melhorar sua navega\u00e7\u00e3o. Ao usar o site, voc\u00ea aceita isso. Veja mais em nossa Pol\u00edtica de Gest\u00e3o de Cookies.\",\"breadcrumb\":{\"@id\":\"https:\/\/teste2.zaon.tech\/politica-de-gestao-de-cookies\/#breadcrumb\"},\"inLanguage\":\"fr-FR\",\"potentialAction\":[{\"@type\":\"ReadAction\",\"target\":[\"https:\/\/teste2.zaon.tech\/politica-de-gestao-de-cookies\/\"]}]},{\"@type\":\"BreadcrumbList\",\"@id\":\"https:\/\/teste2.zaon.tech\/politica-de-gestao-de-cookies\/#breadcrumb\",\"itemListElement\":[{\"@type\":\"ListItem\",\"position\":1,\"name\":\"In\u00edcio\",\"item\":\"https:\/\/teste2.zaon.tech\/\"},{\"@type\":\"ListItem\",\"position\":2,\"name\":\"Pol\u00edtica de Gest\u00e3o de Cookies\"}]},{\"@type\":\"WebSite\",\"@id\":\"https:\/\/teste2.zaon.tech\/#website\",\"url\":\"https:\/\/teste2.zaon.tech\/\",\"name\":\"Miracema-Nuodex\",\"description\":\"Qu\u00edmica em Tudo\",\"publisher\":{\"@id\":\"https:\/\/teste2.zaon.tech\/#organization\"},\"potentialAction\":[{\"@type\":\"SearchAction\",\"target\":{\"@type\":\"EntryPoint\",\"urlTemplate\":\"https:\/\/teste2.zaon.tech\/?s={search_term_string}\"},\"query-input\":{\"@type\":\"PropertyValueSpecification\",\"valueRequired\":true,\"valueName\":\"search_term_string\"}}],\"inLanguage\":\"fr-FR\"},{\"@type\":\"Organization\",\"@id\":\"https:\/\/teste2.zaon.tech\/#organization\",\"name\":\"Miracema-Nuodex\",\"url\":\"https:\/\/teste2.zaon.tech\/\",\"logo\":{\"@type\":\"ImageObject\",\"inLanguage\":\"fr-FR\",\"@id\":\"https:\/\/teste2.zaon.tech\/#\/schema\/logo\/image\/\",\"url\":\"https:\/\/teste2.zaon.tech\/wp-content\/uploads\/2024\/04\/Miracema_Nuodex_Vertical_Original.png\",\"contentUrl\":\"https:\/\/teste2.zaon.tech\/wp-content\/uploads\/2024\/04\/Miracema_Nuodex_Vertical_Original.png\",\"width\":400,\"height\":200,\"caption\":\"Miracema-Nuodex\"},\"image\":{\"@id\":\"https:\/\/teste2.zaon.tech\/#\/schema\/logo\/image\/\"}}]}<\/script>\n<!-- \/ Yoast SEO plugin. -->","yoast_head_json":{"title":"Pol\u00edtica de Gest\u00e3o de Cookies | teste","description":"Nosso site usa cookies para melhorar sua navega\u00e7\u00e3o. Ao usar o site, voc\u00ea aceita isso. Veja mais em nossa Pol\u00edtica de Gest\u00e3o de Cookies.","robots":{"index":"noindex","follow":"follow","max-snippet":"max-snippet:-1","max-image-preview":"max-image-preview:large","max-video-preview":"max-video-preview:-1"},"og_locale":"fr_FR","og_type":"article","og_title":"Pol\u00edtica de Gest\u00e3o de Cookies | teste","og_description":"Nosso site usa cookies para melhorar sua navega\u00e7\u00e3o. Ao usar o site, voc\u00ea aceita isso. Veja mais em nossa Pol\u00edtica de Gest\u00e3o de Cookies.","og_url":"https:\/\/teste2.zaon.tech\/fr\/politica-de-gestao-de-cookies\/","og_site_name":"teste","article_modified_time":"2024-12-12T14:26:32+00:00","twitter_card":"summary_large_image","twitter_misc":{"Dur\u00e9e de lecture estim\u00e9e":"6 minutes"},"schema":{"@context":"https:\/\/schema.org","@graph":[{"@type":"WebPage","@id":"https:\/\/teste2.zaon.tech\/politica-de-gestao-de-cookies\/","url":"https:\/\/teste2.zaon.tech\/politica-de-gestao-de-cookies\/","name":"Pol\u00edtica de Gest\u00e3o de Cookies | teste","isPartOf":{"@id":"https:\/\/teste2.zaon.tech\/#website"},"datePublished":"2024-04-28T22:49:27+00:00","dateModified":"2024-12-12T14:26:32+00:00","description":"Nosso site usa cookies para melhorar sua navega\u00e7\u00e3o. Ao usar o site, voc\u00ea aceita isso. Veja mais em nossa Pol\u00edtica de Gest\u00e3o de Cookies.","breadcrumb":{"@id":"https:\/\/teste2.zaon.tech\/politica-de-gestao-de-cookies\/#breadcrumb"},"inLanguage":"fr-FR","potentialAction":[{"@type":"ReadAction","target":["https:\/\/teste2.zaon.tech\/politica-de-gestao-de-cookies\/"]}]},{"@type":"BreadcrumbList","@id":"https:\/\/teste2.zaon.tech\/politica-de-gestao-de-cookies\/#breadcrumb","itemListElement":[{"@type":"ListItem","position":1,"name":"In\u00edcio","item":"https:\/\/teste2.zaon.tech\/"},{"@type":"ListItem","position":2,"name":"Pol\u00edtica de Gest\u00e3o de Cookies"}]},{"@type":"WebSite","@id":"https:\/\/teste2.zaon.tech\/#website","url":"https:\/\/teste2.zaon.tech\/","name":"Miracema-Nuodex","description":"La chimie dans tout","publisher":{"@id":"https:\/\/teste2.zaon.tech\/#organization"},"potentialAction":[{"@type":"SearchAction","target":{"@type":"EntryPoint","urlTemplate":"https:\/\/teste2.zaon.tech\/?s={search_term_string}"},"query-input":{"@type":"PropertyValueSpecification","valueRequired":true,"valueName":"search_term_string"}}],"inLanguage":"fr-FR"},{"@type":"Organization","@id":"https:\/\/teste2.zaon.tech\/#organization","name":"Miracema-Nuodex","url":"https:\/\/teste2.zaon.tech\/","logo":{"@type":"ImageObject","inLanguage":"fr-FR","@id":"https:\/\/teste2.zaon.tech\/#\/schema\/logo\/image\/","url":"https:\/\/teste2.zaon.tech\/wp-content\/uploads\/2024\/04\/Miracema_Nuodex_Vertical_Original.png","contentUrl":"https:\/\/teste2.zaon.tech\/wp-content\/uploads\/2024\/04\/Miracema_Nuodex_Vertical_Original.png","width":400,"height":200,"caption":"Miracema-Nuodex"},"image":{"@id":"https:\/\/teste2.zaon.tech\/#\/schema\/logo\/image\/"}}]}},"_links":{"self":[{"href":"https:\/\/teste2.zaon.tech\/fr\/wp-json\/wp\/v2\/pages\/650","targetHints":{"allow":["GET"]}}],"collection":[{"href":"https:\/\/teste2.zaon.tech\/fr\/wp-json\/wp\/v2\/pages"}],"about":[{"href":"https:\/\/teste2.zaon.tech\/fr\/wp-json\/wp\/v2\/types\/page"}],"author":[{"embeddable":true,"href":"https:\/\/teste2.zaon.tech\/fr\/wp-json\/wp\/v2\/users\/3"}],"replies":[{"embeddable":true,"href":"https:\/\/teste2.zaon.tech\/fr\/wp-json\/wp\/v2\/comments?post=650"}],"version-history":[{"count":6,"href":"https:\/\/teste2.zaon.tech\/fr\/wp-json\/wp\/v2\/pages\/650\/revisions"}],"predecessor-version":[{"id":1257,"href":"https:\/\/teste2.zaon.tech\/fr\/wp-json\/wp\/v2\/pages\/650\/revisions\/1257"}],"wp:attachment":[{"href":"https:\/\/teste2.zaon.tech\/fr\/wp-json\/wp\/v2\/media?parent=650"}],"curies":[{"name":"wp","href":"https:\/\/api.w.org\/{rel}","templated":true}]}}