{"id":344,"date":"2024-04-26T08:00:02","date_gmt":"2024-04-26T11:00:02","guid":{"rendered":"https:\/\/miracema-nuodex.tech\/?page_id=344"},"modified":"2025-04-28T08:50:11","modified_gmt":"2025-04-28T11:50:11","slug":"quimica-em-tudo","status":"publish","type":"page","link":"https:\/\/teste2.zaon.tech\/fr\/","title":{"rendered":"La chimie dans tout"},"content":{"rendered":"<section class=\"section\" id=\"section_1812376802\">\n\t\t<div class=\"section-bg fill\" >\n\t\t\t\t\t\t\t<div class=\"video-overlay no-click fill visible\"><\/div>\n\t<video class=\"video-bg fill visible\" preload playsinline autoplay muted loop>\n\t\t<source src=\"https:\/\/teste2.zaon.tech\/wp-content\/uploads\/2024\/05\/home_hera_capa_800_1920px-1.mp4\" type=\"video\/mp4\">\t<\/video>\n\t\t\t<div class=\"section-bg-overlay absolute fill\"><\/div>\n\t\t\t\n\n\t\t<\/div>\n\n\t\t\n\n\t\t<div class=\"section-content relative\">\n\t\t\t\n\n<div class=\"row align-middle align-center\"  id=\"row-964557974\">\n\n\n\t<div id=\"col-388027188\" class=\"col small-12 large-12\"  >\n\t\t\t\t<div class=\"col-inner text-center\"  >\n\t\t\t\n\t\t\t\n\n\t<div class=\"img has-hover x md-x lg-x y md-y lg-y\" id=\"image_1077729263\">\n\t\t\t\t<div data-parallax-fade=\"true\" data-parallax=\"-2\">\t\t\t\t<div class=\"img-inner dark\" >\n\t\t\t<img loading=\"lazy\" decoding=\"async\" width=\"1020\" height=\"362\" src=\"https:\/\/teste2.zaon.tech\/wp-content\/uploads\/2024\/07\/slogan_fra-1024x363-1.png\" class=\"attachment-large size-large\" alt=\"\" srcset=\"https:\/\/teste2.zaon.tech\/wp-content\/uploads\/2024\/07\/slogan_fra-1024x363-1.png 1024w, https:\/\/teste2.zaon.tech\/wp-content\/uploads\/2024\/07\/slogan_fra-1024x363-1-200x71.png 200w, https:\/\/teste2.zaon.tech\/wp-content\/uploads\/2024\/07\/slogan_fra-1024x363-1-300x106.png 300w, https:\/\/teste2.zaon.tech\/wp-content\/uploads\/2024\/07\/slogan_fra-1024x363-1-768x272.png 768w, https:\/\/teste2.zaon.tech\/wp-content\/uploads\/2024\/07\/slogan_fra-1024x363-1-18x6.png 18w\" sizes=\"auto, (max-width: 1020px) 100vw, 1020px\" \/>\t\t\t\t\t\t\n\t\t\t\t\t<\/div>\n\t\t\t\t<\/div>\t\t\t\t\n<style>\n#image_1077729263 {\n  width: 100%;\n}\n@media (min-width:550px) {\n  #image_1077729263 {\n    width: 76%;\n  }\n}\n<\/style>\n\t<\/div>\n\t\n\n\t<div id=\"gap-200147498\" class=\"gap-element clearfix\" style=\"display:block; height:auto;\">\n\t\t\n<style>\n#gap-200147498 {\n  padding-top: 20px;\n}\n<\/style>\n\t<\/div>\n\t\n\n\n\t\t<\/div>\n\t\t\t\t\t<\/div>\n\n\t\n\n<\/div>\n\n\t\t<\/div>\n\n\t\t\n<style>\n#section_1812376802 {\n  padding-top: 120px;\n  padding-bottom: 120px;\n}\n#section_1812376802 .section-bg-overlay {\n  background-color: rgba(0, 0, 0, 0.5);\n}\n<\/style>\n\t<\/section>\n\t\n\n\t<section class=\"section\" id=\"section_252157842\">\n\t\t<div class=\"section-bg fill\" >\n\t\t\t\t\t\t\t\t\t\n\t\t\t\n\n\t\t<\/div>\n\n\t\t\n\n\t\t<div class=\"section-content relative\">\n\t\t\t\n\n<div class=\"row row-large align-center\"  id=\"row-189442344\">\n\n\n\t<div id=\"col-694613260\" class=\"col medium-8 small-12 large-8\"  >\n\t\t\t\t<div class=\"col-inner text-center\"  >\n\t\t\t\n\t\t\t\n\n\t<div id=\"gap-2072736974\" class=\"gap-element clearfix\" style=\"display:block; height:auto;\">\n\t\t\n<style>\n#gap-2072736974 {\n  padding-top: 50px;\n}\n<\/style>\n\t<\/div>\n\t\n\n<h3 class=\"thin-font\" style=\"text-align: center;\"><span style=\"color: #008f70; font-size: 140%;\">Depuis 1954, nous combinons innovation, comp\u00e9tence technique et durabilit\u00e9.<\/span><\/h3>\n<p style=\"text-align: center;\"><span style=\"font-size: 130%;\">Des d\u00e9cennies de d\u00e9vouement \u00e0 offrir des solutions chimiques de classe mondiale qui stimulent le progr\u00e8s industriel de mani\u00e8re responsable et durable. Nous nous engageons \u00e0 continuer de montrer la voie vers un avenir meilleur et plus vert pour tous.<\/span><\/p>\n\t<div id=\"gap-1240662995\" class=\"gap-element clearfix\" style=\"display:block; height:auto;\">\n\t\t\n<style>\n#gap-1240662995 {\n  padding-top: 100px;\n}\n<\/style>\n\t<\/div>\n\t\n\n\n\t\t<\/div>\n\t\t\t\t\n<style>\n#col-694613260 > .col-inner {\n  padding: 0px 10px 0px 10px;\n}\n<\/style>\n\t<\/div>\n\n\t\n\n<\/div>\n<div class=\"row\"  id=\"row-245755792\">\n\n\n\t<div id=\"col-1168187476\" class=\"col medium-5 small-12 large-5\"  >\n\t\t\t\t<div class=\"col-inner text-center\"  >\n\t\t\t\n\t\t\t\n\n\t<div class=\"img has-hover x md-x lg-x y md-y lg-y\" id=\"image_1678127860\">\n\t\t\t\t\t\t\t\t<div class=\"img-inner dark\" style=\"margin:-40px 0px 0px 0px;\">\n\t\t\t<img loading=\"lazy\" decoding=\"async\" width=\"541\" height=\"500\" src=\"https:\/\/teste2.zaon.tech\/wp-content\/uploads\/2024\/10\/Planet_Globe_v3_outubro2024_8bits.png\" class=\"attachment-original size-original\" alt=\"\" srcset=\"https:\/\/teste2.zaon.tech\/wp-content\/uploads\/2024\/10\/Planet_Globe_v3_outubro2024_8bits.png 541w, https:\/\/teste2.zaon.tech\/wp-content\/uploads\/2024\/10\/Planet_Globe_v3_outubro2024_8bits-300x277.png 300w, https:\/\/teste2.zaon.tech\/wp-content\/uploads\/2024\/10\/Planet_Globe_v3_outubro2024_8bits-13x12.png 13w\" sizes=\"auto, (max-width: 541px) 100vw, 541px\" \/>\t\t\t\t\t\t\n\t\t\t\t\t<\/div>\n\t\t\t\t\t\t\t\t\n<style>\n#image_1678127860 {\n  width: 58%;\n}\n@media (min-width:550px) {\n  #image_1678127860 {\n    width: 100%;\n  }\n}\n<\/style>\n\t<\/div>\n\t\n\n\n\t\t<\/div>\n\t\t\t\t\t<\/div>\n\n\t\n\n\t<div id=\"col-1847120685\" class=\"col medium-6 small-12 large-6\"  >\n\t\t\t\t<div class=\"col-inner\"  >\n\t\t\t\n\t\t\t\n\n<h3><span style=\"color: #008f70;\"><b data-stringify-type=\"bold\">Nous sommes \u00e0 l\u2019avant-garde du d\u00e9veloppement de produits chimiques sp\u00e9cialis\u00e9s adapt\u00e9s aux applications industrielles. Nos solutions sont pr\u00e9sentes dans plus de 50 pays dans des secteurs essentiels \u00e0 l&#039;\u00e9conomie mondiale.<\/b><\/span><\/h3>\n<p>Nous d\u00e9veloppons des produits pour ajouter des additifs, am\u00e9liorer les performances, optimiser les processus, assurer la stabilit\u00e9, pr\u00e9server et rendre plus efficaces les produits et processus de nos clients et de leurs marques. Il y a des d\u00e9cennies de recherche et de d\u00e9veloppement enti\u00e8rement ax\u00e9es sur la fiabilit\u00e9 et l&#039;engagement envers nos clients.<\/p>\n\t<div id=\"gap-1362468194\" class=\"gap-element clearfix\" style=\"display:block; height:auto;\">\n\t\t\n<style>\n#gap-1362468194 {\n  padding-top: 10px;\n}\n<\/style>\n\t<\/div>\n\t\n\n<a href=\"https:\/\/teste2.zaon.tech\/fr\/solucoes\/\" class=\"button secondary is-outline is-large lowercase\"  style=\"border-radius:10px;\">\n\t\t<span>Nos solutions et produits<\/span>\n\t<\/a>\n\n\n\n\t\t<\/div>\n\t\t\t\t\t<\/div>\n\n\t\n\n<\/div>\n\n\t\t<\/div>\n\n\t\t\n<style>\n#section_252157842 {\n  padding-top: 0px;\n  padding-bottom: 0px;\n}\n<\/style>\n\t<\/section>\n\t\n\t<div id=\"gap-332032733\" class=\"gap-element clearfix\" style=\"display:block; height:auto;\">\n\t\t\n<style>\n#gap-332032733 {\n  padding-top: 50px;\n}\n<\/style>\n\t<\/div>\n\t\n\n\n\t<section class=\"section dark\" id=\"section_652317746\">\n\t\t<div class=\"section-bg fill\" >\n\t\t\t\t\t\t\t\t\t\n\t\t\t\n\n\t\t<\/div>\n\n\t\t\n\n\t\t<div class=\"section-content relative\">\n\t\t\t\n\n<div class=\"row align-center\"  id=\"row-865481113\">\n\n\n\t<div id=\"col-312220004\" class=\"col medium-5 small-12 large-4\"  >\n\t\t\t\t<div class=\"col-inner text-left\"  >\n\t\t\t\n\t\t\t\n\n\t<div id=\"text-4224522456\" class=\"text\">\n\t\t\n\n<h1><span style=\"font-size: 140%; color: #9eaaad;\">Tout est chimie<\/span><\/h1>\n\t\t\n<style>\n#text-4224522456 {\n  text-align: left;\n}\n<\/style>\n\t<\/div>\n\t\n\n\t\t<\/div>\n\t\t\t\t\n<style>\n#col-312220004 > .col-inner {\n  padding: 0px 0px 0px 15px;\n}\n<\/style>\n\t<\/div>\n\n\t\n\n\t<div id=\"col-1593072775\" class=\"col medium-7 small-11 large-7\"  >\n\t\t\t\t<div class=\"col-inner text-left\"  >\n\t\t\t\n\t\t\t\n\n<p><span style=\"font-size: 115%; color: #8ea7af;\">Nous comprenons que le succ\u00e8s de nos clients est la base de notre travail. C&#039;est pourquoi nous nous engageons \u00e0 offrir un service technique et sp\u00e9cialis\u00e9 qui d\u00e9passe les attentes et \u00e9tablit des relations solides avec nos clients, aboutissant \u00e0 des solutions efficaces.<\/span><\/p>\n<a href=\"https:\/\/teste2.zaon.tech\/fr\/institucional\/\" class=\"button white is-outline is-large lowercase\"  style=\"border-radius:10px;\">\n\t\t<span>D\u00e9couvrez Miracema-Nuodex<\/span>\n\t<\/a>\n\n\n\n\t\t<\/div>\n\t\t\t\t\n<style>\n#col-1593072775 > .col-inner {\n  padding: 0px 10px 0px 10px;\n}\n<\/style>\n\t<\/div>\n\n\t\n\n<\/div>\n\t<div id=\"gap-911704673\" class=\"gap-element clearfix\" style=\"display:block; height:auto;\">\n\t\t\n<style>\n#gap-911704673 {\n  padding-top: 30px;\n}\n<\/style>\n\t<\/div>\n\t\n\n<div class=\"row row-collapse row-full-width align-center\"  id=\"row-421391088\">\n\n\n\t<div id=\"col-1810902981\" class=\"col medium-2 small-12 large-2\"  >\n\t\t\t\t<div class=\"col-inner\"  >\n\t\t\t\n\t\t\t\n\n\t<div id=\"text-2131747934\" class=\"text\">\n\t\t\n\n<h2 style=\"text-align: center;\"><span style=\"color: #2cd1a1; font-size: 300%;\"><span class=\"count-up\">5<\/span><\/span><\/h2>\n<h3 style=\"text-align: center;\"><span style=\"color: #2cd1a1;\"><strong>CONTINENTS<\/strong><\/span><\/h3>\n<p style=\"text-align: center;\"><span style=\"font-weight: 400;\">Exportation de produits vers plus de 50 pays<\/span><\/p>\n\t\t\n<style>\n#text-2131747934 {\n  font-size: 0.75rem;\n}\n@media (min-width:550px) {\n  #text-2131747934 {\n    font-size: 0.75rem;\n  }\n}\n@media (min-width:850px) {\n  #text-2131747934 {\n    font-size: 0.9rem;\n  }\n}\n<\/style>\n\t<\/div>\n\t\n\n\t\t<\/div>\n\t\t\t\t\t<\/div>\n\n\t\n\n\t<div id=\"col-1682121021\" class=\"col medium-2 small-12 large-2\"  >\n\t\t\t\t<div class=\"col-inner\"  >\n\t\t\t\n\t\t\t\n\n\t<div id=\"text-2182576025\" class=\"text\">\n\t\t\n\n<h2 style=\"text-align: center;\"><span style=\"color: #2cd1a1; font-size: 300%;\"><span class=\"count-up\">20<\/span><\/span><\/h2>\n<h3 style=\"text-align: center;\"><span style=\"color: #2cd1a1;\"><strong>MARCH\u00c9S<\/strong><\/span><\/h3>\n<p style=\"text-align: center;\">Peintures, m\u00e9tallurgie, mines, p\u00e9trochimie, construction, papier et cellulose, caoutchoucs, adh\u00e9sifs, plastiques, textiles, cosm\u00e9tiques, produits m\u00e9nagers, lubrifiants, engrais, agro-alimentaire, r\u00e9sines, polyur\u00e9thanes, sucre et alcool, graisses et protection incendie<\/p>\n\t\t\n<style>\n#text-2182576025 {\n  font-size: 0.75rem;\n}\n@media (min-width:550px) {\n  #text-2182576025 {\n    font-size: 0.75rem;\n  }\n}\n@media (min-width:850px) {\n  #text-2182576025 {\n    font-size: 0.9rem;\n  }\n}\n<\/style>\n\t<\/div>\n\t\n\n\t\t<\/div>\n\t\t\t\t\t<\/div>\n\n\t\n\n\t<div id=\"col-214820869\" class=\"col medium-2 small-12 large-2\"  >\n\t\t\t\t<div class=\"col-inner\"  >\n\t\t\t\n\t\t\t\n\n\t<div id=\"text-2006246464\" class=\"text\">\n\t\t\n\n<h1 style=\"text-align: center;\"><span style=\"color: #2cd1a1; font-size: 300%;\"><span class=\"count-up\">100<\/span><\/span><\/h1>\n<h3 style=\"text-align: center;\"><span style=\"color: #2cd1a1;\"><strong>MILLIERS m\u00b2<\/strong><\/span><\/h3>\n<p style=\"text-align: center;\"><span style=\"font-weight: 400;\">Structure situ\u00e9e \u00e0 Campinas\/SP avec une capacit\u00e9 de production \u00e9tendue<\/span><\/p>\n\t\t\n<style>\n#text-2006246464 {\n  font-size: 0.75rem;\n}\n@media (min-width:550px) {\n  #text-2006246464 {\n    font-size: 0.75rem;\n  }\n}\n@media (min-width:850px) {\n  #text-2006246464 {\n    font-size: 0.9rem;\n  }\n}\n<\/style>\n\t<\/div>\n\t\n\n\t\t<\/div>\n\t\t\t\t\t<\/div>\n\n\t\n\n\t<div id=\"col-1222177972\" class=\"col medium-2 small-12 large-2\"  >\n\t\t\t\t<div class=\"col-inner\"  >\n\t\t\t\n\t\t\t\n\n\t<div id=\"text-806923956\" class=\"text\">\n\t\t\n\n<h2 style=\"text-align: center;\"><span style=\"color: #2cd1a1; font-size: 300%;\"><span class=\"count-up\">70<\/span><\/span><\/h2>\n<h3 style=\"text-align: center;\"><span style=\"color: #2cd1a1;\"><strong>ANN\u00c9ES<\/strong><\/span><\/h3>\n<p style=\"text-align: center;\">Depuis 1954 avec des solutions chimiques personnalis\u00e9es pour le march\u00e9 industriel<\/p>\n\t\t\n<style>\n#text-806923956 {\n  font-size: 0.75rem;\n}\n@media (min-width:550px) {\n  #text-806923956 {\n    font-size: 0.75rem;\n  }\n}\n@media (min-width:850px) {\n  #text-806923956 {\n    font-size: 0.9rem;\n  }\n}\n<\/style>\n\t<\/div>\n\t\n\n\t\t<\/div>\n\t\t\t\t\t<\/div>\n\n\t\n\n\t<div id=\"col-2090852476\" class=\"col medium-2 small-12 large-2\"  >\n\t\t\t\t<div class=\"col-inner\"  >\n\t\t\t\n\t\t\t\n\n\t<div id=\"text-1045175718\" class=\"text\">\n\t\t\n\n<h2 style=\"text-align: center;\"><span style=\"color: #2cd1a1; font-size: 300%;\">+<span class=\"count-up\">270<\/span><\/h2>\n<h3 style=\"text-align: center;\"><span style=\"color: #2cd1a1;\"><strong>COLLABORATEURS<\/strong><\/span><\/h3>\n<p style=\"text-align: center;\"><span style=\"font-weight: 400;\">Des professionnels exp\u00e9riment\u00e9s et qualifi\u00e9s pour proposer les meilleures solutions<\/span><\/p>\n\t\t\n<style>\n#text-1045175718 {\n  font-size: 0.75rem;\n}\n@media (min-width:550px) {\n  #text-1045175718 {\n    font-size: 0.75rem;\n  }\n}\n@media (min-width:850px) {\n  #text-1045175718 {\n    font-size: 0.9rem;\n  }\n}\n<\/style>\n\t<\/div>\n\t\n\n\t\t<\/div>\n\t\t\t\t\t<\/div>\n\n\t\n\n\n<style>\n#row-421391088 > .col > .col-inner {\n  padding: 0px 10px 0px 10px;\n}\n<\/style>\n<\/div>\n\n\t\t<\/div>\n\n\t\t\n<style>\n#section_652317746 {\n  padding-top: 80px;\n  padding-bottom: 80px;\n  background-color: rgb(66, 84, 92);\n}\n<\/style>\n\t<\/section>\n\t\n\n\t<section class=\"section\" id=\"section_2142601771\">\n\t\t<div class=\"section-bg fill\" >\n\t\t\t\t\t\t\t\t\t\n\t\t\t\n\n\t\t<\/div>\n\n\t\t\n\n\t\t<div class=\"section-content relative\">\n\t\t\t\n\n<div class=\"row row-large align-middle align-center\"  id=\"row-1494765289\">\n\n\n\t<div id=\"col-524217761\" class=\"col medium-6 small-12 large-6\"  >\n\t\t\t\t<div class=\"col-inner\"  >\n\t\t\t\n\t\t\t\n\n<h3 class=\"thin-font\"><span style=\"color: #008f70;\">La confiance est le fondement de nos relations, de notre engagement \u00e0 honorer le pass\u00e9, \u00e0 valoriser le pr\u00e9sent et \u00e0 construire l&#039;avenir.<\/span><\/h3>\n<p>Nous sommes infatigables dans la poursuite de l&#039;excellence. Gr\u00e2ce \u00e0 des investissements continus dans les infrastructures, l\u2019am\u00e9lioration des processus et la formation des personnes, nous avons toujours une longueur d\u2019avance. Notre infrastructure dispose de ses propres laboratoires de recherche, <strong>Usine de fabrication de 100 000 m\u00b2<\/strong> et des certifications internationales, telles que <strong>OIN 9001. <\/strong>De plus, nous proposons une assistance technique int\u00e9gr\u00e9e et <strong>gestion environnementale compl\u00e8te<\/strong> avec une ma\u00eetrise totale des \u00e9missions polluantes.<\/p>\n<p><span style=\"font-size: 100%;\">\u00a0<\/span><\/p>\n\n<a href=\"https:\/\/teste2.zaon.tech\/fr\/esg\/\" class=\"button secondary is-outline is-large lowercase\"  style=\"border-radius:10px;\">\n\t\t<span>Engagement<\/span>\n\t<\/a>\n\n\n\n\t\t<\/div>\n\t\t\t\t\t<\/div>\n\n\t\n\n\t<div id=\"col-1539527553\" class=\"col medium-5 small-12 large-5\"  >\n\t\t\t\t<div class=\"col-inner\"  >\n\t\t\t\n\t\t\t\n\n\t<div class=\"img has-hover x md-x lg-x y md-y lg-y\" id=\"image_392537233\">\n\t\t\t\t\t\t\t\t<div class=\"img-inner dark\" >\n\t\t\t<img loading=\"lazy\" decoding=\"async\" width=\"473\" height=\"697\" src=\"https:\/\/teste2.zaon.tech\/wp-content\/uploads\/2024\/04\/unidade_destialcao_700px.jpg\" class=\"attachment-original size-original\" alt=\"\" srcset=\"https:\/\/teste2.zaon.tech\/wp-content\/uploads\/2024\/04\/unidade_destialcao_700px.jpg 473w, https:\/\/teste2.zaon.tech\/wp-content\/uploads\/2024\/04\/unidade_destialcao_700px-200x295.jpg 200w, https:\/\/teste2.zaon.tech\/wp-content\/uploads\/2024\/04\/unidade_destialcao_700px-204x300.jpg 204w, https:\/\/teste2.zaon.tech\/wp-content\/uploads\/2024\/04\/unidade_destialcao_700px-8x12.jpg 8w\" sizes=\"auto, (max-width: 473px) 100vw, 473px\" \/>\t\t\t\t\t\t\n\t\t\t\t\t<\/div>\n\t\t\t\t\t\t\t\t\n<style>\n#image_392537233 {\n  width: 77%;\n}\n<\/style>\n\t<\/div>\n\t\n\n\n\t\t<\/div>\n\t\t\t\t\t<\/div>\n\n\t\n\n<\/div>\n\n\t\t<\/div>\n\n\t\t\n<style>\n#section_2142601771 {\n  padding-top: 120px;\n  padding-bottom: 120px;\n}\n<\/style>\n\t<\/section>","protected":false},"excerpt":{"rendered":"","protected":false},"author":3,"featured_media":0,"parent":0,"menu_order":0,"comment_status":"closed","ping_status":"closed","template":"page-blank.php","meta":{"footnotes":""},"class_list":["post-344","page","type-page","status-publish","hentry"],"yoast_head":"<!-- This site is optimized with the Yoast SEO plugin v27.0 - https:\/\/yoast.com\/product\/yoast-seo-wordpress\/ -->\n<title>Miracema-Nuodex | Ind\u00fastria Qu\u00edmica<\/title>\n<meta name=\"description\" content=\"Desde 1954 combinamos inova\u00e7\u00e3o, compet\u00eancia t\u00e9cnica e cuidado ambiental. Especialidades qu\u00edmicas para diversas aplica\u00e7\u00f5es industriais.\" \/>\n<meta name=\"robots\" content=\"noindex, follow, max-snippet:-1, max-image-preview:large, max-video-preview:-1\" \/>\n<meta property=\"og:locale\" content=\"fr_FR\" \/>\n<meta property=\"og:type\" content=\"article\" \/>\n<meta property=\"og:title\" content=\"Miracema-Nuodex | Ind\u00fastria Qu\u00edmica\" \/>\n<meta property=\"og:description\" content=\"Desde 1954 combinamos inova\u00e7\u00e3o, compet\u00eancia t\u00e9cnica e cuidado ambiental. Especialidades qu\u00edmicas para diversas aplica\u00e7\u00f5es industriais.\" \/>\n<meta property=\"og:url\" content=\"https:\/\/teste2.zaon.tech\/fr\/\" \/>\n<meta property=\"og:site_name\" content=\"teste\" \/>\n<meta property=\"article:modified_time\" content=\"2025-04-28T11:50:11+00:00\" \/>\n<meta name=\"twitter:card\" content=\"summary_large_image\" \/>\n<meta name=\"twitter:label1\" content=\"Dur\u00e9e de lecture estim\u00e9e\" \/>\n\t<meta name=\"twitter:data1\" content=\"4 minutes\" \/>\n<script type=\"application\/ld+json\" class=\"yoast-schema-graph\">{\"@context\":\"https:\/\/schema.org\",\"@graph\":[{\"@type\":\"WebPage\",\"@id\":\"https:\/\/teste2.zaon.tech\/\",\"url\":\"https:\/\/teste2.zaon.tech\/\",\"name\":\"Miracema-Nuodex | Ind\u00fastria Qu\u00edmica\",\"isPartOf\":{\"@id\":\"https:\/\/teste2.zaon.tech\/#website\"},\"datePublished\":\"2024-04-26T11:00:02+00:00\",\"dateModified\":\"2025-04-28T11:50:11+00:00\",\"description\":\"Desde 1954 combinamos inova\u00e7\u00e3o, compet\u00eancia t\u00e9cnica e cuidado ambiental. Especialidades qu\u00edmicas para diversas aplica\u00e7\u00f5es industriais.\",\"breadcrumb\":{\"@id\":\"https:\/\/teste2.zaon.tech\/#breadcrumb\"},\"inLanguage\":\"fr-FR\",\"potentialAction\":[{\"@type\":\"ReadAction\",\"target\":[\"https:\/\/teste2.zaon.tech\/\"]}]},{\"@type\":\"BreadcrumbList\",\"@id\":\"https:\/\/teste2.zaon.tech\/#breadcrumb\",\"itemListElement\":[{\"@type\":\"ListItem\",\"position\":1,\"name\":\"In\u00edcio\",\"item\":\"https:\/\/teste2.zaon.tech\/\"},{\"@type\":\"ListItem\",\"position\":2,\"name\":\"Qu\u00edmica em Tudo\"}]},{\"@type\":\"WebSite\",\"@id\":\"https:\/\/teste2.zaon.tech\/#website\",\"url\":\"https:\/\/teste2.zaon.tech\/\",\"name\":\"Miracema-Nuodex\",\"description\":\"Qu\u00edmica em Tudo\",\"publisher\":{\"@id\":\"https:\/\/teste2.zaon.tech\/#organization\"},\"potentialAction\":[{\"@type\":\"SearchAction\",\"target\":{\"@type\":\"EntryPoint\",\"urlTemplate\":\"https:\/\/teste2.zaon.tech\/?s={search_term_string}\"},\"query-input\":{\"@type\":\"PropertyValueSpecification\",\"valueRequired\":true,\"valueName\":\"search_term_string\"}}],\"inLanguage\":\"fr-FR\"},{\"@type\":\"Organization\",\"@id\":\"https:\/\/teste2.zaon.tech\/#organization\",\"name\":\"Miracema-Nuodex\",\"url\":\"https:\/\/teste2.zaon.tech\/\",\"logo\":{\"@type\":\"ImageObject\",\"inLanguage\":\"fr-FR\",\"@id\":\"https:\/\/teste2.zaon.tech\/#\/schema\/logo\/image\/\",\"url\":\"https:\/\/teste2.zaon.tech\/wp-content\/uploads\/2024\/04\/Miracema_Nuodex_Vertical_Original.png\",\"contentUrl\":\"https:\/\/teste2.zaon.tech\/wp-content\/uploads\/2024\/04\/Miracema_Nuodex_Vertical_Original.png\",\"width\":400,\"height\":200,\"caption\":\"Miracema-Nuodex\"},\"image\":{\"@id\":\"https:\/\/teste2.zaon.tech\/#\/schema\/logo\/image\/\"}}]}<\/script>\n<!-- \/ Yoast SEO plugin. -->","yoast_head_json":{"title":"Miracema-Nuodex | Ind\u00fastria Qu\u00edmica","description":"Desde 1954 combinamos inova\u00e7\u00e3o, compet\u00eancia t\u00e9cnica e cuidado ambiental. Especialidades qu\u00edmicas para diversas aplica\u00e7\u00f5es industriais.","robots":{"index":"noindex","follow":"follow","max-snippet":"max-snippet:-1","max-image-preview":"max-image-preview:large","max-video-preview":"max-video-preview:-1"},"og_locale":"fr_FR","og_type":"article","og_title":"Miracema-Nuodex | Ind\u00fastria Qu\u00edmica","og_description":"Desde 1954 combinamos inova\u00e7\u00e3o, compet\u00eancia t\u00e9cnica e cuidado ambiental. Especialidades qu\u00edmicas para diversas aplica\u00e7\u00f5es industriais.","og_url":"https:\/\/teste2.zaon.tech\/fr\/","og_site_name":"teste","article_modified_time":"2025-04-28T11:50:11+00:00","twitter_card":"summary_large_image","twitter_misc":{"Dur\u00e9e de lecture estim\u00e9e":"4 minutes"},"schema":{"@context":"https:\/\/schema.org","@graph":[{"@type":"WebPage","@id":"https:\/\/teste2.zaon.tech\/","url":"https:\/\/teste2.zaon.tech\/","name":"Miracema-Nuodex | Ind\u00fastria Qu\u00edmica","isPartOf":{"@id":"https:\/\/teste2.zaon.tech\/#website"},"datePublished":"2024-04-26T11:00:02+00:00","dateModified":"2025-04-28T11:50:11+00:00","description":"Desde 1954 combinamos inova\u00e7\u00e3o, compet\u00eancia t\u00e9cnica e cuidado ambiental. Especialidades qu\u00edmicas para diversas aplica\u00e7\u00f5es industriais.","breadcrumb":{"@id":"https:\/\/teste2.zaon.tech\/#breadcrumb"},"inLanguage":"fr-FR","potentialAction":[{"@type":"ReadAction","target":["https:\/\/teste2.zaon.tech\/"]}]},{"@type":"BreadcrumbList","@id":"https:\/\/teste2.zaon.tech\/#breadcrumb","itemListElement":[{"@type":"ListItem","position":1,"name":"In\u00edcio","item":"https:\/\/teste2.zaon.tech\/"},{"@type":"ListItem","position":2,"name":"Qu\u00edmica em Tudo"}]},{"@type":"WebSite","@id":"https:\/\/teste2.zaon.tech\/#website","url":"https:\/\/teste2.zaon.tech\/","name":"Miracema-Nuodex","description":"La chimie dans tout","publisher":{"@id":"https:\/\/teste2.zaon.tech\/#organization"},"potentialAction":[{"@type":"SearchAction","target":{"@type":"EntryPoint","urlTemplate":"https:\/\/teste2.zaon.tech\/?s={search_term_string}"},"query-input":{"@type":"PropertyValueSpecification","valueRequired":true,"valueName":"search_term_string"}}],"inLanguage":"fr-FR"},{"@type":"Organization","@id":"https:\/\/teste2.zaon.tech\/#organization","name":"Miracema-Nuodex","url":"https:\/\/teste2.zaon.tech\/","logo":{"@type":"ImageObject","inLanguage":"fr-FR","@id":"https:\/\/teste2.zaon.tech\/#\/schema\/logo\/image\/","url":"https:\/\/teste2.zaon.tech\/wp-content\/uploads\/2024\/04\/Miracema_Nuodex_Vertical_Original.png","contentUrl":"https:\/\/teste2.zaon.tech\/wp-content\/uploads\/2024\/04\/Miracema_Nuodex_Vertical_Original.png","width":400,"height":200,"caption":"Miracema-Nuodex"},"image":{"@id":"https:\/\/teste2.zaon.tech\/#\/schema\/logo\/image\/"}}]}},"_links":{"self":[{"href":"https:\/\/teste2.zaon.tech\/fr\/wp-json\/wp\/v2\/pages\/344","targetHints":{"allow":["GET"]}}],"collection":[{"href":"https:\/\/teste2.zaon.tech\/fr\/wp-json\/wp\/v2\/pages"}],"about":[{"href":"https:\/\/teste2.zaon.tech\/fr\/wp-json\/wp\/v2\/types\/page"}],"author":[{"embeddable":true,"href":"https:\/\/teste2.zaon.tech\/fr\/wp-json\/wp\/v2\/users\/3"}],"replies":[{"embeddable":true,"href":"https:\/\/teste2.zaon.tech\/fr\/wp-json\/wp\/v2\/comments?post=344"}],"version-history":[{"count":124,"href":"https:\/\/teste2.zaon.tech\/fr\/wp-json\/wp\/v2\/pages\/344\/revisions"}],"predecessor-version":[{"id":1889,"href":"https:\/\/teste2.zaon.tech\/fr\/wp-json\/wp\/v2\/pages\/344\/revisions\/1889"}],"wp:attachment":[{"href":"https:\/\/teste2.zaon.tech\/fr\/wp-json\/wp\/v2\/media?parent=344"}],"curies":[{"name":"wp","href":"https:\/\/api.w.org\/{rel}","templated":true}]}}