{"id":1115,"date":"2024-08-30T18:23:07","date_gmt":"2024-08-30T21:23:07","guid":{"rendered":"https:\/\/miracema-nuodex.tech\/?page_id=1115"},"modified":"2025-04-28T08:49:41","modified_gmt":"2025-04-28T11:49:41","slug":"visao-missao-e-valores","status":"publish","type":"page","link":"https:\/\/teste2.zaon.tech\/fr\/visao-missao-e-valores\/","title":{"rendered":"Vision, mission et valeurs"},"content":{"rendered":"<h4><span data-text-color=\"secondary\"><strong>Mission, vision et valeurs<\/strong><\/span><\/h4>\n<p>\u00a0<\/p>\n<p>Miracema-Nuodex est une industrie chimique br\u00e9silienne fond\u00e9e en 1954, situ\u00e9e dans la ville de Campinas, \u00e9tat de S\u00e3o Paulo, et a pour objectif de fournir, pour les march\u00e9s nationaux et internationaux, des produits chimiques \u00e0 ses clients, qui sont, pour la plupart d&#039;une part, d&#039;autres entreprises de divers segments qui transforment ces produits en d&#039;innombrables mat\u00e9riaux industrialis\u00e9s.<\/p>\n<p>Dans ce contexte, afin de soutenir son orientation strat\u00e9gique, il \u00e9tablit :<\/p>\n<ul>\n<li><span data-text-color=\"secondary\"><strong>Vision: <\/strong><\/span>rester une entreprise de r\u00e9f\u00e9rence dans la fourniture de produits chimiques, \u00e0 travers des actions engag\u00e9es en faveur de la qualit\u00e9, de l&#039;innovation, de la durabilit\u00e9 et de la s\u00e9curit\u00e9.<\/li>\n<\/ul>\n<p>\u00a0<\/p>\n<ul>\n<li><span data-text-color=\"secondary\"><strong>Mission<\/strong>:<\/span> d\u00e9velopper, fabriquer et vendre des produits et services chimiques associ\u00e9s \u00e0 la qualit\u00e9, \u00e0 la durabilit\u00e9 et \u00e0 la s\u00e9curit\u00e9, afin de g\u00e9n\u00e9rer de la valeur pour nos clients, fournisseurs, employ\u00e9s, communaut\u00e9 et partenaires.<\/li>\n<\/ul>\n<p>\u00a0<\/p>\n<ul>\n<li><span data-text-color=\"secondary\"><strong>Valeurs:<\/strong><\/span><\/li>\n<\/ul>\n<p><strong>Innovation<\/strong>: nous recherchons continuellement de nouvelles solutions et am\u00e9liorations des produits et des services et processus associ\u00e9s\u00a0;<\/p>\n<p><strong>Durabilit\u00e9<\/strong>: nous nous engageons en faveur de la responsabilit\u00e9 sociale, du respect de l&#039;environnement et de la comp\u00e9titivit\u00e9 \u00e9conomique ;<\/p>\n<p><strong>Int\u00e9grit\u00e9 (\u00e9thique)<\/strong>: nous pratiquons l&#039;honn\u00eatet\u00e9, la confidentialit\u00e9, le s\u00e9rieux et la transparence dans les relations avec nos partenaires ;<\/p>\n<p><strong>Respect des personnes<\/strong>: nous reconnaissons les diff\u00e9rences de valeurs individuelles et culturelles, traitant chacun avec respect et dignit\u00e9 ;<\/p>\n<p><strong>Qualit\u00e9<\/strong>: c&#039;est incontestable ! Nous recherchons toujours des am\u00e9liorations dans nos processus, produits et services associ\u00e9s\u00a0;<\/p>\n<p><strong>S\u00e9curit\u00e9<\/strong>: nous ne le faisons qu\u2019apr\u00e8s avoir \u00e9valu\u00e9, identifi\u00e9, \u00e9limin\u00e9 ou att\u00e9nu\u00e9 les risques encourus.<\/p>\n<p>\u00a0<\/p>\n<p><strong>Novembre 2016<\/strong><\/p>","protected":false},"excerpt":{"rendered":"","protected":false},"author":3,"featured_media":0,"parent":0,"menu_order":0,"comment_status":"closed","ping_status":"closed","template":"","meta":{"footnotes":""},"class_list":["post-1115","page","type-page","status-publish","hentry"],"yoast_head":"<!-- This site is optimized with the Yoast SEO plugin v27.0 - https:\/\/yoast.com\/product\/yoast-seo-wordpress\/ -->\n<title>Vis\u00e3o, Miss\u00e3o e Valores - teste<\/title>\n<meta name=\"description\" content=\"Miracema-Nuodex, ind\u00fastria qu\u00edmica fundada em 1954 em Campinas, fornece produtos qu\u00edmicos para mercados nacional e internacional e m\u00faltiplos segmentos.\" \/>\n<meta name=\"robots\" content=\"noindex, follow, max-snippet:-1, max-image-preview:large, max-video-preview:-1\" \/>\n<meta property=\"og:locale\" content=\"fr_FR\" \/>\n<meta property=\"og:type\" content=\"article\" \/>\n<meta property=\"og:title\" content=\"Vis\u00e3o, Miss\u00e3o e Valores - teste\" \/>\n<meta property=\"og:description\" content=\"Miracema-Nuodex, ind\u00fastria qu\u00edmica fundada em 1954 em Campinas, fornece produtos qu\u00edmicos para mercados nacional e internacional e m\u00faltiplos segmentos.\" \/>\n<meta property=\"og:url\" content=\"https:\/\/teste2.zaon.tech\/fr\/visao-missao-e-valores\/\" \/>\n<meta property=\"og:site_name\" content=\"teste\" \/>\n<meta property=\"article:modified_time\" content=\"2025-04-28T11:49:41+00:00\" \/>\n<meta name=\"twitter:card\" content=\"summary_large_image\" \/>\n<meta name=\"twitter:label1\" content=\"Dur\u00e9e de lecture estim\u00e9e\" \/>\n\t<meta name=\"twitter:data1\" content=\"2 minutes\" \/>\n<script type=\"application\/ld+json\" class=\"yoast-schema-graph\">{\"@context\":\"https:\/\/schema.org\",\"@graph\":[{\"@type\":\"WebPage\",\"@id\":\"https:\/\/teste2.zaon.tech\/visao-missao-e-valores\/\",\"url\":\"https:\/\/teste2.zaon.tech\/visao-missao-e-valores\/\",\"name\":\"Vis\u00e3o, Miss\u00e3o e Valores - teste\",\"isPartOf\":{\"@id\":\"https:\/\/teste2.zaon.tech\/#website\"},\"datePublished\":\"2024-08-30T21:23:07+00:00\",\"dateModified\":\"2025-04-28T11:49:41+00:00\",\"description\":\"Miracema-Nuodex, ind\u00fastria qu\u00edmica fundada em 1954 em Campinas, fornece produtos qu\u00edmicos para mercados nacional e internacional e m\u00faltiplos segmentos.\",\"breadcrumb\":{\"@id\":\"https:\/\/teste2.zaon.tech\/visao-missao-e-valores\/#breadcrumb\"},\"inLanguage\":\"fr-FR\",\"potentialAction\":[{\"@type\":\"ReadAction\",\"target\":[\"https:\/\/teste2.zaon.tech\/visao-missao-e-valores\/\"]}]},{\"@type\":\"BreadcrumbList\",\"@id\":\"https:\/\/teste2.zaon.tech\/visao-missao-e-valores\/#breadcrumb\",\"itemListElement\":[{\"@type\":\"ListItem\",\"position\":1,\"name\":\"In\u00edcio\",\"item\":\"https:\/\/teste2.zaon.tech\/\"},{\"@type\":\"ListItem\",\"position\":2,\"name\":\"Vis\u00e3o, Miss\u00e3o e Valores\"}]},{\"@type\":\"WebSite\",\"@id\":\"https:\/\/teste2.zaon.tech\/#website\",\"url\":\"https:\/\/teste2.zaon.tech\/\",\"name\":\"Miracema-Nuodex\",\"description\":\"Qu\u00edmica em Tudo\",\"publisher\":{\"@id\":\"https:\/\/teste2.zaon.tech\/#organization\"},\"potentialAction\":[{\"@type\":\"SearchAction\",\"target\":{\"@type\":\"EntryPoint\",\"urlTemplate\":\"https:\/\/teste2.zaon.tech\/?s={search_term_string}\"},\"query-input\":{\"@type\":\"PropertyValueSpecification\",\"valueRequired\":true,\"valueName\":\"search_term_string\"}}],\"inLanguage\":\"fr-FR\"},{\"@type\":\"Organization\",\"@id\":\"https:\/\/teste2.zaon.tech\/#organization\",\"name\":\"Miracema-Nuodex\",\"url\":\"https:\/\/teste2.zaon.tech\/\",\"logo\":{\"@type\":\"ImageObject\",\"inLanguage\":\"fr-FR\",\"@id\":\"https:\/\/teste2.zaon.tech\/#\/schema\/logo\/image\/\",\"url\":\"https:\/\/teste2.zaon.tech\/wp-content\/uploads\/2024\/04\/Miracema_Nuodex_Vertical_Original.png\",\"contentUrl\":\"https:\/\/teste2.zaon.tech\/wp-content\/uploads\/2024\/04\/Miracema_Nuodex_Vertical_Original.png\",\"width\":400,\"height\":200,\"caption\":\"Miracema-Nuodex\"},\"image\":{\"@id\":\"https:\/\/teste2.zaon.tech\/#\/schema\/logo\/image\/\"}}]}<\/script>\n<!-- \/ Yoast SEO plugin. -->","yoast_head_json":{"title":"Vis\u00e3o, Miss\u00e3o e Valores - teste","description":"Miracema-Nuodex, ind\u00fastria qu\u00edmica fundada em 1954 em Campinas, fornece produtos qu\u00edmicos para mercados nacional e internacional e m\u00faltiplos segmentos.","robots":{"index":"noindex","follow":"follow","max-snippet":"max-snippet:-1","max-image-preview":"max-image-preview:large","max-video-preview":"max-video-preview:-1"},"og_locale":"fr_FR","og_type":"article","og_title":"Vis\u00e3o, Miss\u00e3o e Valores - teste","og_description":"Miracema-Nuodex, ind\u00fastria qu\u00edmica fundada em 1954 em Campinas, fornece produtos qu\u00edmicos para mercados nacional e internacional e m\u00faltiplos segmentos.","og_url":"https:\/\/teste2.zaon.tech\/fr\/visao-missao-e-valores\/","og_site_name":"teste","article_modified_time":"2025-04-28T11:49:41+00:00","twitter_card":"summary_large_image","twitter_misc":{"Dur\u00e9e de lecture estim\u00e9e":"2 minutes"},"schema":{"@context":"https:\/\/schema.org","@graph":[{"@type":"WebPage","@id":"https:\/\/teste2.zaon.tech\/visao-missao-e-valores\/","url":"https:\/\/teste2.zaon.tech\/visao-missao-e-valores\/","name":"Vis\u00e3o, Miss\u00e3o e Valores - teste","isPartOf":{"@id":"https:\/\/teste2.zaon.tech\/#website"},"datePublished":"2024-08-30T21:23:07+00:00","dateModified":"2025-04-28T11:49:41+00:00","description":"Miracema-Nuodex, ind\u00fastria qu\u00edmica fundada em 1954 em Campinas, fornece produtos qu\u00edmicos para mercados nacional e internacional e m\u00faltiplos segmentos.","breadcrumb":{"@id":"https:\/\/teste2.zaon.tech\/visao-missao-e-valores\/#breadcrumb"},"inLanguage":"fr-FR","potentialAction":[{"@type":"ReadAction","target":["https:\/\/teste2.zaon.tech\/visao-missao-e-valores\/"]}]},{"@type":"BreadcrumbList","@id":"https:\/\/teste2.zaon.tech\/visao-missao-e-valores\/#breadcrumb","itemListElement":[{"@type":"ListItem","position":1,"name":"In\u00edcio","item":"https:\/\/teste2.zaon.tech\/"},{"@type":"ListItem","position":2,"name":"Vis\u00e3o, Miss\u00e3o e Valores"}]},{"@type":"WebSite","@id":"https:\/\/teste2.zaon.tech\/#website","url":"https:\/\/teste2.zaon.tech\/","name":"Miracema-Nuodex","description":"La chimie dans tout","publisher":{"@id":"https:\/\/teste2.zaon.tech\/#organization"},"potentialAction":[{"@type":"SearchAction","target":{"@type":"EntryPoint","urlTemplate":"https:\/\/teste2.zaon.tech\/?s={search_term_string}"},"query-input":{"@type":"PropertyValueSpecification","valueRequired":true,"valueName":"search_term_string"}}],"inLanguage":"fr-FR"},{"@type":"Organization","@id":"https:\/\/teste2.zaon.tech\/#organization","name":"Miracema-Nuodex","url":"https:\/\/teste2.zaon.tech\/","logo":{"@type":"ImageObject","inLanguage":"fr-FR","@id":"https:\/\/teste2.zaon.tech\/#\/schema\/logo\/image\/","url":"https:\/\/teste2.zaon.tech\/wp-content\/uploads\/2024\/04\/Miracema_Nuodex_Vertical_Original.png","contentUrl":"https:\/\/teste2.zaon.tech\/wp-content\/uploads\/2024\/04\/Miracema_Nuodex_Vertical_Original.png","width":400,"height":200,"caption":"Miracema-Nuodex"},"image":{"@id":"https:\/\/teste2.zaon.tech\/#\/schema\/logo\/image\/"}}]}},"_links":{"self":[{"href":"https:\/\/teste2.zaon.tech\/fr\/wp-json\/wp\/v2\/pages\/1115","targetHints":{"allow":["GET"]}}],"collection":[{"href":"https:\/\/teste2.zaon.tech\/fr\/wp-json\/wp\/v2\/pages"}],"about":[{"href":"https:\/\/teste2.zaon.tech\/fr\/wp-json\/wp\/v2\/types\/page"}],"author":[{"embeddable":true,"href":"https:\/\/teste2.zaon.tech\/fr\/wp-json\/wp\/v2\/users\/3"}],"replies":[{"embeddable":true,"href":"https:\/\/teste2.zaon.tech\/fr\/wp-json\/wp\/v2\/comments?post=1115"}],"version-history":[{"count":5,"href":"https:\/\/teste2.zaon.tech\/fr\/wp-json\/wp\/v2\/pages\/1115\/revisions"}],"predecessor-version":[{"id":1884,"href":"https:\/\/teste2.zaon.tech\/fr\/wp-json\/wp\/v2\/pages\/1115\/revisions\/1884"}],"wp:attachment":[{"href":"https:\/\/teste2.zaon.tech\/fr\/wp-json\/wp\/v2\/media?parent=1115"}],"curies":[{"name":"wp","href":"https:\/\/api.w.org\/{rel}","templated":true}]}}