{"id":1112,"date":"2024-08-30T18:19:59","date_gmt":"2024-08-30T21:19:59","guid":{"rendered":"https:\/\/miracema-nuodex.tech\/?page_id=1112"},"modified":"2024-10-29T08:56:38","modified_gmt":"2024-10-29T11:56:38","slug":"politica-de-qualidade","status":"publish","type":"page","link":"https:\/\/teste2.zaon.tech\/fr\/politica-de-qualidade\/","title":{"rendered":"Politique Qualit\u00e9"},"content":{"rendered":"<p>Miracema-Nuodex est une industrie chimique br\u00e9silienne fond\u00e9e en 1954, situ\u00e9e dans la ville de Campinas, \u00e9tat de S\u00e3o Paulo, et a pour objectif de fournir, pour les march\u00e9s nationaux et internationaux, des produits chimiques \u00e0 ses clients, qui sont, pour la plupart d&#039;une part, d&#039;autres entreprises de divers segments qui transforment ces produits en d&#039;innombrables mat\u00e9riaux industrialis\u00e9s.<br \/>Dans ce contexte, afin de soutenir son orientation strat\u00e9gique, il \u00e9tablit :<\/p>\n<p>\u00a0<\/p>\n<p><span data-text-color=\"secondary\"><strong>Politique Qualit\u00e9<\/strong><\/span><\/p>\n<p>D\u00e9velopper, produire et fournir des produits chimiques pour satisfaire les exigences initiales et continues de qualit\u00e9 et de performance des clients.<br \/>Veiller \u00e0 ce que tous les employ\u00e9s s&#039;engagent \u00e0 r\u00e9pondre aux exigences et \u00e0 am\u00e9liorer continuellement l&#039;efficacit\u00e9 du syst\u00e8me de gestion de la qualit\u00e9.<\/p>\n<p>\u00a0<\/p>\n<p><span data-text-color=\"secondary\"><strong>Rendez-vous<\/strong><\/span><\/p>\n<p>\u2022 Innover constamment la gamme de produits;<br \/>\u2022 Am\u00e9liorer continuellement l&#039;efficacit\u00e9 du syst\u00e8me de gestion de la qualit\u00e9;<br \/>\u2022 Contr\u00f4ler les proc\u00e9d\u00e9s de fabrication afin d&#039;assurer les exigences de qualit\u00e9 \u00e9tablies pour les produits;<br \/>\u2022 Aborder des actions pr\u00e9ventives dans vos processus et prendre des actions correctives chaque fois que des \u00e9carts surviennent par rapport aux exigences sp\u00e9cifi\u00e9es\u00a0;<br \/>\u2022 Former les employ\u00e9s pour les sensibiliser \u00e0 la politique et au syst\u00e8me qualit\u00e9\u00a0;<br \/>\u2022 \u00c9tablir, mesurer et suivre les objectifs de qualit\u00e9 ;<br \/>\u2022 Satisfaire aux attentes, exigences sp\u00e9cifi\u00e9es, statutaires et r\u00e9glementaires des parties int\u00e9ress\u00e9es pertinentes au syst\u00e8me de gestion de la qualit\u00e9.<\/p>\n<p>\u00a0<\/p>\n<p><strong>R\u00e9v.3 (novembre 2016)<\/strong><\/p>","protected":false},"excerpt":{"rendered":"","protected":false},"author":3,"featured_media":0,"parent":0,"menu_order":0,"comment_status":"closed","ping_status":"closed","template":"","meta":{"footnotes":""},"class_list":["post-1112","page","type-page","status-publish","hentry"],"yoast_head":"<!-- This site is optimized with the Yoast SEO plugin v27.0 - https:\/\/yoast.com\/product\/yoast-seo-wordpress\/ -->\n<title>Pol\u00edtica de Qualidade | teste<\/title>\n<meta name=\"description\" content=\"Desenvolver, produzir e fornecer produtos qu\u00edmicos de forma a satisfazer os requisitos iniciais e cont\u00ednuos de qualidade e desempenho nos clientes.\" \/>\n<meta name=\"robots\" content=\"noindex, follow, max-snippet:-1, max-image-preview:large, max-video-preview:-1\" \/>\n<meta property=\"og:locale\" content=\"fr_FR\" \/>\n<meta property=\"og:type\" content=\"article\" \/>\n<meta property=\"og:title\" content=\"Pol\u00edtica de Qualidade | teste\" \/>\n<meta property=\"og:description\" content=\"Desenvolver, produzir e fornecer produtos qu\u00edmicos de forma a satisfazer os requisitos iniciais e cont\u00ednuos de qualidade e desempenho nos clientes.\" \/>\n<meta property=\"og:url\" content=\"https:\/\/teste2.zaon.tech\/fr\/politica-de-qualidade\/\" \/>\n<meta property=\"og:site_name\" content=\"teste\" \/>\n<meta property=\"article:modified_time\" content=\"2024-10-29T11:56:38+00:00\" \/>\n<meta name=\"twitter:card\" content=\"summary_large_image\" \/>\n<meta name=\"twitter:label1\" content=\"Dur\u00e9e de lecture estim\u00e9e\" \/>\n\t<meta name=\"twitter:data1\" content=\"2 minutes\" \/>\n<script type=\"application\/ld+json\" class=\"yoast-schema-graph\">{\"@context\":\"https:\/\/schema.org\",\"@graph\":[{\"@type\":\"WebPage\",\"@id\":\"https:\/\/teste2.zaon.tech\/politica-de-qualidade\/\",\"url\":\"https:\/\/teste2.zaon.tech\/politica-de-qualidade\/\",\"name\":\"Pol\u00edtica de Qualidade | teste\",\"isPartOf\":{\"@id\":\"https:\/\/teste2.zaon.tech\/#website\"},\"datePublished\":\"2024-08-30T21:19:59+00:00\",\"dateModified\":\"2024-10-29T11:56:38+00:00\",\"description\":\"Desenvolver, produzir e fornecer produtos qu\u00edmicos de forma a satisfazer os requisitos iniciais e cont\u00ednuos de qualidade e desempenho nos clientes.\",\"breadcrumb\":{\"@id\":\"https:\/\/teste2.zaon.tech\/politica-de-qualidade\/#breadcrumb\"},\"inLanguage\":\"fr-FR\",\"potentialAction\":[{\"@type\":\"ReadAction\",\"target\":[\"https:\/\/teste2.zaon.tech\/politica-de-qualidade\/\"]}]},{\"@type\":\"BreadcrumbList\",\"@id\":\"https:\/\/teste2.zaon.tech\/politica-de-qualidade\/#breadcrumb\",\"itemListElement\":[{\"@type\":\"ListItem\",\"position\":1,\"name\":\"In\u00edcio\",\"item\":\"https:\/\/teste2.zaon.tech\/\"},{\"@type\":\"ListItem\",\"position\":2,\"name\":\"Pol\u00edtica de Qualidade\"}]},{\"@type\":\"WebSite\",\"@id\":\"https:\/\/teste2.zaon.tech\/#website\",\"url\":\"https:\/\/teste2.zaon.tech\/\",\"name\":\"Miracema-Nuodex\",\"description\":\"Qu\u00edmica em Tudo\",\"publisher\":{\"@id\":\"https:\/\/teste2.zaon.tech\/#organization\"},\"potentialAction\":[{\"@type\":\"SearchAction\",\"target\":{\"@type\":\"EntryPoint\",\"urlTemplate\":\"https:\/\/teste2.zaon.tech\/?s={search_term_string}\"},\"query-input\":{\"@type\":\"PropertyValueSpecification\",\"valueRequired\":true,\"valueName\":\"search_term_string\"}}],\"inLanguage\":\"fr-FR\"},{\"@type\":\"Organization\",\"@id\":\"https:\/\/teste2.zaon.tech\/#organization\",\"name\":\"Miracema-Nuodex\",\"url\":\"https:\/\/teste2.zaon.tech\/\",\"logo\":{\"@type\":\"ImageObject\",\"inLanguage\":\"fr-FR\",\"@id\":\"https:\/\/teste2.zaon.tech\/#\/schema\/logo\/image\/\",\"url\":\"https:\/\/teste2.zaon.tech\/wp-content\/uploads\/2024\/04\/Miracema_Nuodex_Vertical_Original.png\",\"contentUrl\":\"https:\/\/teste2.zaon.tech\/wp-content\/uploads\/2024\/04\/Miracema_Nuodex_Vertical_Original.png\",\"width\":400,\"height\":200,\"caption\":\"Miracema-Nuodex\"},\"image\":{\"@id\":\"https:\/\/teste2.zaon.tech\/#\/schema\/logo\/image\/\"}}]}<\/script>\n<!-- \/ Yoast SEO plugin. -->","yoast_head_json":{"title":"Pol\u00edtica de Qualidade | teste","description":"D\u00e9velopper, produire et fournir des produits chimiques pour satisfaire les exigences initiales et continues de qualit\u00e9 et de performance des clients.","robots":{"index":"noindex","follow":"follow","max-snippet":"max-snippet:-1","max-image-preview":"max-image-preview:large","max-video-preview":"max-video-preview:-1"},"og_locale":"fr_FR","og_type":"article","og_title":"Pol\u00edtica de Qualidade | teste","og_description":"Desenvolver, produzir e fornecer produtos qu\u00edmicos de forma a satisfazer os requisitos iniciais e cont\u00ednuos de qualidade e desempenho nos clientes.","og_url":"https:\/\/teste2.zaon.tech\/fr\/politica-de-qualidade\/","og_site_name":"teste","article_modified_time":"2024-10-29T11:56:38+00:00","twitter_card":"summary_large_image","twitter_misc":{"Dur\u00e9e de lecture estim\u00e9e":"2 minutes"},"schema":{"@context":"https:\/\/schema.org","@graph":[{"@type":"WebPage","@id":"https:\/\/teste2.zaon.tech\/politica-de-qualidade\/","url":"https:\/\/teste2.zaon.tech\/politica-de-qualidade\/","name":"Pol\u00edtica de Qualidade | teste","isPartOf":{"@id":"https:\/\/teste2.zaon.tech\/#website"},"datePublished":"2024-08-30T21:19:59+00:00","dateModified":"2024-10-29T11:56:38+00:00","description":"D\u00e9velopper, produire et fournir des produits chimiques pour satisfaire les exigences initiales et continues de qualit\u00e9 et de performance des clients.","breadcrumb":{"@id":"https:\/\/teste2.zaon.tech\/politica-de-qualidade\/#breadcrumb"},"inLanguage":"fr-FR","potentialAction":[{"@type":"ReadAction","target":["https:\/\/teste2.zaon.tech\/politica-de-qualidade\/"]}]},{"@type":"BreadcrumbList","@id":"https:\/\/teste2.zaon.tech\/politica-de-qualidade\/#breadcrumb","itemListElement":[{"@type":"ListItem","position":1,"name":"In\u00edcio","item":"https:\/\/teste2.zaon.tech\/"},{"@type":"ListItem","position":2,"name":"Pol\u00edtica de Qualidade"}]},{"@type":"WebSite","@id":"https:\/\/teste2.zaon.tech\/#website","url":"https:\/\/teste2.zaon.tech\/","name":"Miracema-Nuodex","description":"La chimie dans tout","publisher":{"@id":"https:\/\/teste2.zaon.tech\/#organization"},"potentialAction":[{"@type":"SearchAction","target":{"@type":"EntryPoint","urlTemplate":"https:\/\/teste2.zaon.tech\/?s={search_term_string}"},"query-input":{"@type":"PropertyValueSpecification","valueRequired":true,"valueName":"search_term_string"}}],"inLanguage":"fr-FR"},{"@type":"Organization","@id":"https:\/\/teste2.zaon.tech\/#organization","name":"Miracema-Nuodex","url":"https:\/\/teste2.zaon.tech\/","logo":{"@type":"ImageObject","inLanguage":"fr-FR","@id":"https:\/\/teste2.zaon.tech\/#\/schema\/logo\/image\/","url":"https:\/\/teste2.zaon.tech\/wp-content\/uploads\/2024\/04\/Miracema_Nuodex_Vertical_Original.png","contentUrl":"https:\/\/teste2.zaon.tech\/wp-content\/uploads\/2024\/04\/Miracema_Nuodex_Vertical_Original.png","width":400,"height":200,"caption":"Miracema-Nuodex"},"image":{"@id":"https:\/\/teste2.zaon.tech\/#\/schema\/logo\/image\/"}}]}},"_links":{"self":[{"href":"https:\/\/teste2.zaon.tech\/fr\/wp-json\/wp\/v2\/pages\/1112","targetHints":{"allow":["GET"]}}],"collection":[{"href":"https:\/\/teste2.zaon.tech\/fr\/wp-json\/wp\/v2\/pages"}],"about":[{"href":"https:\/\/teste2.zaon.tech\/fr\/wp-json\/wp\/v2\/types\/page"}],"author":[{"embeddable":true,"href":"https:\/\/teste2.zaon.tech\/fr\/wp-json\/wp\/v2\/users\/3"}],"replies":[{"embeddable":true,"href":"https:\/\/teste2.zaon.tech\/fr\/wp-json\/wp\/v2\/comments?post=1112"}],"version-history":[{"count":5,"href":"https:\/\/teste2.zaon.tech\/fr\/wp-json\/wp\/v2\/pages\/1112\/revisions"}],"predecessor-version":[{"id":1255,"href":"https:\/\/teste2.zaon.tech\/fr\/wp-json\/wp\/v2\/pages\/1112\/revisions\/1255"}],"wp:attachment":[{"href":"https:\/\/teste2.zaon.tech\/fr\/wp-json\/wp\/v2\/media?parent=1112"}],"curies":[{"name":"wp","href":"https:\/\/api.w.org\/{rel}","templated":true}]}}