{"id":1103,"date":"2024-08-30T18:11:50","date_gmt":"2024-08-30T21:11:50","guid":{"rendered":"https:\/\/miracema-nuodex.tech\/?page_id=1103"},"modified":"2024-10-29T08:56:49","modified_gmt":"2024-10-29T11:56:49","slug":"politica-ambiental-2","status":"publish","type":"page","link":"https:\/\/teste2.zaon.tech\/fr\/politica-ambiental-2\/","title":{"rendered":"Politique environnementale"},"content":{"rendered":"<h4><span data-text-color=\"secondary\"><strong>Politique environnementale<\/strong><\/span><\/h4>\n<p>\u00a0<\/p>\n<p>Miracema-Nuodex est une entreprise chimique situ\u00e9e dans la ville de Campinas-SP et consciente de sa responsabilit\u00e9 envers l&#039;environnement.<br \/>Elle se concentre sur la connaissance et la minimisation des impacts environnementaux associ\u00e9s \u00e0 ses activit\u00e9s, produits et services, en mettant l&#039;accent sur la g\u00e9n\u00e9ration de d\u00e9chets, les \u00e9missions atmosph\u00e9riques, les effluents industriels et l&#039;utilisation des ressources naturelles.<\/p>\n<p>Elle vise non seulement \u00e0 r\u00e9pondre aux exigences l\u00e9gales et autres exigences applicables, mais \u00e9galement \u00e0 pr\u00e9venir la pollution et \u00e0 am\u00e9liorer continuellement ses performances environnementales.<\/p>\n<p><strong><br \/><span data-text-color=\"secondary\">Rendez-vous<\/span><\/strong><\/p>\n<p>\u2022 Maintenir l&#039;interaction entre la communaut\u00e9 et l&#039;entreprise.<br \/>\u2022 Promouvoir une large sensibilisation des employ\u00e9s aux questions environnementales.<br \/>\u2022 Entretenir une relation proactive avec les entit\u00e9s environnementales.<br \/>\u2022 Promouvoir l&#039;am\u00e9lioration continue du SME \u00e0 travers l&#039;\u00e9tablissement et la r\u00e9vision d&#039;objectifs et de cibles environnementaux.<br \/>\u2022 Minimiser la production de d\u00e9chets.<br \/>\u2022 \u00c9liminez les d\u00e9chets g\u00e9n\u00e9r\u00e9s de mani\u00e8re appropri\u00e9e.<br \/>\u2022 Maintenir une recherche active visant \u00e0 valoriser ces d\u00e9chets.<br \/>\u2022 Optimiser la consommation des ressources naturelles.<br \/>\u2022 Traiter les effluents industriels.<br \/>\u2022 Contr\u00f4ler les \u00e9missions atmosph\u00e9riques.<br \/><br \/><strong>R\u00e9v.0, juin\/2008<\/strong><\/p>","protected":false},"excerpt":{"rendered":"","protected":false},"author":3,"featured_media":0,"parent":0,"menu_order":0,"comment_status":"closed","ping_status":"closed","template":"","meta":{"footnotes":""},"class_list":["post-1103","page","type-page","status-publish","hentry"],"yoast_head":"<!-- This site is optimized with the Yoast SEO plugin v27.0 - https:\/\/yoast.com\/product\/yoast-seo-wordpress\/ -->\n<title>Pol\u00edtica Ambiental | teste<\/title>\n<meta name=\"robots\" content=\"noindex, follow, max-snippet:-1, max-image-preview:large, max-video-preview:-1\" \/>\n<meta property=\"og:locale\" content=\"fr_FR\" \/>\n<meta property=\"og:type\" content=\"article\" \/>\n<meta property=\"og:title\" content=\"Pol\u00edtica Ambiental | teste\" \/>\n<meta property=\"og:url\" content=\"https:\/\/teste2.zaon.tech\/fr\/politica-ambiental-2\/\" \/>\n<meta property=\"og:site_name\" content=\"teste\" \/>\n<meta property=\"article:modified_time\" content=\"2024-10-29T11:56:49+00:00\" \/>\n<meta name=\"twitter:card\" content=\"summary_large_image\" \/>\n<meta name=\"twitter:label1\" content=\"Dur\u00e9e de lecture estim\u00e9e\" \/>\n\t<meta name=\"twitter:data1\" content=\"1 minute\" \/>\n<script type=\"application\/ld+json\" class=\"yoast-schema-graph\">{\"@context\":\"https:\/\/schema.org\",\"@graph\":[{\"@type\":\"WebPage\",\"@id\":\"https:\/\/teste2.zaon.tech\/politica-ambiental-2\/\",\"url\":\"https:\/\/teste2.zaon.tech\/politica-ambiental-2\/\",\"name\":\"Pol\u00edtica Ambiental | teste\",\"isPartOf\":{\"@id\":\"https:\/\/teste2.zaon.tech\/#website\"},\"datePublished\":\"2024-08-30T21:11:50+00:00\",\"dateModified\":\"2024-10-29T11:56:49+00:00\",\"breadcrumb\":{\"@id\":\"https:\/\/teste2.zaon.tech\/politica-ambiental-2\/#breadcrumb\"},\"inLanguage\":\"fr-FR\",\"potentialAction\":[{\"@type\":\"ReadAction\",\"target\":[\"https:\/\/teste2.zaon.tech\/politica-ambiental-2\/\"]}]},{\"@type\":\"BreadcrumbList\",\"@id\":\"https:\/\/teste2.zaon.tech\/politica-ambiental-2\/#breadcrumb\",\"itemListElement\":[{\"@type\":\"ListItem\",\"position\":1,\"name\":\"In\u00edcio\",\"item\":\"https:\/\/teste2.zaon.tech\/\"},{\"@type\":\"ListItem\",\"position\":2,\"name\":\"Pol\u00edtica Ambiental\"}]},{\"@type\":\"WebSite\",\"@id\":\"https:\/\/teste2.zaon.tech\/#website\",\"url\":\"https:\/\/teste2.zaon.tech\/\",\"name\":\"Miracema-Nuodex\",\"description\":\"Qu\u00edmica em Tudo\",\"publisher\":{\"@id\":\"https:\/\/teste2.zaon.tech\/#organization\"},\"potentialAction\":[{\"@type\":\"SearchAction\",\"target\":{\"@type\":\"EntryPoint\",\"urlTemplate\":\"https:\/\/teste2.zaon.tech\/?s={search_term_string}\"},\"query-input\":{\"@type\":\"PropertyValueSpecification\",\"valueRequired\":true,\"valueName\":\"search_term_string\"}}],\"inLanguage\":\"fr-FR\"},{\"@type\":\"Organization\",\"@id\":\"https:\/\/teste2.zaon.tech\/#organization\",\"name\":\"Miracema-Nuodex\",\"url\":\"https:\/\/teste2.zaon.tech\/\",\"logo\":{\"@type\":\"ImageObject\",\"inLanguage\":\"fr-FR\",\"@id\":\"https:\/\/teste2.zaon.tech\/#\/schema\/logo\/image\/\",\"url\":\"https:\/\/teste2.zaon.tech\/wp-content\/uploads\/2024\/04\/Miracema_Nuodex_Vertical_Original.png\",\"contentUrl\":\"https:\/\/teste2.zaon.tech\/wp-content\/uploads\/2024\/04\/Miracema_Nuodex_Vertical_Original.png\",\"width\":400,\"height\":200,\"caption\":\"Miracema-Nuodex\"},\"image\":{\"@id\":\"https:\/\/teste2.zaon.tech\/#\/schema\/logo\/image\/\"}}]}<\/script>\n<!-- \/ Yoast SEO plugin. -->","yoast_head_json":{"title":"Pol\u00edtica Ambiental | teste","robots":{"index":"noindex","follow":"follow","max-snippet":"max-snippet:-1","max-image-preview":"max-image-preview:large","max-video-preview":"max-video-preview:-1"},"og_locale":"fr_FR","og_type":"article","og_title":"Pol\u00edtica Ambiental | teste","og_url":"https:\/\/teste2.zaon.tech\/fr\/politica-ambiental-2\/","og_site_name":"teste","article_modified_time":"2024-10-29T11:56:49+00:00","twitter_card":"summary_large_image","twitter_misc":{"Dur\u00e9e de lecture estim\u00e9e":"1 minute"},"schema":{"@context":"https:\/\/schema.org","@graph":[{"@type":"WebPage","@id":"https:\/\/teste2.zaon.tech\/politica-ambiental-2\/","url":"https:\/\/teste2.zaon.tech\/politica-ambiental-2\/","name":"Pol\u00edtica Ambiental | teste","isPartOf":{"@id":"https:\/\/teste2.zaon.tech\/#website"},"datePublished":"2024-08-30T21:11:50+00:00","dateModified":"2024-10-29T11:56:49+00:00","breadcrumb":{"@id":"https:\/\/teste2.zaon.tech\/politica-ambiental-2\/#breadcrumb"},"inLanguage":"fr-FR","potentialAction":[{"@type":"ReadAction","target":["https:\/\/teste2.zaon.tech\/politica-ambiental-2\/"]}]},{"@type":"BreadcrumbList","@id":"https:\/\/teste2.zaon.tech\/politica-ambiental-2\/#breadcrumb","itemListElement":[{"@type":"ListItem","position":1,"name":"In\u00edcio","item":"https:\/\/teste2.zaon.tech\/"},{"@type":"ListItem","position":2,"name":"Pol\u00edtica Ambiental"}]},{"@type":"WebSite","@id":"https:\/\/teste2.zaon.tech\/#website","url":"https:\/\/teste2.zaon.tech\/","name":"Miracema-Nuodex","description":"La chimie dans tout","publisher":{"@id":"https:\/\/teste2.zaon.tech\/#organization"},"potentialAction":[{"@type":"SearchAction","target":{"@type":"EntryPoint","urlTemplate":"https:\/\/teste2.zaon.tech\/?s={search_term_string}"},"query-input":{"@type":"PropertyValueSpecification","valueRequired":true,"valueName":"search_term_string"}}],"inLanguage":"fr-FR"},{"@type":"Organization","@id":"https:\/\/teste2.zaon.tech\/#organization","name":"Miracema-Nuodex","url":"https:\/\/teste2.zaon.tech\/","logo":{"@type":"ImageObject","inLanguage":"fr-FR","@id":"https:\/\/teste2.zaon.tech\/#\/schema\/logo\/image\/","url":"https:\/\/teste2.zaon.tech\/wp-content\/uploads\/2024\/04\/Miracema_Nuodex_Vertical_Original.png","contentUrl":"https:\/\/teste2.zaon.tech\/wp-content\/uploads\/2024\/04\/Miracema_Nuodex_Vertical_Original.png","width":400,"height":200,"caption":"Miracema-Nuodex"},"image":{"@id":"https:\/\/teste2.zaon.tech\/#\/schema\/logo\/image\/"}}]}},"_links":{"self":[{"href":"https:\/\/teste2.zaon.tech\/fr\/wp-json\/wp\/v2\/pages\/1103","targetHints":{"allow":["GET"]}}],"collection":[{"href":"https:\/\/teste2.zaon.tech\/fr\/wp-json\/wp\/v2\/pages"}],"about":[{"href":"https:\/\/teste2.zaon.tech\/fr\/wp-json\/wp\/v2\/types\/page"}],"author":[{"embeddable":true,"href":"https:\/\/teste2.zaon.tech\/fr\/wp-json\/wp\/v2\/users\/3"}],"replies":[{"embeddable":true,"href":"https:\/\/teste2.zaon.tech\/fr\/wp-json\/wp\/v2\/comments?post=1103"}],"version-history":[{"count":7,"href":"https:\/\/teste2.zaon.tech\/fr\/wp-json\/wp\/v2\/pages\/1103\/revisions"}],"predecessor-version":[{"id":1259,"href":"https:\/\/teste2.zaon.tech\/fr\/wp-json\/wp\/v2\/pages\/1103\/revisions\/1259"}],"wp:attachment":[{"href":"https:\/\/teste2.zaon.tech\/fr\/wp-json\/wp\/v2\/media?parent=1103"}],"curies":[{"name":"wp","href":"https:\/\/api.w.org\/{rel}","templated":true}]}}