{"id":1099,"date":"2024-08-30T18:03:49","date_gmt":"2024-08-30T21:03:49","guid":{"rendered":"https:\/\/miracema-nuodex.tech\/?page_id=1099"},"modified":"2024-10-29T08:56:37","modified_gmt":"2024-10-29T11:56:37","slug":"politica-de-responsabilidade-social","status":"publish","type":"page","link":"https:\/\/teste2.zaon.tech\/fr\/politica-de-responsabilidade-social\/","title":{"rendered":"Politique de responsabilit\u00e9 sociale"},"content":{"rendered":"<h4><span data-text-color=\"secondary\"><strong>Politique de responsabilit\u00e9 sociale<\/strong><\/span><\/h4>\n<p>\u00a0<\/p>\n<p><strong>MIRACEMA-NUODEX IND\u00daSTRIA QU\u00cdMICA LTDA<\/strong>., est une entreprise chimique situ\u00e9e dans la ville de Campinas-SP, engag\u00e9e dans la responsabilit\u00e9 sociale. \u00a0<\/p>\n<p>En recherchant les meilleures pratiques actuelles et le respect des exigences l\u00e9gales interdisant le recours au travail des enfants, la pratique du travail forc\u00e9 ou assimil\u00e9 \u00e0 l&#039;esclavage, le travail d\u00e9gradant ou indigne, la discrimination contre les personnes et la libert\u00e9 de syndicalisation et de n\u00e9gociation collective dans les relations de travail, s&#039;engage \u00e0 fournir tous ses collaborateurs dans le respect de leur dignit\u00e9, la formation continue, un environnement de travail ad\u00e9quat, le soutien et le renforcement des initiatives sociales et citoyennes et le respect de la l\u00e9gislation du travail et des r\u00e9glementations de s\u00e9curit\u00e9 au travail en vigueur.<\/p>\n<p>\u00a0<\/p>\n<p><span data-text-color=\"secondary\"><strong><u>ENGAGEMENTS<\/u><\/strong><\/span><\/p>\n<ol>\n<li><strong>TRAVAIL DES ENFANTS \u2013 <\/strong>ne pas utiliser, soutenir ou impliquer, sous aucun pr\u00e9texte, le travail des enfants dans son activit\u00e9 commerciale et ne pas soutenir son utilisation par ses clients et fournisseurs.<\/li>\n<li><strong>TRAVAIL FORC\u00c9 OU ESCLAVAGE \u2013 <\/strong>ne pas employer ni soutenir le travail forc\u00e9 ou assimil\u00e9 \u00e0 l\u2019esclavage, le travail forc\u00e9 ou assimil\u00e9 \u00e9tant entendu comme le recours \u00e0 un travail incit\u00e9 par de fausses promesses. Les contrats de travail sont r\u00e9guli\u00e8rement formalis\u00e9s ; la r\u00e9mun\u00e9ration doit respecter le plancher de cat\u00e9gorie comme plafond minimum\u00a0; Les travailleurs ne sont pas limit\u00e9s dans leur droit \u00e0 la libert\u00e9 d&#039;aller et venir et ne sont pas soumis \u00e0 des horaires de travail \u00e9puisants, l&#039;employeur se conformant \u00e0 la l\u00e9gislation du travail.<\/li>\n<li><strong>TRAVAIL D\u00c9GRADANT OU IND\u00c9GENT \u2013 <\/strong>respecter la dignit\u00e9 du travailleur et ses droits de citoyennet\u00e9, en ne le soumettant pas \u00e0 des conditions de travail indignes ou d\u00e9gradantes, notamment en ce qui concerne ses conditions de travail. Respecter les normes de s\u00e9curit\u00e9 au travail \u00e0 travers l&#039;orientation, la formation et la fourniture de tous les \u00e9quipements de travail de protection individuelle et collective, en respectant les normes r\u00e9glementaires (NR) \u00e9mises par le minist\u00e8re du Travail.<\/li>\n<li><strong>LIBERT\u00c9 D\u2019ASSOCIATION ET DROIT \u00c0 LA N\u00c9GOCIATION COLLECTIVE \u2013 <\/strong>respecter le droit de tous les employ\u00e9s d&#039;adh\u00e9rer \u00e0 un syndicat, ainsi que de n\u00e9gocier collectivement, en autorisant, sur pr\u00e9avis, l&#039;acc\u00e8s des repr\u00e9sentants du syndicat de la cat\u00e9gorie au lieu de travail pour tenir des r\u00e9unions \u00e0 des moments qui ne nuisent pas aux services normaux de performance, en garantissant qu&#039;il n&#039;y ait pas de repr\u00e9sailles contre les travailleurs.<\/li>\n<li><strong>DISCRIMINATION DES PERSONNES \u2013 <\/strong>Ne vous engagez pas, ne soutenez pas ou ne participez \u00e0 aucune attitude de discrimination fond\u00e9e sur la race, la classe sociale, la nationalit\u00e9, la religion, le handicap, le sexe, l&#039;\u00e2ge, l&#039;orientation sexuelle, l&#039;appartenance syndicale ou la politique dans l&#039;acte d&#039;embauche et dans l&#039;ex\u00e9cution du contrat de travail. et dans ses activit\u00e9s commerciales.<\/li>\n<li><strong>PRATIQUES DISCIPLINAIRES \u2013<\/strong> Ne soutenez ni n&#039;autorisez aucun type de punition agressive ou abusive, qu&#039;il s&#039;agisse de coercition corporelle, mentale ou psychologique, de violence physique ou verbale envers des personnes.<\/li>\n<li><strong>ACTIVIT\u00c9S COMMUNAUTAIRES \u2013 <\/strong>encourager les employ\u00e9s \u00e0 s&#039;impliquer dans des activit\u00e9s communautaires, \u00e0 condition que cela n&#039;entra\u00eene pas de conflit d&#039;int\u00e9r\u00eats.<\/li>\n<\/ol>\n<p>\u00a0<\/p>\n<p><strong>R\u00e9v.0, janvier\/2016<\/strong><\/p>","protected":false},"excerpt":{"rendered":"","protected":false},"author":3,"featured_media":0,"parent":0,"menu_order":0,"comment_status":"closed","ping_status":"closed","template":"","meta":{"footnotes":""},"class_list":["post-1099","page","type-page","status-publish","hentry"],"yoast_head":"<!-- This site is optimized with the Yoast SEO plugin v27.0 - https:\/\/yoast.com\/product\/yoast-seo-wordpress\/ -->\n<title>Pol\u00edtica de Responsabilidade Social | teste<\/title>\n<meta name=\"description\" content=\"Promovemos responsabilidade social com dignidade, seguran\u00e7a, inclus\u00e3o e apoio cont\u00ednuo aos colaboradores e suas iniciativas.\" \/>\n<meta name=\"robots\" content=\"noindex, follow, max-snippet:-1, max-image-preview:large, max-video-preview:-1\" \/>\n<meta property=\"og:locale\" content=\"fr_FR\" \/>\n<meta property=\"og:type\" content=\"article\" \/>\n<meta property=\"og:title\" content=\"Pol\u00edtica de Responsabilidade Social | teste\" \/>\n<meta property=\"og:description\" content=\"Promovemos responsabilidade social com dignidade, seguran\u00e7a, inclus\u00e3o e apoio cont\u00ednuo aos colaboradores e suas iniciativas.\" \/>\n<meta property=\"og:url\" content=\"https:\/\/teste2.zaon.tech\/fr\/politica-de-responsabilidade-social\/\" \/>\n<meta property=\"og:site_name\" content=\"teste\" \/>\n<meta property=\"article:modified_time\" content=\"2024-10-29T11:56:37+00:00\" \/>\n<meta name=\"twitter:card\" content=\"summary_large_image\" \/>\n<meta name=\"twitter:label1\" content=\"Dur\u00e9e de lecture estim\u00e9e\" \/>\n\t<meta name=\"twitter:data1\" content=\"3 minutes\" \/>\n<script type=\"application\/ld+json\" class=\"yoast-schema-graph\">{\"@context\":\"https:\/\/schema.org\",\"@graph\":[{\"@type\":\"WebPage\",\"@id\":\"https:\/\/teste2.zaon.tech\/politica-de-responsabilidade-social\/\",\"url\":\"https:\/\/teste2.zaon.tech\/politica-de-responsabilidade-social\/\",\"name\":\"Pol\u00edtica de Responsabilidade Social | teste\",\"isPartOf\":{\"@id\":\"https:\/\/teste2.zaon.tech\/#website\"},\"datePublished\":\"2024-08-30T21:03:49+00:00\",\"dateModified\":\"2024-10-29T11:56:37+00:00\",\"description\":\"Promovemos responsabilidade social com dignidade, seguran\u00e7a, inclus\u00e3o e apoio cont\u00ednuo aos colaboradores e suas iniciativas.\",\"breadcrumb\":{\"@id\":\"https:\/\/teste2.zaon.tech\/politica-de-responsabilidade-social\/#breadcrumb\"},\"inLanguage\":\"fr-FR\",\"potentialAction\":[{\"@type\":\"ReadAction\",\"target\":[\"https:\/\/teste2.zaon.tech\/politica-de-responsabilidade-social\/\"]}]},{\"@type\":\"BreadcrumbList\",\"@id\":\"https:\/\/teste2.zaon.tech\/politica-de-responsabilidade-social\/#breadcrumb\",\"itemListElement\":[{\"@type\":\"ListItem\",\"position\":1,\"name\":\"In\u00edcio\",\"item\":\"https:\/\/teste2.zaon.tech\/\"},{\"@type\":\"ListItem\",\"position\":2,\"name\":\"Pol\u00edtica de Responsabilidade Social\"}]},{\"@type\":\"WebSite\",\"@id\":\"https:\/\/teste2.zaon.tech\/#website\",\"url\":\"https:\/\/teste2.zaon.tech\/\",\"name\":\"Miracema-Nuodex\",\"description\":\"Qu\u00edmica em Tudo\",\"publisher\":{\"@id\":\"https:\/\/teste2.zaon.tech\/#organization\"},\"potentialAction\":[{\"@type\":\"SearchAction\",\"target\":{\"@type\":\"EntryPoint\",\"urlTemplate\":\"https:\/\/teste2.zaon.tech\/?s={search_term_string}\"},\"query-input\":{\"@type\":\"PropertyValueSpecification\",\"valueRequired\":true,\"valueName\":\"search_term_string\"}}],\"inLanguage\":\"fr-FR\"},{\"@type\":\"Organization\",\"@id\":\"https:\/\/teste2.zaon.tech\/#organization\",\"name\":\"Miracema-Nuodex\",\"url\":\"https:\/\/teste2.zaon.tech\/\",\"logo\":{\"@type\":\"ImageObject\",\"inLanguage\":\"fr-FR\",\"@id\":\"https:\/\/teste2.zaon.tech\/#\/schema\/logo\/image\/\",\"url\":\"https:\/\/teste2.zaon.tech\/wp-content\/uploads\/2024\/04\/Miracema_Nuodex_Vertical_Original.png\",\"contentUrl\":\"https:\/\/teste2.zaon.tech\/wp-content\/uploads\/2024\/04\/Miracema_Nuodex_Vertical_Original.png\",\"width\":400,\"height\":200,\"caption\":\"Miracema-Nuodex\"},\"image\":{\"@id\":\"https:\/\/teste2.zaon.tech\/#\/schema\/logo\/image\/\"}}]}<\/script>\n<!-- \/ Yoast SEO plugin. -->","yoast_head_json":{"title":"Pol\u00edtica de Responsabilidade Social | teste","description":"Promovemos responsabilidade social com dignidade, seguran\u00e7a, inclus\u00e3o e apoio cont\u00ednuo aos colaboradores e suas iniciativas.","robots":{"index":"noindex","follow":"follow","max-snippet":"max-snippet:-1","max-image-preview":"max-image-preview:large","max-video-preview":"max-video-preview:-1"},"og_locale":"fr_FR","og_type":"article","og_title":"Pol\u00edtica de Responsabilidade Social | teste","og_description":"Promovemos responsabilidade social com dignidade, seguran\u00e7a, inclus\u00e3o e apoio cont\u00ednuo aos colaboradores e suas iniciativas.","og_url":"https:\/\/teste2.zaon.tech\/fr\/politica-de-responsabilidade-social\/","og_site_name":"teste","article_modified_time":"2024-10-29T11:56:37+00:00","twitter_card":"summary_large_image","twitter_misc":{"Dur\u00e9e de lecture estim\u00e9e":"3 minutes"},"schema":{"@context":"https:\/\/schema.org","@graph":[{"@type":"WebPage","@id":"https:\/\/teste2.zaon.tech\/politica-de-responsabilidade-social\/","url":"https:\/\/teste2.zaon.tech\/politica-de-responsabilidade-social\/","name":"Pol\u00edtica de Responsabilidade Social | teste","isPartOf":{"@id":"https:\/\/teste2.zaon.tech\/#website"},"datePublished":"2024-08-30T21:03:49+00:00","dateModified":"2024-10-29T11:56:37+00:00","description":"Promovemos responsabilidade social com dignidade, seguran\u00e7a, inclus\u00e3o e apoio cont\u00ednuo aos colaboradores e suas iniciativas.","breadcrumb":{"@id":"https:\/\/teste2.zaon.tech\/politica-de-responsabilidade-social\/#breadcrumb"},"inLanguage":"fr-FR","potentialAction":[{"@type":"ReadAction","target":["https:\/\/teste2.zaon.tech\/politica-de-responsabilidade-social\/"]}]},{"@type":"BreadcrumbList","@id":"https:\/\/teste2.zaon.tech\/politica-de-responsabilidade-social\/#breadcrumb","itemListElement":[{"@type":"ListItem","position":1,"name":"In\u00edcio","item":"https:\/\/teste2.zaon.tech\/"},{"@type":"ListItem","position":2,"name":"Pol\u00edtica de Responsabilidade Social"}]},{"@type":"WebSite","@id":"https:\/\/teste2.zaon.tech\/#website","url":"https:\/\/teste2.zaon.tech\/","name":"Miracema-Nuodex","description":"La chimie dans tout","publisher":{"@id":"https:\/\/teste2.zaon.tech\/#organization"},"potentialAction":[{"@type":"SearchAction","target":{"@type":"EntryPoint","urlTemplate":"https:\/\/teste2.zaon.tech\/?s={search_term_string}"},"query-input":{"@type":"PropertyValueSpecification","valueRequired":true,"valueName":"search_term_string"}}],"inLanguage":"fr-FR"},{"@type":"Organization","@id":"https:\/\/teste2.zaon.tech\/#organization","name":"Miracema-Nuodex","url":"https:\/\/teste2.zaon.tech\/","logo":{"@type":"ImageObject","inLanguage":"fr-FR","@id":"https:\/\/teste2.zaon.tech\/#\/schema\/logo\/image\/","url":"https:\/\/teste2.zaon.tech\/wp-content\/uploads\/2024\/04\/Miracema_Nuodex_Vertical_Original.png","contentUrl":"https:\/\/teste2.zaon.tech\/wp-content\/uploads\/2024\/04\/Miracema_Nuodex_Vertical_Original.png","width":400,"height":200,"caption":"Miracema-Nuodex"},"image":{"@id":"https:\/\/teste2.zaon.tech\/#\/schema\/logo\/image\/"}}]}},"_links":{"self":[{"href":"https:\/\/teste2.zaon.tech\/fr\/wp-json\/wp\/v2\/pages\/1099","targetHints":{"allow":["GET"]}}],"collection":[{"href":"https:\/\/teste2.zaon.tech\/fr\/wp-json\/wp\/v2\/pages"}],"about":[{"href":"https:\/\/teste2.zaon.tech\/fr\/wp-json\/wp\/v2\/types\/page"}],"author":[{"embeddable":true,"href":"https:\/\/teste2.zaon.tech\/fr\/wp-json\/wp\/v2\/users\/3"}],"replies":[{"embeddable":true,"href":"https:\/\/teste2.zaon.tech\/fr\/wp-json\/wp\/v2\/comments?post=1099"}],"version-history":[{"count":8,"href":"https:\/\/teste2.zaon.tech\/fr\/wp-json\/wp\/v2\/pages\/1099\/revisions"}],"predecessor-version":[{"id":1254,"href":"https:\/\/teste2.zaon.tech\/fr\/wp-json\/wp\/v2\/pages\/1099\/revisions\/1254"}],"wp:attachment":[{"href":"https:\/\/teste2.zaon.tech\/fr\/wp-json\/wp\/v2\/media?parent=1099"}],"curies":[{"name":"wp","href":"https:\/\/api.w.org\/{rel}","templated":true}]}}