{"id":650,"date":"2024-04-28T19:49:27","date_gmt":"2024-04-28T22:49:27","guid":{"rendered":"https:\/\/miracema-nuodex.tech\/?page_id=650"},"modified":"2024-12-12T11:26:32","modified_gmt":"2024-12-12T14:26:32","slug":"politica-de-gestao-de-cookies","status":"publish","type":"page","link":"https:\/\/teste2.zaon.tech\/es\/politica-de-gestao-de-cookies\/","title":{"rendered":"Pol\u00edtica de gesti\u00f3n de cookies"},"content":{"rendered":"<section class=\"section\" id=\"section_1103204103\">\n\t\t<div class=\"section-bg fill\" >\n\t\t\t\t\t\t\t\t\t\n\t\t\t\n\n\t\t<\/div>\n\n\t\t\n\n\t\t<div class=\"section-content relative\">\n\t\t\t\n\n<div class=\"row\"  id=\"row-1064833094\">\n\n\n\t<div id=\"col-930970197\" class=\"col small-12 large-12\"  >\n\t\t\t\t<div class=\"col-inner\"  >\n\t\t\t\n\t\t\t\n\n<h4><span data-text-color=\"secondary\"><strong>\u00bfQu\u00e9 es una galleta?<\/strong><\/span><\/h4>\n<p>Una cookie son datos que un sitio web solicita a su navegador y que se almacenan como un archivo en su computadora o dispositivo m\u00f3vil. La cookie permite que el sitio web &quot;recuerde&quot; sus acciones o preferencias a lo largo del tiempo.<\/p>\n<p>La mayor\u00eda de los navegadores de Internet aceptan cookies. Aun as\u00ed, usted puede configurar su navegador para rechazar determinados tipos de cookies o cookies espec\u00edficas. Adem\u00e1s, usted puede eliminar las cookies en cualquier momento en un navegador espec\u00edfico o en varios navegadores.<\/p>\n<p>Esta pol\u00edtica se aplica a los dominios:\u00a0<a href=\"https:\/\/teste2.zaon.tech\/es\/\"><strong>www.miracema-nuodex.com.br\/<\/strong><\/a><\/p>\n<p><span data-text-color=\"secondary\"><strong>\u00bfC\u00f3mo se utilizan las cookies?<\/strong><\/span><\/p>\n<p>Las cookies sirven para comprender y recordar c\u00f3mo interact\u00faa con el contenido de este sitio web, as\u00ed como para mejorar su experiencia al visitar nuestro sitio web.\u00a0<\/p>\n<p>Ejemplo: algunas cookies pueden recordar su idioma o preferencias para que no tenga que realizar estas elecciones repetidamente cada vez que visita uno de nuestros sitios web.\u00a0<\/p>\n<p>Las cookies tambi\u00e9n pueden permitir ofrecer contenidos espec\u00edficos, como v\u00eddeos o textos o im\u00e1genes.\u00a0<\/p>\n<p><span data-text-color=\"secondary\"><strong>\u00bfQu\u00e9 tipos de Cookies se utilizan?<\/strong><\/span><\/p>\n<p><u>Cookies de origen y cookies de terceros<\/u><\/p>\n<p>Utilizamos cookies propias y de terceros en nuestro sitio web.<\/p>\n<p>Las cookies de origen son cookies emitidas por el dominio de nuestro sitio web y generalmente se utilizan para identificar preferencias locales o facilitar la funcionalidad b\u00e1sica del sitio web.<\/p>\n<p>Las cookies de terceros son propiedad de otras empresas, socios comerciales o proveedores de servicios de nuestra empresa y est\u00e1n administradas por ellas. Estas cookies pueden ser necesarias para producir ciertos formularios o permitir cierta publicidad fuera de nuestro sitio web.<\/p>\n<p><u>Cookies de sesi\u00f3n<\/u><\/p>\n<p>Las cookies de sesi\u00f3n son cookies temporales que se utilizan para recordarle durante el transcurso de su visita al sitio web y pierden su validez cuando cierra su navegador.<\/p>\n<p><u>Cookies persistentes<\/u><\/p>\n<p>Las cookies persistentes se utilizan para recordar las preferencias de su sitio web y permanecen en su computadora de escritorio o dispositivo m\u00f3vil incluso despu\u00e9s de cerrar su navegador o reiniciarlo. Utilizamos estas cookies para analizar el comportamiento del usuario y establecer patrones para que podamos mejorar la funcionalidad de nuestro sitio web para usted y otras personas que visitan nuestro sitio web. Estas cookies tambi\u00e9n nos permiten publicar anuncios dirigidos y medir la eficacia de nuestro sitio web y la funcionalidad de dichos anuncios.<\/p>\n<p><span data-text-color=\"secondary\"><strong>\u00bfC\u00f3mo se utilizan las Cookies con fines publicitarios?<\/strong><\/span><\/p>\n<p>Las cookies y las tecnolog\u00edas publicitarias, como balizas web, p\u00edxeles y etiquetas de redes publicitarias, nos ayudan a ofrecer anuncios relevantes de forma m\u00e1s eficaz. Tambi\u00e9n nos ayudan a recopilar datos consolidados para auditor\u00edas, investigaciones e informes de rendimiento para los anunciantes. Los p\u00edxeles nos permiten comprender y mejorar la entrega de anuncios a usted, y tambi\u00e9n nos permiten saber cu\u00e1ndo ya se le han presentado ciertos anuncios. Debido a que su navegador puede solicitar anuncios y &#039;balizas web&#039; directamente desde los servidores de redes publicitarias, estas redes pueden ver, editar o configurar sus propias cookies, como si hubiera visitado una p\u00e1gina web en su sitio web.<\/p>\n<p>Aunque no utilizamos cookies para crear un perfil de su comportamiento de navegaci\u00f3n en sitios web de terceros, s\u00ed utilizamos informaci\u00f3n consolidada de dichos terceros para mostrarle anuncios relevantes seg\u00fan sus intereses. No proporcionamos ninguna informaci\u00f3n que recopilamos a los anunciantes. Puede optar por no ver anuncios externos y\/o de terceros ajustando la configuraci\u00f3n de cookies. Esto no eliminar\u00e1 los anuncios de las p\u00e1ginas que visite, sino que esta elecci\u00f3n generar\u00e1 anuncios que no se basan en sus intereses. Esto significa que esas cookies espec\u00edficas no relacionar\u00e1n los anuncios que vea con sus intereses.<\/p>\n<p><span data-text-color=\"secondary\"><strong>\u00bfC\u00f3mo se utilizan las Cookies de terceros?<\/strong><\/span><\/p>\n<p>Para algunas de las funciones de nuestro sitio web utilizamos proveedores externos, por ejemplo, cuando visita una p\u00e1gina con un v\u00eddeo incrustado o procedente de Facebook. Estos videos o enlaces (y cualquier otro contenido de terceros proveedores) pueden contener cookies de terceros y recomendamos consultar las pol\u00edticas de privacidad de estos terceros en sus sitios web para obtener informaci\u00f3n sobre el uso de cookies.<\/p>\n<p><span data-text-color=\"secondary\"><strong>\u00bfC\u00f3mo rechazo o elimino las Cookies?<\/strong><\/span><\/p>\n<p>Puede optar por rechazar o bloquear todas o tipos espec\u00edficos de cookies configuradas durante su visita a nuestro sitio web haciendo clic en preferencias de cookies en nuestro sitio web. Puede cambiar sus preferencias para nuestro sitio web y\/o sitios web de terceros cambiando la configuraci\u00f3n de su navegador.<\/p>\n<p>Tenga en cuenta que la mayor\u00eda de los navegadores aceptan cookies autom\u00e1ticamente. Por lo tanto, si no desea que se utilicen cookies, debe eliminarlas o bloquearlas activamente. Si rechaza el uso de cookies podr\u00e1 visitar nuestro sitio web, pero es posible que algunas de las funciones no funcionen correctamente. Al utilizar nuestro sitio web sin eliminar o rechazar algunas o todas las cookies, usted acepta que podemos colocar aquellas cookies que no haya eliminado o rechazado en sus dispositivos.<\/p>\n<p>Tambi\u00e9n puedes visitar wikipedia.org,\u00a0<a href=\"https:\/\/www.allaboutcookies.org\/\">www.allaboutcookies.org<\/a>\u00a0para obtener m\u00e1s detalles sobre c\u00f3mo eliminar o rechazar las cookies y para obtener informaci\u00f3n adicional sobre las cookies en general.<\/p>\n<p><span data-text-color=\"secondary\"><strong>Lista de cookies<\/strong><\/span><\/p>\n<table>\n<tbody>\n<tr>\n<td width=\"59\">\n<p>Galletas<\/p>\n<\/td>\n<td width=\"307\">\n<p>Descripci\u00f3n<\/p>\n<\/td>\n<td width=\"79\">\n<p>Retenci\u00f3n<\/p>\n<\/td>\n<td width=\"79\">\n<p>Categor\u00eda<\/p>\n<\/td>\n<td width=\"95\">\n<p>Pol\u00edtica de privacidad espec\u00edfica<\/p>\n<\/td>\n<\/tr>\n<tr>\n<td width=\"59\">\n<p>rc::a<\/p>\n<\/td>\n<td width=\"307\">\n<p>Esta cookie se utiliza para distinguir entre humanos y bots. Esto es beneficioso para el sitio web para poder realizar informes v\u00e1lidos sobre el uso de su sitio web.<\/p>\n<\/td>\n<td width=\"79\">\n<p>Persistente<\/p>\n<\/td>\n<td width=\"79\">\n<p>B\u00e1sico<\/p>\n<\/td>\n<td width=\"95\">\n<p><a href=\"https:\/\/www.gstatic.com\/policies\/privacy\/pdf\/20221215\/qi5mvafl\/google_privacy_policy_en.pdf\">Privacidad<\/a><\/p>\n<\/td>\n<\/tr>\n<tr>\n<td width=\"59\">\n<p>rc::c<\/p>\n<\/td>\n<td width=\"307\">\n<p>Esta cookie se utiliza para distinguir entre humanos y bots.<\/p>\n<\/td>\n<td width=\"79\">\n<p>Sesi\u00f3n<\/p>\n<\/td>\n<td width=\"79\">\n<p>B\u00e1sico<\/p>\n<\/td>\n<td width=\"95\">\n<p>\u00a0<\/p>\n<\/td>\n<\/tr>\n<tr>\n<td width=\"59\">\n<p>__utma<\/p>\n<\/td>\n<td width=\"307\">\n<p>Recopila datos sobre el n\u00famero de veces que un usuario ha visitado el sitio web, as\u00ed como las fechas de la primera y la mayor\u00eda de las visitas. Utilizado por Google Analytics<\/p>\n<\/td>\n<td width=\"79\">\n<p>2 a\u00f1os<\/p>\n<\/td>\n<td width=\"79\">\n<p>Estad\u00edstica<\/p>\n<\/td>\n<td width=\"95\">\n<p><a href=\"https:\/\/policies.google.com\/privacy?hl=pt-BR\">Privacidad<\/a><\/p>\n<\/td>\n<\/tr>\n<tr>\n<td width=\"59\">\n<p>__utmb<\/p>\n<\/td>\n<td width=\"307\">\n<p>Registra una marca de tiempo con la hora exacta en que el usuario accedi\u00f3 al sitio web. Utilizado por Google para calcular la duraci\u00f3n de una visita a un sitio web<\/p>\n<\/td>\n<td width=\"79\">\n<p>1 dia<\/p>\n<\/td>\n<td width=\"79\">\n<p>Estad\u00edstica<\/p>\n<\/td>\n<td width=\"95\">\n<p>\u00a0<\/p>\n<\/td>\n<\/tr>\n<tr>\n<td width=\"59\">\n<p>__utmc<\/p>\n<\/td>\n<td width=\"307\">\n<p>Registra una marca de tiempo con la hora exacta en que el usuario abandon\u00f3 el sitio. Utilizado por Google para calcular la duraci\u00f3n de una visita a un sitio web<\/p>\n<\/td>\n<td width=\"79\">\n<p>Sesi\u00f3n<\/p>\n<\/td>\n<td width=\"79\">\n<p>Estad\u00edstica<\/p>\n<\/td>\n<td width=\"95\">\n<p>\u00a0<\/p>\n<\/td>\n<\/tr>\n<tr>\n<td width=\"59\">\n<p>__utmt<\/p>\n<\/td>\n<td width=\"307\">\n<p>Se utiliza para informar la velocidad de las solicitudes al servidor.<\/p>\n<\/td>\n<td width=\"79\">\n<p>1 dia<\/p>\n<\/td>\n<td width=\"79\">\n<p>Estad\u00edstica<\/p>\n<\/td>\n<td width=\"95\">\n<p>\u00a0<\/p>\n<\/td>\n<\/tr>\n<tr>\n<td width=\"59\">\n<p>__utmv<\/p>\n<\/td>\n<td width=\"307\">\n<p>Guarda los par\u00e1metros de seguimiento definidos por el usuario para su uso en Google Analytics<\/p>\n<\/td>\n<td width=\"79\">\n<p>Sesi\u00f3n<\/p>\n<\/td>\n<td width=\"79\">\n<p>Estad\u00edstica<\/p>\n<\/td>\n<td width=\"95\">\n<p>\u00a0<\/p>\n<\/td>\n<\/tr>\n<tr>\n<td width=\"59\">\n<p>__utmz<\/p>\n<\/td>\n<td width=\"307\">\n<p>Recopila datos sobre de d\u00f3nde viene el usuario, qu\u00e9 motor de b\u00fasqueda se utiliz\u00f3, en qu\u00e9 enlace se hizo clic y qu\u00e9 t\u00e9rmino de b\u00fasqueda se utiliz\u00f3. Utilizado por Google Analytics<\/p>\n<\/td>\n<td width=\"79\">\n<p>6 meses<\/p>\n<\/td>\n<td width=\"79\">\n<p>Estad\u00edstica<\/p>\n<\/td>\n<td width=\"95\">\n<p>\u00a0<\/p>\n<\/td>\n<\/tr>\n<\/tbody>\n<\/table>\n<p>\u00a0<\/p>\n\n\t\t<\/div>\n\t\t\t\t\t<\/div>\n\n\t\n\n<\/div>\n\n\t\t<\/div>\n\n\t\t\n<style>\n#section_1103204103 {\n  padding-top: 30px;\n  padding-bottom: 30px;\n}\n<\/style>\n\t<\/section>","protected":false},"excerpt":{"rendered":"","protected":false},"author":3,"featured_media":0,"parent":0,"menu_order":0,"comment_status":"closed","ping_status":"closed","template":"page-blank.php","meta":{"footnotes":""},"class_list":["post-650","page","type-page","status-publish","hentry"],"yoast_head":"<!-- This site is optimized with the Yoast SEO plugin v27.0 - https:\/\/yoast.com\/product\/yoast-seo-wordpress\/ -->\n<title>Pol\u00edtica de Gest\u00e3o de Cookies | teste<\/title>\n<meta name=\"description\" content=\"Nosso site usa cookies para melhorar sua navega\u00e7\u00e3o. Ao usar o site, voc\u00ea aceita isso. Veja mais em nossa Pol\u00edtica de Gest\u00e3o de Cookies.\" \/>\n<meta name=\"robots\" content=\"noindex, follow, max-snippet:-1, max-image-preview:large, max-video-preview:-1\" \/>\n<meta property=\"og:locale\" content=\"es_ES\" \/>\n<meta property=\"og:type\" content=\"article\" \/>\n<meta property=\"og:title\" content=\"Pol\u00edtica de Gest\u00e3o de Cookies | teste\" \/>\n<meta property=\"og:description\" content=\"Nosso site usa cookies para melhorar sua navega\u00e7\u00e3o. Ao usar o site, voc\u00ea aceita isso. Veja mais em nossa Pol\u00edtica de Gest\u00e3o de Cookies.\" \/>\n<meta property=\"og:url\" content=\"https:\/\/teste2.zaon.tech\/es\/politica-de-gestao-de-cookies\/\" \/>\n<meta property=\"og:site_name\" content=\"teste\" \/>\n<meta property=\"article:modified_time\" content=\"2024-12-12T14:26:32+00:00\" \/>\n<meta name=\"twitter:card\" content=\"summary_large_image\" \/>\n<meta name=\"twitter:label1\" content=\"Tiempo de lectura\" \/>\n\t<meta name=\"twitter:data1\" content=\"6 minutos\" \/>\n<script type=\"application\/ld+json\" class=\"yoast-schema-graph\">{\"@context\":\"https:\/\/schema.org\",\"@graph\":[{\"@type\":\"WebPage\",\"@id\":\"https:\/\/teste2.zaon.tech\/politica-de-gestao-de-cookies\/\",\"url\":\"https:\/\/teste2.zaon.tech\/politica-de-gestao-de-cookies\/\",\"name\":\"Pol\u00edtica de Gest\u00e3o de Cookies | teste\",\"isPartOf\":{\"@id\":\"https:\/\/teste2.zaon.tech\/#website\"},\"datePublished\":\"2024-04-28T22:49:27+00:00\",\"dateModified\":\"2024-12-12T14:26:32+00:00\",\"description\":\"Nosso site usa cookies para melhorar sua navega\u00e7\u00e3o. Ao usar o site, voc\u00ea aceita isso. Veja mais em nossa Pol\u00edtica de Gest\u00e3o de Cookies.\",\"breadcrumb\":{\"@id\":\"https:\/\/teste2.zaon.tech\/politica-de-gestao-de-cookies\/#breadcrumb\"},\"inLanguage\":\"es\",\"potentialAction\":[{\"@type\":\"ReadAction\",\"target\":[\"https:\/\/teste2.zaon.tech\/politica-de-gestao-de-cookies\/\"]}]},{\"@type\":\"BreadcrumbList\",\"@id\":\"https:\/\/teste2.zaon.tech\/politica-de-gestao-de-cookies\/#breadcrumb\",\"itemListElement\":[{\"@type\":\"ListItem\",\"position\":1,\"name\":\"In\u00edcio\",\"item\":\"https:\/\/teste2.zaon.tech\/\"},{\"@type\":\"ListItem\",\"position\":2,\"name\":\"Pol\u00edtica de Gest\u00e3o de Cookies\"}]},{\"@type\":\"WebSite\",\"@id\":\"https:\/\/teste2.zaon.tech\/#website\",\"url\":\"https:\/\/teste2.zaon.tech\/\",\"name\":\"Miracema-Nuodex\",\"description\":\"Qu\u00edmica em Tudo\",\"publisher\":{\"@id\":\"https:\/\/teste2.zaon.tech\/#organization\"},\"potentialAction\":[{\"@type\":\"SearchAction\",\"target\":{\"@type\":\"EntryPoint\",\"urlTemplate\":\"https:\/\/teste2.zaon.tech\/?s={search_term_string}\"},\"query-input\":{\"@type\":\"PropertyValueSpecification\",\"valueRequired\":true,\"valueName\":\"search_term_string\"}}],\"inLanguage\":\"es\"},{\"@type\":\"Organization\",\"@id\":\"https:\/\/teste2.zaon.tech\/#organization\",\"name\":\"Miracema-Nuodex\",\"url\":\"https:\/\/teste2.zaon.tech\/\",\"logo\":{\"@type\":\"ImageObject\",\"inLanguage\":\"es\",\"@id\":\"https:\/\/teste2.zaon.tech\/#\/schema\/logo\/image\/\",\"url\":\"https:\/\/teste2.zaon.tech\/wp-content\/uploads\/2024\/04\/Miracema_Nuodex_Vertical_Original.png\",\"contentUrl\":\"https:\/\/teste2.zaon.tech\/wp-content\/uploads\/2024\/04\/Miracema_Nuodex_Vertical_Original.png\",\"width\":400,\"height\":200,\"caption\":\"Miracema-Nuodex\"},\"image\":{\"@id\":\"https:\/\/teste2.zaon.tech\/#\/schema\/logo\/image\/\"}}]}<\/script>\n<!-- \/ Yoast SEO plugin. -->","yoast_head_json":{"title":"Pol\u00edtica de Gest\u00e3o de Cookies | teste","description":"Nosso site usa cookies para melhorar sua navega\u00e7\u00e3o. Ao usar o site, voc\u00ea aceita isso. Veja mais em nossa Pol\u00edtica de Gest\u00e3o de Cookies.","robots":{"index":"noindex","follow":"follow","max-snippet":"max-snippet:-1","max-image-preview":"max-image-preview:large","max-video-preview":"max-video-preview:-1"},"og_locale":"es_ES","og_type":"article","og_title":"Pol\u00edtica de Gest\u00e3o de Cookies | teste","og_description":"Nosso site usa cookies para melhorar sua navega\u00e7\u00e3o. Ao usar o site, voc\u00ea aceita isso. Veja mais em nossa Pol\u00edtica de Gest\u00e3o de Cookies.","og_url":"https:\/\/teste2.zaon.tech\/es\/politica-de-gestao-de-cookies\/","og_site_name":"teste","article_modified_time":"2024-12-12T14:26:32+00:00","twitter_card":"summary_large_image","twitter_misc":{"Tiempo de lectura":"6 minutos"},"schema":{"@context":"https:\/\/schema.org","@graph":[{"@type":"WebPage","@id":"https:\/\/teste2.zaon.tech\/politica-de-gestao-de-cookies\/","url":"https:\/\/teste2.zaon.tech\/politica-de-gestao-de-cookies\/","name":"Pol\u00edtica de Gest\u00e3o de Cookies | teste","isPartOf":{"@id":"https:\/\/teste2.zaon.tech\/#website"},"datePublished":"2024-04-28T22:49:27+00:00","dateModified":"2024-12-12T14:26:32+00:00","description":"Nosso site usa cookies para melhorar sua navega\u00e7\u00e3o. Ao usar o site, voc\u00ea aceita isso. Veja mais em nossa Pol\u00edtica de Gest\u00e3o de Cookies.","breadcrumb":{"@id":"https:\/\/teste2.zaon.tech\/politica-de-gestao-de-cookies\/#breadcrumb"},"inLanguage":"es","potentialAction":[{"@type":"ReadAction","target":["https:\/\/teste2.zaon.tech\/politica-de-gestao-de-cookies\/"]}]},{"@type":"BreadcrumbList","@id":"https:\/\/teste2.zaon.tech\/politica-de-gestao-de-cookies\/#breadcrumb","itemListElement":[{"@type":"ListItem","position":1,"name":"In\u00edcio","item":"https:\/\/teste2.zaon.tech\/"},{"@type":"ListItem","position":2,"name":"Pol\u00edtica de Gest\u00e3o de Cookies"}]},{"@type":"WebSite","@id":"https:\/\/teste2.zaon.tech\/#website","url":"https:\/\/teste2.zaon.tech\/","name":"Miracema-Nuodex","description":"Qu\u00edmica en todo","publisher":{"@id":"https:\/\/teste2.zaon.tech\/#organization"},"potentialAction":[{"@type":"SearchAction","target":{"@type":"EntryPoint","urlTemplate":"https:\/\/teste2.zaon.tech\/?s={search_term_string}"},"query-input":{"@type":"PropertyValueSpecification","valueRequired":true,"valueName":"search_term_string"}}],"inLanguage":"es"},{"@type":"Organization","@id":"https:\/\/teste2.zaon.tech\/#organization","name":"Miracema-Nuodex","url":"https:\/\/teste2.zaon.tech\/","logo":{"@type":"ImageObject","inLanguage":"es","@id":"https:\/\/teste2.zaon.tech\/#\/schema\/logo\/image\/","url":"https:\/\/teste2.zaon.tech\/wp-content\/uploads\/2024\/04\/Miracema_Nuodex_Vertical_Original.png","contentUrl":"https:\/\/teste2.zaon.tech\/wp-content\/uploads\/2024\/04\/Miracema_Nuodex_Vertical_Original.png","width":400,"height":200,"caption":"Miracema-Nuodex"},"image":{"@id":"https:\/\/teste2.zaon.tech\/#\/schema\/logo\/image\/"}}]}},"_links":{"self":[{"href":"https:\/\/teste2.zaon.tech\/es\/wp-json\/wp\/v2\/pages\/650","targetHints":{"allow":["GET"]}}],"collection":[{"href":"https:\/\/teste2.zaon.tech\/es\/wp-json\/wp\/v2\/pages"}],"about":[{"href":"https:\/\/teste2.zaon.tech\/es\/wp-json\/wp\/v2\/types\/page"}],"author":[{"embeddable":true,"href":"https:\/\/teste2.zaon.tech\/es\/wp-json\/wp\/v2\/users\/3"}],"replies":[{"embeddable":true,"href":"https:\/\/teste2.zaon.tech\/es\/wp-json\/wp\/v2\/comments?post=650"}],"version-history":[{"count":6,"href":"https:\/\/teste2.zaon.tech\/es\/wp-json\/wp\/v2\/pages\/650\/revisions"}],"predecessor-version":[{"id":1257,"href":"https:\/\/teste2.zaon.tech\/es\/wp-json\/wp\/v2\/pages\/650\/revisions\/1257"}],"wp:attachment":[{"href":"https:\/\/teste2.zaon.tech\/es\/wp-json\/wp\/v2\/media?parent=650"}],"curies":[{"name":"wp","href":"https:\/\/api.w.org\/{rel}","templated":true}]}}