{"id":344,"date":"2024-04-26T08:00:02","date_gmt":"2024-04-26T11:00:02","guid":{"rendered":"https:\/\/miracema-nuodex.tech\/?page_id=344"},"modified":"2025-04-28T08:50:11","modified_gmt":"2025-04-28T11:50:11","slug":"quimica-em-tudo","status":"publish","type":"page","link":"https:\/\/teste2.zaon.tech\/es\/","title":{"rendered":"Qu\u00edmica en todo"},"content":{"rendered":"<section class=\"section\" id=\"section_1339960326\">\n\t\t<div class=\"section-bg fill\" >\n\t\t\t\t\t\t\t<div class=\"video-overlay no-click fill visible\"><\/div>\n\t<video class=\"video-bg fill visible\" preload playsinline autoplay muted loop>\n\t\t<source src=\"https:\/\/teste2.zaon.tech\/wp-content\/uploads\/2024\/05\/home_hera_capa_800_1920px-1.mp4\" type=\"video\/mp4\">\t<\/video>\n\t\t\t<div class=\"section-bg-overlay absolute fill\"><\/div>\n\t\t\t\n\n\t\t<\/div>\n\n\t\t\n\n\t\t<div class=\"section-content relative\">\n\t\t\t\n\n<div class=\"row align-middle align-center\"  id=\"row-1056551592\">\n\n\n\t<div id=\"col-588612336\" class=\"col small-12 large-12\"  >\n\t\t\t\t<div class=\"col-inner text-center\"  >\n\t\t\t\n\t\t\t\n\n\t<div class=\"img has-hover x md-x lg-x y md-y lg-y\" id=\"image_798307562\">\n\t\t\t\t<div data-parallax-fade=\"true\" data-parallax=\"-2\">\t\t\t\t<div class=\"img-inner dark\" >\n\t\t\t<img loading=\"lazy\" decoding=\"async\" width=\"1020\" height=\"362\" src=\"https:\/\/teste2.zaon.tech\/wp-content\/uploads\/2024\/04\/slogan_es.png\" class=\"attachment-large size-large\" alt=\"\" srcset=\"https:\/\/teste2.zaon.tech\/wp-content\/uploads\/2024\/04\/slogan_es.png 1100w, https:\/\/teste2.zaon.tech\/wp-content\/uploads\/2024\/04\/slogan_es-200x71.png 200w, https:\/\/teste2.zaon.tech\/wp-content\/uploads\/2024\/04\/slogan_es-300x106.png 300w, https:\/\/teste2.zaon.tech\/wp-content\/uploads\/2024\/04\/slogan_es-1024x363.png 1024w, https:\/\/teste2.zaon.tech\/wp-content\/uploads\/2024\/04\/slogan_es-768x272.png 768w, https:\/\/teste2.zaon.tech\/wp-content\/uploads\/2024\/04\/slogan_es-18x6.png 18w\" sizes=\"auto, (max-width: 1020px) 100vw, 1020px\" \/>\t\t\t\t\t\t\n\t\t\t\t\t<\/div>\n\t\t\t\t<\/div>\t\t\t\t\n<style>\n#image_798307562 {\n  width: 100%;\n}\n@media (min-width:550px) {\n  #image_798307562 {\n    width: 76%;\n  }\n}\n<\/style>\n\t<\/div>\n\t\n\n\t<div id=\"gap-2111758575\" class=\"gap-element clearfix\" style=\"display:block; height:auto;\">\n\t\t\n<style>\n#gap-2111758575 {\n  padding-top: 20px;\n}\n<\/style>\n\t<\/div>\n\t\n\n\n\t\t<\/div>\n\t\t\t\t\t<\/div>\n\n\t\n\n<\/div>\n\n\t\t<\/div>\n\n\t\t\n<style>\n#section_1339960326 {\n  padding-top: 120px;\n  padding-bottom: 120px;\n}\n#section_1339960326 .section-bg-overlay {\n  background-color: rgba(0, 0, 0, 0.5);\n}\n<\/style>\n\t<\/section>\n\t\n\n\t<section class=\"section\" id=\"section_783134139\">\n\t\t<div class=\"section-bg fill\" >\n\t\t\t\t\t\t\t\t\t\n\t\t\t\n\n\t\t<\/div>\n\n\t\t\n\n\t\t<div class=\"section-content relative\">\n\t\t\t\n\n<div class=\"row row-large align-center\"  id=\"row-719005472\">\n\n\n\t<div id=\"col-1891455617\" class=\"col medium-8 small-12 large-8\"  >\n\t\t\t\t<div class=\"col-inner text-center\"  >\n\t\t\t\n\t\t\t\n\n\t<div id=\"gap-1926928975\" class=\"gap-element clearfix\" style=\"display:block; height:auto;\">\n\t\t\n<style>\n#gap-1926928975 {\n  padding-top: 50px;\n}\n<\/style>\n\t<\/div>\n\t\n\n<h3 class=\"thin-font\" style=\"text-align: center;\"><span style=\"color: #008f70; font-size: 140%;\">Desde 1954 combinamos innovaci\u00f3n, competencia t\u00e9cnica y sostenibilidad.<\/span><\/h3>\n<p style=\"text-align: center;\"><span style=\"font-size: 130%;\">D\u00e9cadas de dedicaci\u00f3n para ofrecer soluciones qu\u00edmicas de clase mundial que impulsen el progreso industrial de manera responsable y sostenible. Estamos comprometidos a seguir liderando el camino hacia un futuro m\u00e1s brillante y verde para todos.<\/span><\/p>\n\t<div id=\"gap-507490224\" class=\"gap-element clearfix\" style=\"display:block; height:auto;\">\n\t\t\n<style>\n#gap-507490224 {\n  padding-top: 100px;\n}\n<\/style>\n\t<\/div>\n\t\n\n\n\t\t<\/div>\n\t\t\t\t\n<style>\n#col-1891455617 > .col-inner {\n  padding: 0px 10px 0px 10px;\n}\n<\/style>\n\t<\/div>\n\n\t\n\n<\/div>\n<div class=\"row\"  id=\"row-1505756612\">\n\n\n\t<div id=\"col-1409150018\" class=\"col medium-5 small-12 large-5\"  >\n\t\t\t\t<div class=\"col-inner text-center\"  >\n\t\t\t\n\t\t\t\n\n\t<div class=\"img has-hover x md-x lg-x y md-y lg-y\" id=\"image_1814313772\">\n\t\t\t\t\t\t\t\t<div class=\"img-inner dark\" style=\"margin:-40px 0px 0px 0px;\">\n\t\t\t<img loading=\"lazy\" decoding=\"async\" width=\"541\" height=\"500\" src=\"https:\/\/teste2.zaon.tech\/wp-content\/uploads\/2024\/10\/Planet_Globe_v3_outubro2024_8bits.png\" class=\"attachment-original size-original\" alt=\"\" srcset=\"https:\/\/teste2.zaon.tech\/wp-content\/uploads\/2024\/10\/Planet_Globe_v3_outubro2024_8bits.png 541w, https:\/\/teste2.zaon.tech\/wp-content\/uploads\/2024\/10\/Planet_Globe_v3_outubro2024_8bits-300x277.png 300w, https:\/\/teste2.zaon.tech\/wp-content\/uploads\/2024\/10\/Planet_Globe_v3_outubro2024_8bits-13x12.png 13w\" sizes=\"auto, (max-width: 541px) 100vw, 541px\" \/>\t\t\t\t\t\t\n\t\t\t\t\t<\/div>\n\t\t\t\t\t\t\t\t\n<style>\n#image_1814313772 {\n  width: 58%;\n}\n@media (min-width:550px) {\n  #image_1814313772 {\n    width: 100%;\n  }\n}\n<\/style>\n\t<\/div>\n\t\n\n\n\t\t<\/div>\n\t\t\t\t\t<\/div>\n\n\t\n\n\t<div id=\"col-581805477\" class=\"col medium-6 small-12 large-6\"  >\n\t\t\t\t<div class=\"col-inner\"  >\n\t\t\t\n\t\t\t\n\n<h3><span style=\"color: #008f70;\"><b data-stringify-type=\"bold\">Estamos a la vanguardia en el desarrollo de productos qu\u00edmicos especializados dise\u00f1ados para aplicaciones industriales. Nuestras soluciones est\u00e1n presentes en m\u00e1s de 50 pa\u00edses en sectores esenciales para la econom\u00eda global.<\/b><\/span><\/h3>\n<p>Desarrollamos productos para agregar aditivos, mejorar el rendimiento, optimizar procesos, brindar estabilidad, preservar y hacer m\u00e1s efectivos los productos y procesos de nuestros clientes y sus marcas. Son d\u00e9cadas de investigaci\u00f3n y desarrollo con un enfoque total en la confiabilidad y el compromiso con nuestros clientes.<\/p>\n\t<div id=\"gap-2049921854\" class=\"gap-element clearfix\" style=\"display:block; height:auto;\">\n\t\t\n<style>\n#gap-2049921854 {\n  padding-top: 10px;\n}\n<\/style>\n\t<\/div>\n\t\n\n<a href=\"https:\/\/teste2.zaon.tech\/es\/solucoes\/\" class=\"button secondary is-outline is-large lowercase\"  style=\"border-radius:10px;\">\n\t\t<span>Nuestras soluciones y productos<\/span>\n\t<\/a>\n\n\n\n\t\t<\/div>\n\t\t\t\t\t<\/div>\n\n\t\n\n<\/div>\n\n\t\t<\/div>\n\n\t\t\n<style>\n#section_783134139 {\n  padding-top: 0px;\n  padding-bottom: 0px;\n}\n<\/style>\n\t<\/section>\n\t\n\t<div id=\"gap-498639335\" class=\"gap-element clearfix\" style=\"display:block; height:auto;\">\n\t\t\n<style>\n#gap-498639335 {\n  padding-top: 50px;\n}\n<\/style>\n\t<\/div>\n\t\n\n\n\t<section class=\"section dark\" id=\"section_798764307\">\n\t\t<div class=\"section-bg fill\" >\n\t\t\t\t\t\t\t\t\t\n\t\t\t\n\n\t\t<\/div>\n\n\t\t\n\n\t\t<div class=\"section-content relative\">\n\t\t\t\n\n<div class=\"row align-center\"  id=\"row-1014699878\">\n\n\n\t<div id=\"col-312340741\" class=\"col medium-5 small-12 large-4\"  >\n\t\t\t\t<div class=\"col-inner text-left\"  >\n\t\t\t\n\t\t\t\n\n\t<div id=\"text-2192152829\" class=\"text\">\n\t\t\n\n<h1><span style=\"font-size: 140%; color: #9eaaad;\">Todo es quimica<\/span><\/h1>\n\t\t\n<style>\n#text-2192152829 {\n  text-align: left;\n}\n<\/style>\n\t<\/div>\n\t\n\n\t\t<\/div>\n\t\t\t\t\n<style>\n#col-312340741 > .col-inner {\n  padding: 0px 0px 0px 15px;\n}\n<\/style>\n\t<\/div>\n\n\t\n\n\t<div id=\"col-1460911988\" class=\"col medium-7 small-11 large-7\"  >\n\t\t\t\t<div class=\"col-inner text-left\"  >\n\t\t\t\n\t\t\t\n\n<p><span style=\"font-size: 115%; color: #8ea7af;\">Entendemos que el \u00e9xito de nuestros clientes es la base de nuestro trabajo. Es por eso que nos dedicamos a ofrecer un servicio t\u00e9cnico y especializado que vaya m\u00e1s all\u00e1 de las expectativas y establezca relaciones s\u00f3lidas con nuestros clientes, resultando en soluciones efectivas.<\/span><\/p>\n<a href=\"https:\/\/teste2.zaon.tech\/es\/institucional\/\" class=\"button white is-outline is-large lowercase\"  style=\"border-radius:10px;\">\n\t\t<span>Descubra Miracema-Nuodex<\/span>\n\t<\/a>\n\n\n\n\t\t<\/div>\n\t\t\t\t\n<style>\n#col-1460911988 > .col-inner {\n  padding: 0px 10px 0px 10px;\n}\n<\/style>\n\t<\/div>\n\n\t\n\n<\/div>\n\t<div id=\"gap-36648936\" class=\"gap-element clearfix\" style=\"display:block; height:auto;\">\n\t\t\n<style>\n#gap-36648936 {\n  padding-top: 30px;\n}\n<\/style>\n\t<\/div>\n\t\n\n<div class=\"row row-collapse row-full-width align-center\"  id=\"row-1156093242\">\n\n\n\t<div id=\"col-506321292\" class=\"col medium-2 small-12 large-2\"  >\n\t\t\t\t<div class=\"col-inner\"  >\n\t\t\t\n\t\t\t\n\n\t<div id=\"text-3289031470\" class=\"text\">\n\t\t\n\n<h2 style=\"text-align: center;\"><span style=\"color: #2cd1a1; font-size: 300%;\"><span class=\"count-up\">5<\/span><\/span><\/h2>\n<h3 style=\"text-align: center;\"><span style=\"color: #2cd1a1;\"><strong>CONTINENTES<\/strong><\/span><\/h3>\n<p style=\"text-align: center;\"><span style=\"font-weight: 400;\">Exportaci\u00f3n de productos a m\u00e1s de 50 pa\u00edses.<\/span><\/p>\n\t\t\n<style>\n#text-3289031470 {\n  font-size: 0.75rem;\n}\n@media (min-width:550px) {\n  #text-3289031470 {\n    font-size: 0.75rem;\n  }\n}\n@media (min-width:850px) {\n  #text-3289031470 {\n    font-size: 0.9rem;\n  }\n}\n<\/style>\n\t<\/div>\n\t\n\n\t\t<\/div>\n\t\t\t\t\t<\/div>\n\n\t\n\n\t<div id=\"col-1536427339\" class=\"col medium-2 small-12 large-2\"  >\n\t\t\t\t<div class=\"col-inner\"  >\n\t\t\t\n\t\t\t\n\n\t<div id=\"text-3836978991\" class=\"text\">\n\t\t\n\n<h2 style=\"text-align: center;\"><span style=\"color: #2cd1a1; font-size: 300%;\"><span class=\"count-up\">20<\/span><\/span><\/h2>\n<h3 style=\"text-align: center;\"><span style=\"color: #2cd1a1;\"><strong>MERCADOS<\/strong><\/span><\/h3>\n<p style=\"text-align: center;\">Pinturas, Metalurgia, Miner\u00eda, Petroqu\u00edmica, Construcci\u00f3n, Papel y Celulosa, Cauchos, Adhesivos, Pl\u00e1sticos, Textiles, Cosm\u00e9ticos, Productos para el Hogar, Lubricantes, Fertilizantes, Agro, Resinas, Poliuretanos, Az\u00facar y Alcohol, Grasas y Protecci\u00f3n contra Incendios<\/p>\n\t\t\n<style>\n#text-3836978991 {\n  font-size: 0.75rem;\n}\n@media (min-width:550px) {\n  #text-3836978991 {\n    font-size: 0.75rem;\n  }\n}\n@media (min-width:850px) {\n  #text-3836978991 {\n    font-size: 0.9rem;\n  }\n}\n<\/style>\n\t<\/div>\n\t\n\n\t\t<\/div>\n\t\t\t\t\t<\/div>\n\n\t\n\n\t<div id=\"col-1958991717\" class=\"col medium-2 small-12 large-2\"  >\n\t\t\t\t<div class=\"col-inner\"  >\n\t\t\t\n\t\t\t\n\n\t<div id=\"text-950601673\" class=\"text\">\n\t\t\n\n<h1 style=\"text-align: center;\"><span style=\"color: #2cd1a1; font-size: 300%;\"><span class=\"count-up\">100<\/span><\/span><\/h1>\n<h3 style=\"text-align: center;\"><span style=\"color: #2cd1a1;\"><strong>MIL m\u00b2<\/strong><\/span><\/h3>\n<p style=\"text-align: center;\"><span style=\"font-weight: 400;\">Estructura ubicada en Campinas\/SP con amplia capacidad de producci\u00f3n<\/span><\/p>\n\t\t\n<style>\n#text-950601673 {\n  font-size: 0.75rem;\n}\n@media (min-width:550px) {\n  #text-950601673 {\n    font-size: 0.75rem;\n  }\n}\n@media (min-width:850px) {\n  #text-950601673 {\n    font-size: 0.9rem;\n  }\n}\n<\/style>\n\t<\/div>\n\t\n\n\t\t<\/div>\n\t\t\t\t\t<\/div>\n\n\t\n\n\t<div id=\"col-373688168\" class=\"col medium-2 small-12 large-2\"  >\n\t\t\t\t<div class=\"col-inner\"  >\n\t\t\t\n\t\t\t\n\n\t<div id=\"text-91560828\" class=\"text\">\n\t\t\n\n<h2 style=\"text-align: center;\"><span style=\"color: #2cd1a1; font-size: 300%;\"><span class=\"count-up\">70<\/span><\/span><\/h2>\n<h3 style=\"text-align: center;\"><span style=\"color: #2cd1a1;\"><strong>A\u00d1OS<\/strong><\/span><\/h3>\n<p style=\"text-align: center;\">Desde 1954 con soluciones qu\u00edmicas personalizadas para el mercado industrial.<\/p>\n\t\t\n<style>\n#text-91560828 {\n  font-size: 0.75rem;\n}\n@media (min-width:550px) {\n  #text-91560828 {\n    font-size: 0.75rem;\n  }\n}\n@media (min-width:850px) {\n  #text-91560828 {\n    font-size: 0.9rem;\n  }\n}\n<\/style>\n\t<\/div>\n\t\n\n\t\t<\/div>\n\t\t\t\t\t<\/div>\n\n\t\n\n\t<div id=\"col-2139966746\" class=\"col medium-2 small-12 large-2\"  >\n\t\t\t\t<div class=\"col-inner\"  >\n\t\t\t\n\t\t\t\n\n\t<div id=\"text-506470188\" class=\"text\">\n\t\t\n\n<h2 style=\"text-align: center;\"><span style=\"color: #2cd1a1; font-size: 300%;\">+<span class=\"count-up\">270<\/span><\/h2>\n<h3 style=\"text-align: center;\"><span style=\"color: #2cd1a1;\"><strong>COLABORADORES<\/strong><\/span><\/h3>\n<p style=\"text-align: center;\"><span style=\"font-weight: 400;\">Profesionales experimentados y cualificados para proponer las mejores soluciones.<\/span><\/p>\n\t\t\n<style>\n#text-506470188 {\n  font-size: 0.75rem;\n}\n@media (min-width:550px) {\n  #text-506470188 {\n    font-size: 0.75rem;\n  }\n}\n@media (min-width:850px) {\n  #text-506470188 {\n    font-size: 0.9rem;\n  }\n}\n<\/style>\n\t<\/div>\n\t\n\n\t\t<\/div>\n\t\t\t\t\t<\/div>\n\n\t\n\n\n<style>\n#row-1156093242 > .col > .col-inner {\n  padding: 0px 10px 0px 10px;\n}\n<\/style>\n<\/div>\n\n\t\t<\/div>\n\n\t\t\n<style>\n#section_798764307 {\n  padding-top: 80px;\n  padding-bottom: 80px;\n  background-color: rgb(66, 84, 92);\n}\n<\/style>\n\t<\/section>\n\t\n\n\t<section class=\"section\" id=\"section_1826323923\">\n\t\t<div class=\"section-bg fill\" >\n\t\t\t\t\t\t\t\t\t\n\t\t\t\n\n\t\t<\/div>\n\n\t\t\n\n\t\t<div class=\"section-content relative\">\n\t\t\t\n\n<div class=\"row row-large align-middle align-center\"  id=\"row-902723705\">\n\n\n\t<div id=\"col-992250510\" class=\"col medium-6 small-12 large-6\"  >\n\t\t\t\t<div class=\"col-inner\"  >\n\t\t\t\n\t\t\t\n\n<h3 class=\"thin-font\"><span style=\"color: #008f70;\">La confianza es la base de nuestras relaciones, nuestro compromiso de honrar el pasado, valorar el presente y construir el futuro.<\/span><\/h3>\n<p>Somos incansables en la b\u00fasqueda de la excelencia. A trav\u00e9s de una inversi\u00f3n continua en infraestructura, mejoras de procesos y capacitaci\u00f3n de personas, siempre estamos un paso por delante. Nuestra infraestructura cuenta con laboratorios de investigaci\u00f3n propios, <strong>Planta de fabricaci\u00f3n de 100.000 m\u00b2<\/strong> y certificaciones internacionales, como <strong>ISO 9001. <\/strong>Adem\u00e1s, ofrecemos asistencia t\u00e9cnica integrada y <strong>gesti\u00f3n ambiental completa<\/strong> con control total sobre las emisiones contaminantes.<\/p>\n<p><span style=\"font-size: 100%;\">\u00a0<\/span><\/p>\n\n<a href=\"https:\/\/teste2.zaon.tech\/es\/esg\/\" class=\"button secondary is-outline is-large lowercase\"  style=\"border-radius:10px;\">\n\t\t<span>Compromiso<\/span>\n\t<\/a>\n\n\n\n\t\t<\/div>\n\t\t\t\t\t<\/div>\n\n\t\n\n\t<div id=\"col-12181551\" class=\"col medium-5 small-12 large-5\"  >\n\t\t\t\t<div class=\"col-inner\"  >\n\t\t\t\n\t\t\t\n\n\t<div class=\"img has-hover x md-x lg-x y md-y lg-y\" id=\"image_571555646\">\n\t\t\t\t\t\t\t\t<div class=\"img-inner dark\" >\n\t\t\t<img loading=\"lazy\" decoding=\"async\" width=\"473\" height=\"697\" src=\"https:\/\/teste2.zaon.tech\/wp-content\/uploads\/2024\/04\/unidade_destialcao_700px.jpg\" class=\"attachment-original size-original\" alt=\"\" srcset=\"https:\/\/teste2.zaon.tech\/wp-content\/uploads\/2024\/04\/unidade_destialcao_700px.jpg 473w, https:\/\/teste2.zaon.tech\/wp-content\/uploads\/2024\/04\/unidade_destialcao_700px-200x295.jpg 200w, https:\/\/teste2.zaon.tech\/wp-content\/uploads\/2024\/04\/unidade_destialcao_700px-204x300.jpg 204w, https:\/\/teste2.zaon.tech\/wp-content\/uploads\/2024\/04\/unidade_destialcao_700px-8x12.jpg 8w\" sizes=\"auto, (max-width: 473px) 100vw, 473px\" \/>\t\t\t\t\t\t\n\t\t\t\t\t<\/div>\n\t\t\t\t\t\t\t\t\n<style>\n#image_571555646 {\n  width: 77%;\n}\n<\/style>\n\t<\/div>\n\t\n\n\n\t\t<\/div>\n\t\t\t\t\t<\/div>\n\n\t\n\n<\/div>\n\n\t\t<\/div>\n\n\t\t\n<style>\n#section_1826323923 {\n  padding-top: 120px;\n  padding-bottom: 120px;\n}\n<\/style>\n\t<\/section>","protected":false},"excerpt":{"rendered":"","protected":false},"author":3,"featured_media":0,"parent":0,"menu_order":0,"comment_status":"closed","ping_status":"closed","template":"page-blank.php","meta":{"footnotes":""},"class_list":["post-344","page","type-page","status-publish","hentry"],"yoast_head":"<!-- This site is optimized with the Yoast SEO plugin v27.0 - https:\/\/yoast.com\/product\/yoast-seo-wordpress\/ -->\n<title>Miracema-Nuodex | Ind\u00fastria Qu\u00edmica<\/title>\n<meta name=\"description\" content=\"Desde 1954 combinamos inova\u00e7\u00e3o, compet\u00eancia t\u00e9cnica e cuidado ambiental. Especialidades qu\u00edmicas para diversas aplica\u00e7\u00f5es industriais.\" \/>\n<meta name=\"robots\" content=\"noindex, follow, max-snippet:-1, max-image-preview:large, max-video-preview:-1\" \/>\n<meta property=\"og:locale\" content=\"es_ES\" \/>\n<meta property=\"og:type\" content=\"article\" \/>\n<meta property=\"og:title\" content=\"Miracema-Nuodex | Ind\u00fastria Qu\u00edmica\" \/>\n<meta property=\"og:description\" content=\"Desde 1954 combinamos inova\u00e7\u00e3o, compet\u00eancia t\u00e9cnica e cuidado ambiental. Especialidades qu\u00edmicas para diversas aplica\u00e7\u00f5es industriais.\" \/>\n<meta property=\"og:url\" content=\"https:\/\/teste2.zaon.tech\/es\/\" \/>\n<meta property=\"og:site_name\" content=\"teste\" \/>\n<meta property=\"article:modified_time\" content=\"2025-04-28T11:50:11+00:00\" \/>\n<meta name=\"twitter:card\" content=\"summary_large_image\" \/>\n<meta name=\"twitter:label1\" content=\"Tiempo de lectura\" \/>\n\t<meta name=\"twitter:data1\" content=\"4 minutos\" \/>\n<script type=\"application\/ld+json\" class=\"yoast-schema-graph\">{\"@context\":\"https:\/\/schema.org\",\"@graph\":[{\"@type\":\"WebPage\",\"@id\":\"https:\/\/teste2.zaon.tech\/\",\"url\":\"https:\/\/teste2.zaon.tech\/\",\"name\":\"Miracema-Nuodex | Ind\u00fastria Qu\u00edmica\",\"isPartOf\":{\"@id\":\"https:\/\/teste2.zaon.tech\/#website\"},\"datePublished\":\"2024-04-26T11:00:02+00:00\",\"dateModified\":\"2025-04-28T11:50:11+00:00\",\"description\":\"Desde 1954 combinamos inova\u00e7\u00e3o, compet\u00eancia t\u00e9cnica e cuidado ambiental. Especialidades qu\u00edmicas para diversas aplica\u00e7\u00f5es industriais.\",\"breadcrumb\":{\"@id\":\"https:\/\/teste2.zaon.tech\/#breadcrumb\"},\"inLanguage\":\"es\",\"potentialAction\":[{\"@type\":\"ReadAction\",\"target\":[\"https:\/\/teste2.zaon.tech\/\"]}]},{\"@type\":\"BreadcrumbList\",\"@id\":\"https:\/\/teste2.zaon.tech\/#breadcrumb\",\"itemListElement\":[{\"@type\":\"ListItem\",\"position\":1,\"name\":\"In\u00edcio\",\"item\":\"https:\/\/teste2.zaon.tech\/\"},{\"@type\":\"ListItem\",\"position\":2,\"name\":\"Qu\u00edmica em Tudo\"}]},{\"@type\":\"WebSite\",\"@id\":\"https:\/\/teste2.zaon.tech\/#website\",\"url\":\"https:\/\/teste2.zaon.tech\/\",\"name\":\"Miracema-Nuodex\",\"description\":\"Qu\u00edmica em Tudo\",\"publisher\":{\"@id\":\"https:\/\/teste2.zaon.tech\/#organization\"},\"potentialAction\":[{\"@type\":\"SearchAction\",\"target\":{\"@type\":\"EntryPoint\",\"urlTemplate\":\"https:\/\/teste2.zaon.tech\/?s={search_term_string}\"},\"query-input\":{\"@type\":\"PropertyValueSpecification\",\"valueRequired\":true,\"valueName\":\"search_term_string\"}}],\"inLanguage\":\"es\"},{\"@type\":\"Organization\",\"@id\":\"https:\/\/teste2.zaon.tech\/#organization\",\"name\":\"Miracema-Nuodex\",\"url\":\"https:\/\/teste2.zaon.tech\/\",\"logo\":{\"@type\":\"ImageObject\",\"inLanguage\":\"es\",\"@id\":\"https:\/\/teste2.zaon.tech\/#\/schema\/logo\/image\/\",\"url\":\"https:\/\/teste2.zaon.tech\/wp-content\/uploads\/2024\/04\/Miracema_Nuodex_Vertical_Original.png\",\"contentUrl\":\"https:\/\/teste2.zaon.tech\/wp-content\/uploads\/2024\/04\/Miracema_Nuodex_Vertical_Original.png\",\"width\":400,\"height\":200,\"caption\":\"Miracema-Nuodex\"},\"image\":{\"@id\":\"https:\/\/teste2.zaon.tech\/#\/schema\/logo\/image\/\"}}]}<\/script>\n<!-- \/ Yoast SEO plugin. -->","yoast_head_json":{"title":"Miracema-Nuodex | Ind\u00fastria Qu\u00edmica","description":"Desde 1954 combinamos inova\u00e7\u00e3o, compet\u00eancia t\u00e9cnica e cuidado ambiental. Especialidades qu\u00edmicas para diversas aplica\u00e7\u00f5es industriais.","robots":{"index":"noindex","follow":"follow","max-snippet":"max-snippet:-1","max-image-preview":"max-image-preview:large","max-video-preview":"max-video-preview:-1"},"og_locale":"es_ES","og_type":"article","og_title":"Miracema-Nuodex | Ind\u00fastria Qu\u00edmica","og_description":"Desde 1954 combinamos inova\u00e7\u00e3o, compet\u00eancia t\u00e9cnica e cuidado ambiental. Especialidades qu\u00edmicas para diversas aplica\u00e7\u00f5es industriais.","og_url":"https:\/\/teste2.zaon.tech\/es\/","og_site_name":"teste","article_modified_time":"2025-04-28T11:50:11+00:00","twitter_card":"summary_large_image","twitter_misc":{"Tiempo de lectura":"4 minutos"},"schema":{"@context":"https:\/\/schema.org","@graph":[{"@type":"WebPage","@id":"https:\/\/teste2.zaon.tech\/","url":"https:\/\/teste2.zaon.tech\/","name":"Miracema-Nuodex | Ind\u00fastria Qu\u00edmica","isPartOf":{"@id":"https:\/\/teste2.zaon.tech\/#website"},"datePublished":"2024-04-26T11:00:02+00:00","dateModified":"2025-04-28T11:50:11+00:00","description":"Desde 1954 combinamos inova\u00e7\u00e3o, compet\u00eancia t\u00e9cnica e cuidado ambiental. Especialidades qu\u00edmicas para diversas aplica\u00e7\u00f5es industriais.","breadcrumb":{"@id":"https:\/\/teste2.zaon.tech\/#breadcrumb"},"inLanguage":"es","potentialAction":[{"@type":"ReadAction","target":["https:\/\/teste2.zaon.tech\/"]}]},{"@type":"BreadcrumbList","@id":"https:\/\/teste2.zaon.tech\/#breadcrumb","itemListElement":[{"@type":"ListItem","position":1,"name":"In\u00edcio","item":"https:\/\/teste2.zaon.tech\/"},{"@type":"ListItem","position":2,"name":"Qu\u00edmica em Tudo"}]},{"@type":"WebSite","@id":"https:\/\/teste2.zaon.tech\/#website","url":"https:\/\/teste2.zaon.tech\/","name":"Miracema-Nuodex","description":"Qu\u00edmica en todo","publisher":{"@id":"https:\/\/teste2.zaon.tech\/#organization"},"potentialAction":[{"@type":"SearchAction","target":{"@type":"EntryPoint","urlTemplate":"https:\/\/teste2.zaon.tech\/?s={search_term_string}"},"query-input":{"@type":"PropertyValueSpecification","valueRequired":true,"valueName":"search_term_string"}}],"inLanguage":"es"},{"@type":"Organization","@id":"https:\/\/teste2.zaon.tech\/#organization","name":"Miracema-Nuodex","url":"https:\/\/teste2.zaon.tech\/","logo":{"@type":"ImageObject","inLanguage":"es","@id":"https:\/\/teste2.zaon.tech\/#\/schema\/logo\/image\/","url":"https:\/\/teste2.zaon.tech\/wp-content\/uploads\/2024\/04\/Miracema_Nuodex_Vertical_Original.png","contentUrl":"https:\/\/teste2.zaon.tech\/wp-content\/uploads\/2024\/04\/Miracema_Nuodex_Vertical_Original.png","width":400,"height":200,"caption":"Miracema-Nuodex"},"image":{"@id":"https:\/\/teste2.zaon.tech\/#\/schema\/logo\/image\/"}}]}},"_links":{"self":[{"href":"https:\/\/teste2.zaon.tech\/es\/wp-json\/wp\/v2\/pages\/344","targetHints":{"allow":["GET"]}}],"collection":[{"href":"https:\/\/teste2.zaon.tech\/es\/wp-json\/wp\/v2\/pages"}],"about":[{"href":"https:\/\/teste2.zaon.tech\/es\/wp-json\/wp\/v2\/types\/page"}],"author":[{"embeddable":true,"href":"https:\/\/teste2.zaon.tech\/es\/wp-json\/wp\/v2\/users\/3"}],"replies":[{"embeddable":true,"href":"https:\/\/teste2.zaon.tech\/es\/wp-json\/wp\/v2\/comments?post=344"}],"version-history":[{"count":124,"href":"https:\/\/teste2.zaon.tech\/es\/wp-json\/wp\/v2\/pages\/344\/revisions"}],"predecessor-version":[{"id":1889,"href":"https:\/\/teste2.zaon.tech\/es\/wp-json\/wp\/v2\/pages\/344\/revisions\/1889"}],"wp:attachment":[{"href":"https:\/\/teste2.zaon.tech\/es\/wp-json\/wp\/v2\/media?parent=344"}],"curies":[{"name":"wp","href":"https:\/\/api.w.org\/{rel}","templated":true}]}}