{"id":1115,"date":"2024-08-30T18:23:07","date_gmt":"2024-08-30T21:23:07","guid":{"rendered":"https:\/\/miracema-nuodex.tech\/?page_id=1115"},"modified":"2025-04-28T08:49:41","modified_gmt":"2025-04-28T11:49:41","slug":"visao-missao-e-valores","status":"publish","type":"page","link":"https:\/\/teste2.zaon.tech\/es\/visao-missao-e-valores\/","title":{"rendered":"Visi\u00f3n, Misi\u00f3n y Valores"},"content":{"rendered":"<h4><span data-text-color=\"secondary\"><strong>Misi\u00f3n, Visi\u00f3n y Valores<\/strong><\/span><\/h4>\n<p>\u00a0<\/p>\n<p>Miracema-Nuodex es una industria qu\u00edmica brasile\u00f1a fundada en 1954, ubicada en la ciudad de Campinas, estado de S\u00e3o Paulo, y tiene como objetivo suministrar, para el mercado nacional e internacional, productos qu\u00edmicos a sus clientes, que son, en su mayor\u00eda Por parte, otras empresas de diversos segmentos que transforman estos productos en innumerables materiales industrializados.<\/p>\n<p>En este contexto, con el fin de apoyar su direcci\u00f3n estrat\u00e9gica, establece:<\/p>\n<ul>\n<li><span data-text-color=\"secondary\"><strong>Visi\u00f3n: <\/strong><\/span>Seguir siendo una empresa de referencia en el suministro de productos qu\u00edmicos, a trav\u00e9s de acciones comprometidas con la calidad, la innovaci\u00f3n, la sostenibilidad y la seguridad.<\/li>\n<\/ul>\n<p>\u00a0<\/p>\n<ul>\n<li><span data-text-color=\"secondary\"><strong>Misi\u00f3n<\/strong>:<\/span> desarrollar, fabricar y comercializar productos y servicios qu\u00edmicos asociados a la calidad, la sostenibilidad y la seguridad, con el fin de generar valor para nuestros clientes, proveedores, empleados, comunidad y socios.<\/li>\n<\/ul>\n<p>\u00a0<\/p>\n<ul>\n<li><span data-text-color=\"secondary\"><strong>Valores:<\/strong><\/span><\/li>\n<\/ul>\n<p><strong>Innovaci\u00f3n<\/strong>: buscamos continuamente nuevas soluciones y mejoras en productos y servicios y procesos asociados;<\/p>\n<p><strong>Sostenibilidad<\/strong>: estamos comprometidos con la responsabilidad social, el respeto por el medio ambiente y la competitividad econ\u00f3mica;<\/p>\n<p><strong>Integridad (\u00e9tica)<\/strong>: practicamos la honestidad, la confidencialidad, la seriedad y la transparencia en las relaciones con nuestros socios;<\/p>\n<p><strong>Respeto por las personas<\/strong>: reconocemos las diferencias en valores individuales y culturales, tratando a todos con respeto y dignidad;<\/p>\n<p><strong>Calidad<\/strong>: es incuestionable! Siempre buscamos mejoras en nuestros procesos, productos y servicios asociados;<\/p>\n<p><strong>Seguridad<\/strong>: s\u00f3lo lo hacemos despu\u00e9s de evaluar, identificar, eliminar o mitigar los riesgos involucrados.<\/p>\n<p>\u00a0<\/p>\n<p><strong>noviembre 2016<\/strong><\/p>","protected":false},"excerpt":{"rendered":"","protected":false},"author":3,"featured_media":0,"parent":0,"menu_order":0,"comment_status":"closed","ping_status":"closed","template":"","meta":{"footnotes":""},"class_list":["post-1115","page","type-page","status-publish","hentry"],"yoast_head":"<!-- This site is optimized with the Yoast SEO plugin v27.0 - https:\/\/yoast.com\/product\/yoast-seo-wordpress\/ -->\n<title>Vis\u00e3o, Miss\u00e3o e Valores - teste<\/title>\n<meta name=\"description\" content=\"Miracema-Nuodex, ind\u00fastria qu\u00edmica fundada em 1954 em Campinas, fornece produtos qu\u00edmicos para mercados nacional e internacional e m\u00faltiplos segmentos.\" \/>\n<meta name=\"robots\" content=\"noindex, follow, max-snippet:-1, max-image-preview:large, max-video-preview:-1\" \/>\n<meta property=\"og:locale\" content=\"es_ES\" \/>\n<meta property=\"og:type\" content=\"article\" \/>\n<meta property=\"og:title\" content=\"Vis\u00e3o, Miss\u00e3o e Valores - teste\" \/>\n<meta property=\"og:description\" content=\"Miracema-Nuodex, ind\u00fastria qu\u00edmica fundada em 1954 em Campinas, fornece produtos qu\u00edmicos para mercados nacional e internacional e m\u00faltiplos segmentos.\" \/>\n<meta property=\"og:url\" content=\"https:\/\/teste2.zaon.tech\/es\/visao-missao-e-valores\/\" \/>\n<meta property=\"og:site_name\" content=\"teste\" \/>\n<meta property=\"article:modified_time\" content=\"2025-04-28T11:49:41+00:00\" \/>\n<meta name=\"twitter:card\" content=\"summary_large_image\" \/>\n<meta name=\"twitter:label1\" content=\"Tiempo de lectura\" \/>\n\t<meta name=\"twitter:data1\" content=\"2 minutos\" \/>\n<script type=\"application\/ld+json\" class=\"yoast-schema-graph\">{\"@context\":\"https:\/\/schema.org\",\"@graph\":[{\"@type\":\"WebPage\",\"@id\":\"https:\/\/teste2.zaon.tech\/visao-missao-e-valores\/\",\"url\":\"https:\/\/teste2.zaon.tech\/visao-missao-e-valores\/\",\"name\":\"Vis\u00e3o, Miss\u00e3o e Valores - teste\",\"isPartOf\":{\"@id\":\"https:\/\/teste2.zaon.tech\/#website\"},\"datePublished\":\"2024-08-30T21:23:07+00:00\",\"dateModified\":\"2025-04-28T11:49:41+00:00\",\"description\":\"Miracema-Nuodex, ind\u00fastria qu\u00edmica fundada em 1954 em Campinas, fornece produtos qu\u00edmicos para mercados nacional e internacional e m\u00faltiplos segmentos.\",\"breadcrumb\":{\"@id\":\"https:\/\/teste2.zaon.tech\/visao-missao-e-valores\/#breadcrumb\"},\"inLanguage\":\"es\",\"potentialAction\":[{\"@type\":\"ReadAction\",\"target\":[\"https:\/\/teste2.zaon.tech\/visao-missao-e-valores\/\"]}]},{\"@type\":\"BreadcrumbList\",\"@id\":\"https:\/\/teste2.zaon.tech\/visao-missao-e-valores\/#breadcrumb\",\"itemListElement\":[{\"@type\":\"ListItem\",\"position\":1,\"name\":\"In\u00edcio\",\"item\":\"https:\/\/teste2.zaon.tech\/\"},{\"@type\":\"ListItem\",\"position\":2,\"name\":\"Vis\u00e3o, Miss\u00e3o e Valores\"}]},{\"@type\":\"WebSite\",\"@id\":\"https:\/\/teste2.zaon.tech\/#website\",\"url\":\"https:\/\/teste2.zaon.tech\/\",\"name\":\"Miracema-Nuodex\",\"description\":\"Qu\u00edmica em Tudo\",\"publisher\":{\"@id\":\"https:\/\/teste2.zaon.tech\/#organization\"},\"potentialAction\":[{\"@type\":\"SearchAction\",\"target\":{\"@type\":\"EntryPoint\",\"urlTemplate\":\"https:\/\/teste2.zaon.tech\/?s={search_term_string}\"},\"query-input\":{\"@type\":\"PropertyValueSpecification\",\"valueRequired\":true,\"valueName\":\"search_term_string\"}}],\"inLanguage\":\"es\"},{\"@type\":\"Organization\",\"@id\":\"https:\/\/teste2.zaon.tech\/#organization\",\"name\":\"Miracema-Nuodex\",\"url\":\"https:\/\/teste2.zaon.tech\/\",\"logo\":{\"@type\":\"ImageObject\",\"inLanguage\":\"es\",\"@id\":\"https:\/\/teste2.zaon.tech\/#\/schema\/logo\/image\/\",\"url\":\"https:\/\/teste2.zaon.tech\/wp-content\/uploads\/2024\/04\/Miracema_Nuodex_Vertical_Original.png\",\"contentUrl\":\"https:\/\/teste2.zaon.tech\/wp-content\/uploads\/2024\/04\/Miracema_Nuodex_Vertical_Original.png\",\"width\":400,\"height\":200,\"caption\":\"Miracema-Nuodex\"},\"image\":{\"@id\":\"https:\/\/teste2.zaon.tech\/#\/schema\/logo\/image\/\"}}]}<\/script>\n<!-- \/ Yoast SEO plugin. -->","yoast_head_json":{"title":"Vis\u00e3o, Miss\u00e3o e Valores - teste","description":"Miracema-Nuodex, ind\u00fastria qu\u00edmica fundada em 1954 em Campinas, fornece produtos qu\u00edmicos para mercados nacional e internacional e m\u00faltiplos segmentos.","robots":{"index":"noindex","follow":"follow","max-snippet":"max-snippet:-1","max-image-preview":"max-image-preview:large","max-video-preview":"max-video-preview:-1"},"og_locale":"es_ES","og_type":"article","og_title":"Vis\u00e3o, Miss\u00e3o e Valores - teste","og_description":"Miracema-Nuodex, ind\u00fastria qu\u00edmica fundada em 1954 em Campinas, fornece produtos qu\u00edmicos para mercados nacional e internacional e m\u00faltiplos segmentos.","og_url":"https:\/\/teste2.zaon.tech\/es\/visao-missao-e-valores\/","og_site_name":"teste","article_modified_time":"2025-04-28T11:49:41+00:00","twitter_card":"summary_large_image","twitter_misc":{"Tiempo de lectura":"2 minutos"},"schema":{"@context":"https:\/\/schema.org","@graph":[{"@type":"WebPage","@id":"https:\/\/teste2.zaon.tech\/visao-missao-e-valores\/","url":"https:\/\/teste2.zaon.tech\/visao-missao-e-valores\/","name":"Vis\u00e3o, Miss\u00e3o e Valores - teste","isPartOf":{"@id":"https:\/\/teste2.zaon.tech\/#website"},"datePublished":"2024-08-30T21:23:07+00:00","dateModified":"2025-04-28T11:49:41+00:00","description":"Miracema-Nuodex, ind\u00fastria qu\u00edmica fundada em 1954 em Campinas, fornece produtos qu\u00edmicos para mercados nacional e internacional e m\u00faltiplos segmentos.","breadcrumb":{"@id":"https:\/\/teste2.zaon.tech\/visao-missao-e-valores\/#breadcrumb"},"inLanguage":"es","potentialAction":[{"@type":"ReadAction","target":["https:\/\/teste2.zaon.tech\/visao-missao-e-valores\/"]}]},{"@type":"BreadcrumbList","@id":"https:\/\/teste2.zaon.tech\/visao-missao-e-valores\/#breadcrumb","itemListElement":[{"@type":"ListItem","position":1,"name":"In\u00edcio","item":"https:\/\/teste2.zaon.tech\/"},{"@type":"ListItem","position":2,"name":"Vis\u00e3o, Miss\u00e3o e Valores"}]},{"@type":"WebSite","@id":"https:\/\/teste2.zaon.tech\/#website","url":"https:\/\/teste2.zaon.tech\/","name":"Miracema-Nuodex","description":"Qu\u00edmica en todo","publisher":{"@id":"https:\/\/teste2.zaon.tech\/#organization"},"potentialAction":[{"@type":"SearchAction","target":{"@type":"EntryPoint","urlTemplate":"https:\/\/teste2.zaon.tech\/?s={search_term_string}"},"query-input":{"@type":"PropertyValueSpecification","valueRequired":true,"valueName":"search_term_string"}}],"inLanguage":"es"},{"@type":"Organization","@id":"https:\/\/teste2.zaon.tech\/#organization","name":"Miracema-Nuodex","url":"https:\/\/teste2.zaon.tech\/","logo":{"@type":"ImageObject","inLanguage":"es","@id":"https:\/\/teste2.zaon.tech\/#\/schema\/logo\/image\/","url":"https:\/\/teste2.zaon.tech\/wp-content\/uploads\/2024\/04\/Miracema_Nuodex_Vertical_Original.png","contentUrl":"https:\/\/teste2.zaon.tech\/wp-content\/uploads\/2024\/04\/Miracema_Nuodex_Vertical_Original.png","width":400,"height":200,"caption":"Miracema-Nuodex"},"image":{"@id":"https:\/\/teste2.zaon.tech\/#\/schema\/logo\/image\/"}}]}},"_links":{"self":[{"href":"https:\/\/teste2.zaon.tech\/es\/wp-json\/wp\/v2\/pages\/1115","targetHints":{"allow":["GET"]}}],"collection":[{"href":"https:\/\/teste2.zaon.tech\/es\/wp-json\/wp\/v2\/pages"}],"about":[{"href":"https:\/\/teste2.zaon.tech\/es\/wp-json\/wp\/v2\/types\/page"}],"author":[{"embeddable":true,"href":"https:\/\/teste2.zaon.tech\/es\/wp-json\/wp\/v2\/users\/3"}],"replies":[{"embeddable":true,"href":"https:\/\/teste2.zaon.tech\/es\/wp-json\/wp\/v2\/comments?post=1115"}],"version-history":[{"count":5,"href":"https:\/\/teste2.zaon.tech\/es\/wp-json\/wp\/v2\/pages\/1115\/revisions"}],"predecessor-version":[{"id":1884,"href":"https:\/\/teste2.zaon.tech\/es\/wp-json\/wp\/v2\/pages\/1115\/revisions\/1884"}],"wp:attachment":[{"href":"https:\/\/teste2.zaon.tech\/es\/wp-json\/wp\/v2\/media?parent=1115"}],"curies":[{"name":"wp","href":"https:\/\/api.w.org\/{rel}","templated":true}]}}