{"id":1112,"date":"2024-08-30T18:19:59","date_gmt":"2024-08-30T21:19:59","guid":{"rendered":"https:\/\/miracema-nuodex.tech\/?page_id=1112"},"modified":"2024-10-29T08:56:38","modified_gmt":"2024-10-29T11:56:38","slug":"politica-de-qualidade","status":"publish","type":"page","link":"https:\/\/teste2.zaon.tech\/es\/politica-de-qualidade\/","title":{"rendered":"Pol\u00edtica de Calidad"},"content":{"rendered":"<p>Miracema-Nuodex es una industria qu\u00edmica brasile\u00f1a fundada en 1954, ubicada en la ciudad de Campinas, estado de S\u00e3o Paulo, y tiene como objetivo suministrar, para el mercado nacional e internacional, productos qu\u00edmicos a sus clientes, que son, en su mayor\u00eda Por parte, otras empresas de diversos segmentos que transforman estos productos en innumerables materiales industrializados.<br \/>En este contexto, con el fin de apoyar su direcci\u00f3n estrat\u00e9gica, establece:<\/p>\n<p>\u00a0<\/p>\n<p><span data-text-color=\"secondary\"><strong>Pol\u00edtica de Calidad<\/strong><\/span><\/p>\n<p>Desarrollar, producir y suministrar productos qu\u00edmicos para satisfacer los requisitos iniciales y continuos de calidad y rendimiento de los clientes.<br \/>Aseg\u00farese de que todos los empleados est\u00e9n comprometidos a cumplir los requisitos y mejorar continuamente la eficacia del sistema de gesti\u00f3n de calidad.<\/p>\n<p>\u00a0<\/p>\n<p><span data-text-color=\"secondary\"><strong>Equipo<\/strong><\/span><\/p>\n<p>\u2022 Innovar constantemente la l\u00ednea de productos;<br \/>\u2022 Mejorar continuamente la eficacia del sistema de gesti\u00f3n de calidad;<br \/>\u2022 Controlar los procesos de fabricaci\u00f3n para asegurar los requisitos de calidad establecidos para los productos;<br \/>\u2022 Abordar acciones preventivas en sus procesos y tomar acciones correctivas cuando ocurran desviaciones en relaci\u00f3n a los requisitos especificados;<br \/>\u2022 Capacitar a los empleados para sensibilizar sobre la Pol\u00edtica y el Sistema de Calidad;<br \/>\u2022 Establecer, medir y monitorear objetivos de calidad;<br \/>\u2022 Satisfacer las expectativas, requisitos especificados, legales y reglamentarios de las partes interesadas relevantes al sistema de gesti\u00f3n de la calidad.<\/p>\n<p>\u00a0<\/p>\n<p><strong>Rev.3 (noviembre de 2016)<\/strong><\/p>","protected":false},"excerpt":{"rendered":"","protected":false},"author":3,"featured_media":0,"parent":0,"menu_order":0,"comment_status":"closed","ping_status":"closed","template":"","meta":{"footnotes":""},"class_list":["post-1112","page","type-page","status-publish","hentry"],"yoast_head":"<!-- This site is optimized with the Yoast SEO plugin v27.0 - https:\/\/yoast.com\/product\/yoast-seo-wordpress\/ -->\n<title>Pol\u00edtica de Qualidade | teste<\/title>\n<meta name=\"description\" content=\"Desenvolver, produzir e fornecer produtos qu\u00edmicos de forma a satisfazer os requisitos iniciais e cont\u00ednuos de qualidade e desempenho nos clientes.\" \/>\n<meta name=\"robots\" content=\"noindex, follow, max-snippet:-1, max-image-preview:large, max-video-preview:-1\" \/>\n<meta property=\"og:locale\" content=\"es_ES\" \/>\n<meta property=\"og:type\" content=\"article\" \/>\n<meta property=\"og:title\" content=\"Pol\u00edtica de Qualidade | teste\" \/>\n<meta property=\"og:description\" content=\"Desenvolver, produzir e fornecer produtos qu\u00edmicos de forma a satisfazer os requisitos iniciais e cont\u00ednuos de qualidade e desempenho nos clientes.\" \/>\n<meta property=\"og:url\" content=\"https:\/\/teste2.zaon.tech\/es\/politica-de-qualidade\/\" \/>\n<meta property=\"og:site_name\" content=\"teste\" \/>\n<meta property=\"article:modified_time\" content=\"2024-10-29T11:56:38+00:00\" \/>\n<meta name=\"twitter:card\" content=\"summary_large_image\" \/>\n<meta name=\"twitter:label1\" content=\"Tiempo de lectura\" \/>\n\t<meta name=\"twitter:data1\" content=\"2 minutos\" \/>\n<script type=\"application\/ld+json\" class=\"yoast-schema-graph\">{\"@context\":\"https:\/\/schema.org\",\"@graph\":[{\"@type\":\"WebPage\",\"@id\":\"https:\/\/teste2.zaon.tech\/politica-de-qualidade\/\",\"url\":\"https:\/\/teste2.zaon.tech\/politica-de-qualidade\/\",\"name\":\"Pol\u00edtica de Qualidade | teste\",\"isPartOf\":{\"@id\":\"https:\/\/teste2.zaon.tech\/#website\"},\"datePublished\":\"2024-08-30T21:19:59+00:00\",\"dateModified\":\"2024-10-29T11:56:38+00:00\",\"description\":\"Desenvolver, produzir e fornecer produtos qu\u00edmicos de forma a satisfazer os requisitos iniciais e cont\u00ednuos de qualidade e desempenho nos clientes.\",\"breadcrumb\":{\"@id\":\"https:\/\/teste2.zaon.tech\/politica-de-qualidade\/#breadcrumb\"},\"inLanguage\":\"es\",\"potentialAction\":[{\"@type\":\"ReadAction\",\"target\":[\"https:\/\/teste2.zaon.tech\/politica-de-qualidade\/\"]}]},{\"@type\":\"BreadcrumbList\",\"@id\":\"https:\/\/teste2.zaon.tech\/politica-de-qualidade\/#breadcrumb\",\"itemListElement\":[{\"@type\":\"ListItem\",\"position\":1,\"name\":\"In\u00edcio\",\"item\":\"https:\/\/teste2.zaon.tech\/\"},{\"@type\":\"ListItem\",\"position\":2,\"name\":\"Pol\u00edtica de Qualidade\"}]},{\"@type\":\"WebSite\",\"@id\":\"https:\/\/teste2.zaon.tech\/#website\",\"url\":\"https:\/\/teste2.zaon.tech\/\",\"name\":\"Miracema-Nuodex\",\"description\":\"Qu\u00edmica em Tudo\",\"publisher\":{\"@id\":\"https:\/\/teste2.zaon.tech\/#organization\"},\"potentialAction\":[{\"@type\":\"SearchAction\",\"target\":{\"@type\":\"EntryPoint\",\"urlTemplate\":\"https:\/\/teste2.zaon.tech\/?s={search_term_string}\"},\"query-input\":{\"@type\":\"PropertyValueSpecification\",\"valueRequired\":true,\"valueName\":\"search_term_string\"}}],\"inLanguage\":\"es\"},{\"@type\":\"Organization\",\"@id\":\"https:\/\/teste2.zaon.tech\/#organization\",\"name\":\"Miracema-Nuodex\",\"url\":\"https:\/\/teste2.zaon.tech\/\",\"logo\":{\"@type\":\"ImageObject\",\"inLanguage\":\"es\",\"@id\":\"https:\/\/teste2.zaon.tech\/#\/schema\/logo\/image\/\",\"url\":\"https:\/\/teste2.zaon.tech\/wp-content\/uploads\/2024\/04\/Miracema_Nuodex_Vertical_Original.png\",\"contentUrl\":\"https:\/\/teste2.zaon.tech\/wp-content\/uploads\/2024\/04\/Miracema_Nuodex_Vertical_Original.png\",\"width\":400,\"height\":200,\"caption\":\"Miracema-Nuodex\"},\"image\":{\"@id\":\"https:\/\/teste2.zaon.tech\/#\/schema\/logo\/image\/\"}}]}<\/script>\n<!-- \/ Yoast SEO plugin. -->","yoast_head_json":{"title":"Pol\u00edtica de Qualidade | teste","description":"Desarrollar, producir y suministrar productos qu\u00edmicos para satisfacer los requisitos iniciales y continuos de calidad y rendimiento de los clientes.","robots":{"index":"noindex","follow":"follow","max-snippet":"max-snippet:-1","max-image-preview":"max-image-preview:large","max-video-preview":"max-video-preview:-1"},"og_locale":"es_ES","og_type":"article","og_title":"Pol\u00edtica de Qualidade | teste","og_description":"Desenvolver, produzir e fornecer produtos qu\u00edmicos de forma a satisfazer os requisitos iniciais e cont\u00ednuos de qualidade e desempenho nos clientes.","og_url":"https:\/\/teste2.zaon.tech\/es\/politica-de-qualidade\/","og_site_name":"teste","article_modified_time":"2024-10-29T11:56:38+00:00","twitter_card":"summary_large_image","twitter_misc":{"Tiempo de lectura":"2 minutos"},"schema":{"@context":"https:\/\/schema.org","@graph":[{"@type":"WebPage","@id":"https:\/\/teste2.zaon.tech\/politica-de-qualidade\/","url":"https:\/\/teste2.zaon.tech\/politica-de-qualidade\/","name":"Pol\u00edtica de Qualidade | teste","isPartOf":{"@id":"https:\/\/teste2.zaon.tech\/#website"},"datePublished":"2024-08-30T21:19:59+00:00","dateModified":"2024-10-29T11:56:38+00:00","description":"Desarrollar, producir y suministrar productos qu\u00edmicos para satisfacer los requisitos iniciales y continuos de calidad y rendimiento de los clientes.","breadcrumb":{"@id":"https:\/\/teste2.zaon.tech\/politica-de-qualidade\/#breadcrumb"},"inLanguage":"es","potentialAction":[{"@type":"ReadAction","target":["https:\/\/teste2.zaon.tech\/politica-de-qualidade\/"]}]},{"@type":"BreadcrumbList","@id":"https:\/\/teste2.zaon.tech\/politica-de-qualidade\/#breadcrumb","itemListElement":[{"@type":"ListItem","position":1,"name":"In\u00edcio","item":"https:\/\/teste2.zaon.tech\/"},{"@type":"ListItem","position":2,"name":"Pol\u00edtica de Qualidade"}]},{"@type":"WebSite","@id":"https:\/\/teste2.zaon.tech\/#website","url":"https:\/\/teste2.zaon.tech\/","name":"Miracema-Nuodex","description":"Qu\u00edmica en todo","publisher":{"@id":"https:\/\/teste2.zaon.tech\/#organization"},"potentialAction":[{"@type":"SearchAction","target":{"@type":"EntryPoint","urlTemplate":"https:\/\/teste2.zaon.tech\/?s={search_term_string}"},"query-input":{"@type":"PropertyValueSpecification","valueRequired":true,"valueName":"search_term_string"}}],"inLanguage":"es"},{"@type":"Organization","@id":"https:\/\/teste2.zaon.tech\/#organization","name":"Miracema-Nuodex","url":"https:\/\/teste2.zaon.tech\/","logo":{"@type":"ImageObject","inLanguage":"es","@id":"https:\/\/teste2.zaon.tech\/#\/schema\/logo\/image\/","url":"https:\/\/teste2.zaon.tech\/wp-content\/uploads\/2024\/04\/Miracema_Nuodex_Vertical_Original.png","contentUrl":"https:\/\/teste2.zaon.tech\/wp-content\/uploads\/2024\/04\/Miracema_Nuodex_Vertical_Original.png","width":400,"height":200,"caption":"Miracema-Nuodex"},"image":{"@id":"https:\/\/teste2.zaon.tech\/#\/schema\/logo\/image\/"}}]}},"_links":{"self":[{"href":"https:\/\/teste2.zaon.tech\/es\/wp-json\/wp\/v2\/pages\/1112","targetHints":{"allow":["GET"]}}],"collection":[{"href":"https:\/\/teste2.zaon.tech\/es\/wp-json\/wp\/v2\/pages"}],"about":[{"href":"https:\/\/teste2.zaon.tech\/es\/wp-json\/wp\/v2\/types\/page"}],"author":[{"embeddable":true,"href":"https:\/\/teste2.zaon.tech\/es\/wp-json\/wp\/v2\/users\/3"}],"replies":[{"embeddable":true,"href":"https:\/\/teste2.zaon.tech\/es\/wp-json\/wp\/v2\/comments?post=1112"}],"version-history":[{"count":5,"href":"https:\/\/teste2.zaon.tech\/es\/wp-json\/wp\/v2\/pages\/1112\/revisions"}],"predecessor-version":[{"id":1255,"href":"https:\/\/teste2.zaon.tech\/es\/wp-json\/wp\/v2\/pages\/1112\/revisions\/1255"}],"wp:attachment":[{"href":"https:\/\/teste2.zaon.tech\/es\/wp-json\/wp\/v2\/media?parent=1112"}],"curies":[{"name":"wp","href":"https:\/\/api.w.org\/{rel}","templated":true}]}}