{"id":1103,"date":"2024-08-30T18:11:50","date_gmt":"2024-08-30T21:11:50","guid":{"rendered":"https:\/\/miracema-nuodex.tech\/?page_id=1103"},"modified":"2024-10-29T08:56:49","modified_gmt":"2024-10-29T11:56:49","slug":"politica-ambiental-2","status":"publish","type":"page","link":"https:\/\/teste2.zaon.tech\/es\/politica-ambiental-2\/","title":{"rendered":"Pol\u00edtica ambiental"},"content":{"rendered":"<h4><span data-text-color=\"secondary\"><strong>Pol\u00edtica ambiental<\/strong><\/span><\/h4>\n<p>\u00a0<\/p>\n<p>Miracema-Nuodex es una empresa qu\u00edmica, ubicada en la ciudad de Campinas-SP, y consciente de su responsabilidad con el medio ambiente.<br \/>Se enfoca en conocer y minimizar los impactos ambientales asociados a sus actividades, productos y servicios, con \u00e9nfasis en la generaci\u00f3n de residuos, emisiones atmosf\u00e9ricas, efluentes industriales y el uso de recursos naturales.<\/p>\n<p>Busca no s\u00f3lo cumplir con los requisitos legales y otros requisitos aplicables, sino tambi\u00e9n prevenir la contaminaci\u00f3n y mejorar continuamente su desempe\u00f1o ambiental.<\/p>\n<p><strong><br \/><span data-text-color=\"secondary\">Equipo<\/span><\/strong><\/p>\n<p>\u2022 Mantener la interacci\u00f3n entre la comunidad y la empresa.<br \/>\u2022 Promover una amplia conciencia sobre los temas ambientales entre los empleados.<br \/>\u2022 Mantener una relaci\u00f3n proactiva con las entidades ambientales.<br \/>\u2022 Promover la mejora continua del SGA mediante el establecimiento y revisi\u00f3n de objetivos y metas ambientales.<br \/>\u2022 Minimizar la generaci\u00f3n de residuos.<br \/>\u2022 Disponer adecuadamente de los residuos generados.<br \/>\u2022 Mantener activa la investigaci\u00f3n encaminada a la reutilizaci\u00f3n de estos residuos.<br \/>\u2022 Optimizar el consumo de recursos naturales.<br \/>\u2022 Tratar los efluentes industriales.<br \/>\u2022 Controlar las emisiones atmosf\u00e9ricas.<br \/><br \/><strong>Rev.0, junio\/2008<\/strong><\/p>","protected":false},"excerpt":{"rendered":"","protected":false},"author":3,"featured_media":0,"parent":0,"menu_order":0,"comment_status":"closed","ping_status":"closed","template":"","meta":{"footnotes":""},"class_list":["post-1103","page","type-page","status-publish","hentry"],"yoast_head":"<!-- This site is optimized with the Yoast SEO plugin v27.0 - https:\/\/yoast.com\/product\/yoast-seo-wordpress\/ -->\n<title>Pol\u00edtica Ambiental | teste<\/title>\n<meta name=\"robots\" content=\"noindex, follow, max-snippet:-1, max-image-preview:large, max-video-preview:-1\" \/>\n<meta property=\"og:locale\" content=\"es_ES\" \/>\n<meta property=\"og:type\" content=\"article\" \/>\n<meta property=\"og:title\" content=\"Pol\u00edtica Ambiental | teste\" \/>\n<meta property=\"og:url\" content=\"https:\/\/teste2.zaon.tech\/es\/politica-ambiental-2\/\" \/>\n<meta property=\"og:site_name\" content=\"teste\" \/>\n<meta property=\"article:modified_time\" content=\"2024-10-29T11:56:49+00:00\" \/>\n<meta name=\"twitter:card\" content=\"summary_large_image\" \/>\n<meta name=\"twitter:label1\" content=\"Tiempo de lectura\" \/>\n\t<meta name=\"twitter:data1\" content=\"1 minuto\" \/>\n<script type=\"application\/ld+json\" class=\"yoast-schema-graph\">{\"@context\":\"https:\/\/schema.org\",\"@graph\":[{\"@type\":\"WebPage\",\"@id\":\"https:\/\/teste2.zaon.tech\/politica-ambiental-2\/\",\"url\":\"https:\/\/teste2.zaon.tech\/politica-ambiental-2\/\",\"name\":\"Pol\u00edtica Ambiental | teste\",\"isPartOf\":{\"@id\":\"https:\/\/teste2.zaon.tech\/#website\"},\"datePublished\":\"2024-08-30T21:11:50+00:00\",\"dateModified\":\"2024-10-29T11:56:49+00:00\",\"breadcrumb\":{\"@id\":\"https:\/\/teste2.zaon.tech\/politica-ambiental-2\/#breadcrumb\"},\"inLanguage\":\"es\",\"potentialAction\":[{\"@type\":\"ReadAction\",\"target\":[\"https:\/\/teste2.zaon.tech\/politica-ambiental-2\/\"]}]},{\"@type\":\"BreadcrumbList\",\"@id\":\"https:\/\/teste2.zaon.tech\/politica-ambiental-2\/#breadcrumb\",\"itemListElement\":[{\"@type\":\"ListItem\",\"position\":1,\"name\":\"In\u00edcio\",\"item\":\"https:\/\/teste2.zaon.tech\/\"},{\"@type\":\"ListItem\",\"position\":2,\"name\":\"Pol\u00edtica Ambiental\"}]},{\"@type\":\"WebSite\",\"@id\":\"https:\/\/teste2.zaon.tech\/#website\",\"url\":\"https:\/\/teste2.zaon.tech\/\",\"name\":\"Miracema-Nuodex\",\"description\":\"Qu\u00edmica em Tudo\",\"publisher\":{\"@id\":\"https:\/\/teste2.zaon.tech\/#organization\"},\"potentialAction\":[{\"@type\":\"SearchAction\",\"target\":{\"@type\":\"EntryPoint\",\"urlTemplate\":\"https:\/\/teste2.zaon.tech\/?s={search_term_string}\"},\"query-input\":{\"@type\":\"PropertyValueSpecification\",\"valueRequired\":true,\"valueName\":\"search_term_string\"}}],\"inLanguage\":\"es\"},{\"@type\":\"Organization\",\"@id\":\"https:\/\/teste2.zaon.tech\/#organization\",\"name\":\"Miracema-Nuodex\",\"url\":\"https:\/\/teste2.zaon.tech\/\",\"logo\":{\"@type\":\"ImageObject\",\"inLanguage\":\"es\",\"@id\":\"https:\/\/teste2.zaon.tech\/#\/schema\/logo\/image\/\",\"url\":\"https:\/\/teste2.zaon.tech\/wp-content\/uploads\/2024\/04\/Miracema_Nuodex_Vertical_Original.png\",\"contentUrl\":\"https:\/\/teste2.zaon.tech\/wp-content\/uploads\/2024\/04\/Miracema_Nuodex_Vertical_Original.png\",\"width\":400,\"height\":200,\"caption\":\"Miracema-Nuodex\"},\"image\":{\"@id\":\"https:\/\/teste2.zaon.tech\/#\/schema\/logo\/image\/\"}}]}<\/script>\n<!-- \/ Yoast SEO plugin. -->","yoast_head_json":{"title":"Pol\u00edtica Ambiental | teste","robots":{"index":"noindex","follow":"follow","max-snippet":"max-snippet:-1","max-image-preview":"max-image-preview:large","max-video-preview":"max-video-preview:-1"},"og_locale":"es_ES","og_type":"article","og_title":"Pol\u00edtica Ambiental | teste","og_url":"https:\/\/teste2.zaon.tech\/es\/politica-ambiental-2\/","og_site_name":"teste","article_modified_time":"2024-10-29T11:56:49+00:00","twitter_card":"summary_large_image","twitter_misc":{"Tiempo de lectura":"1 minuto"},"schema":{"@context":"https:\/\/schema.org","@graph":[{"@type":"WebPage","@id":"https:\/\/teste2.zaon.tech\/politica-ambiental-2\/","url":"https:\/\/teste2.zaon.tech\/politica-ambiental-2\/","name":"Pol\u00edtica Ambiental | teste","isPartOf":{"@id":"https:\/\/teste2.zaon.tech\/#website"},"datePublished":"2024-08-30T21:11:50+00:00","dateModified":"2024-10-29T11:56:49+00:00","breadcrumb":{"@id":"https:\/\/teste2.zaon.tech\/politica-ambiental-2\/#breadcrumb"},"inLanguage":"es","potentialAction":[{"@type":"ReadAction","target":["https:\/\/teste2.zaon.tech\/politica-ambiental-2\/"]}]},{"@type":"BreadcrumbList","@id":"https:\/\/teste2.zaon.tech\/politica-ambiental-2\/#breadcrumb","itemListElement":[{"@type":"ListItem","position":1,"name":"In\u00edcio","item":"https:\/\/teste2.zaon.tech\/"},{"@type":"ListItem","position":2,"name":"Pol\u00edtica Ambiental"}]},{"@type":"WebSite","@id":"https:\/\/teste2.zaon.tech\/#website","url":"https:\/\/teste2.zaon.tech\/","name":"Miracema-Nuodex","description":"Qu\u00edmica en todo","publisher":{"@id":"https:\/\/teste2.zaon.tech\/#organization"},"potentialAction":[{"@type":"SearchAction","target":{"@type":"EntryPoint","urlTemplate":"https:\/\/teste2.zaon.tech\/?s={search_term_string}"},"query-input":{"@type":"PropertyValueSpecification","valueRequired":true,"valueName":"search_term_string"}}],"inLanguage":"es"},{"@type":"Organization","@id":"https:\/\/teste2.zaon.tech\/#organization","name":"Miracema-Nuodex","url":"https:\/\/teste2.zaon.tech\/","logo":{"@type":"ImageObject","inLanguage":"es","@id":"https:\/\/teste2.zaon.tech\/#\/schema\/logo\/image\/","url":"https:\/\/teste2.zaon.tech\/wp-content\/uploads\/2024\/04\/Miracema_Nuodex_Vertical_Original.png","contentUrl":"https:\/\/teste2.zaon.tech\/wp-content\/uploads\/2024\/04\/Miracema_Nuodex_Vertical_Original.png","width":400,"height":200,"caption":"Miracema-Nuodex"},"image":{"@id":"https:\/\/teste2.zaon.tech\/#\/schema\/logo\/image\/"}}]}},"_links":{"self":[{"href":"https:\/\/teste2.zaon.tech\/es\/wp-json\/wp\/v2\/pages\/1103","targetHints":{"allow":["GET"]}}],"collection":[{"href":"https:\/\/teste2.zaon.tech\/es\/wp-json\/wp\/v2\/pages"}],"about":[{"href":"https:\/\/teste2.zaon.tech\/es\/wp-json\/wp\/v2\/types\/page"}],"author":[{"embeddable":true,"href":"https:\/\/teste2.zaon.tech\/es\/wp-json\/wp\/v2\/users\/3"}],"replies":[{"embeddable":true,"href":"https:\/\/teste2.zaon.tech\/es\/wp-json\/wp\/v2\/comments?post=1103"}],"version-history":[{"count":7,"href":"https:\/\/teste2.zaon.tech\/es\/wp-json\/wp\/v2\/pages\/1103\/revisions"}],"predecessor-version":[{"id":1259,"href":"https:\/\/teste2.zaon.tech\/es\/wp-json\/wp\/v2\/pages\/1103\/revisions\/1259"}],"wp:attachment":[{"href":"https:\/\/teste2.zaon.tech\/es\/wp-json\/wp\/v2\/media?parent=1103"}],"curies":[{"name":"wp","href":"https:\/\/api.w.org\/{rel}","templated":true}]}}