{"id":344,"date":"2024-04-26T08:00:02","date_gmt":"2024-04-26T11:00:02","guid":{"rendered":"https:\/\/miracema-nuodex.tech\/?page_id=344"},"modified":"2025-04-28T08:50:11","modified_gmt":"2025-04-28T11:50:11","slug":"quimica-em-tudo","status":"publish","type":"page","link":"https:\/\/teste2.zaon.tech\/en\/","title":{"rendered":"Chemistry in Everything"},"content":{"rendered":"<section class=\"section\" id=\"section_1758504731\">\n\t\t<div class=\"section-bg fill\" >\n\t\t\t\t\t\t\t<div class=\"video-overlay no-click fill visible\"><\/div>\n\t<video class=\"video-bg fill visible\" preload playsinline autoplay muted loop>\n\t\t<source src=\"https:\/\/teste2.zaon.tech\/wp-content\/uploads\/2024\/05\/home_hera_capa_800_1920px-1.mp4\" type=\"video\/mp4\">\t<\/video>\n\t\t\t<div class=\"section-bg-overlay absolute fill\"><\/div>\n\t\t\t\n\n\t\t<\/div>\n\n\t\t\n\n\t\t<div class=\"section-content relative\">\n\t\t\t\n\n<div class=\"row align-middle align-center\"  id=\"row-153821939\">\n\n\n\t<div id=\"col-919766127\" class=\"col small-12 large-12\"  >\n\t\t\t\t<div class=\"col-inner text-center\"  >\n\t\t\t\n\t\t\t\n\n\t<div class=\"img has-hover x md-x lg-x y md-y lg-y\" id=\"image_1074874905\">\n\t\t\t\t<div data-parallax-fade=\"true\" data-parallax=\"-2\">\t\t\t\t<div class=\"img-inner dark\" >\n\t\t\t<img loading=\"lazy\" decoding=\"async\" width=\"1020\" height=\"362\" src=\"https:\/\/teste2.zaon.tech\/wp-content\/uploads\/2024\/04\/slogan_en.png\" class=\"attachment-large size-large\" alt=\"\" srcset=\"https:\/\/teste2.zaon.tech\/wp-content\/uploads\/2024\/04\/slogan_en.png 1100w, https:\/\/teste2.zaon.tech\/wp-content\/uploads\/2024\/04\/slogan_en-200x71.png 200w, https:\/\/teste2.zaon.tech\/wp-content\/uploads\/2024\/04\/slogan_en-300x106.png 300w, https:\/\/teste2.zaon.tech\/wp-content\/uploads\/2024\/04\/slogan_en-1024x363.png 1024w, https:\/\/teste2.zaon.tech\/wp-content\/uploads\/2024\/04\/slogan_en-768x272.png 768w, https:\/\/teste2.zaon.tech\/wp-content\/uploads\/2024\/04\/slogan_en-18x6.png 18w\" sizes=\"auto, (max-width: 1020px) 100vw, 1020px\" \/>\t\t\t\t\t\t\n\t\t\t\t\t<\/div>\n\t\t\t\t<\/div>\t\t\t\t\n<style>\n#image_1074874905 {\n  width: 100%;\n}\n@media (min-width:550px) {\n  #image_1074874905 {\n    width: 76%;\n  }\n}\n<\/style>\n\t<\/div>\n\t\n\n\t<div id=\"gap-822623276\" class=\"gap-element clearfix\" style=\"display:block; height:auto;\">\n\t\t\n<style>\n#gap-822623276 {\n  padding-top: 20px;\n}\n<\/style>\n\t<\/div>\n\t\n\n\n\t\t<\/div>\n\t\t\t\t\t<\/div>\n\n\t\n\n<\/div>\n\n\t\t<\/div>\n\n\t\t\n<style>\n#section_1758504731 {\n  padding-top: 120px;\n  padding-bottom: 120px;\n}\n#section_1758504731 .section-bg-overlay {\n  background-color: rgba(0, 0, 0, 0.5);\n}\n<\/style>\n\t<\/section>\n\t\n\n\t<section class=\"section\" id=\"section_524834468\">\n\t\t<div class=\"section-bg fill\" >\n\t\t\t\t\t\t\t\t\t\n\t\t\t\n\n\t\t<\/div>\n\n\t\t\n\n\t\t<div class=\"section-content relative\">\n\t\t\t\n\n<div class=\"row row-large align-center\"  id=\"row-954474144\">\n\n\n\t<div id=\"col-1006001665\" class=\"col medium-8 small-12 large-8\"  >\n\t\t\t\t<div class=\"col-inner text-center\"  >\n\t\t\t\n\t\t\t\n\n\t<div id=\"gap-790301569\" class=\"gap-element clearfix\" style=\"display:block; height:auto;\">\n\t\t\n<style>\n#gap-790301569 {\n  padding-top: 50px;\n}\n<\/style>\n\t<\/div>\n\t\n\n<h3 class=\"thin-font\" style=\"text-align: center;\"><span style=\"color: #008f70; font-size: 140%;\">Since 1954 we have been combining innovation, technical competence and sustainability.<\/span><\/h3>\n<p style=\"text-align: center;\"><span style=\"font-size: 130%;\">With decades of dedication to delivering world-class chemical solutions that drive industrial progress in a responsible and sustainable way, we are committed to continuing to lead the way towards a brighter, greener future for all.<\/span><\/p>\n\t<div id=\"gap-201854610\" class=\"gap-element clearfix\" style=\"display:block; height:auto;\">\n\t\t\n<style>\n#gap-201854610 {\n  padding-top: 100px;\n}\n<\/style>\n\t<\/div>\n\t\n\n\n\t\t<\/div>\n\t\t\t\t\n<style>\n#col-1006001665 > .col-inner {\n  padding: 0px 10px 0px 10px;\n}\n<\/style>\n\t<\/div>\n\n\t\n\n<\/div>\n<div class=\"row\"  id=\"row-24697356\">\n\n\n\t<div id=\"col-1423911456\" class=\"col medium-5 small-12 large-5\"  >\n\t\t\t\t<div class=\"col-inner text-center\"  >\n\t\t\t\n\t\t\t\n\n\t<div class=\"img has-hover x md-x lg-x y md-y lg-y\" id=\"image_493955838\">\n\t\t\t\t\t\t\t\t<div class=\"img-inner dark\" style=\"margin:-40px 0px 0px 0px;\">\n\t\t\t<img loading=\"lazy\" decoding=\"async\" width=\"541\" height=\"500\" src=\"https:\/\/teste2.zaon.tech\/wp-content\/uploads\/2024\/10\/Planet_Globe_v3_outubro2024_8bits.png\" class=\"attachment-original size-original\" alt=\"\" srcset=\"https:\/\/teste2.zaon.tech\/wp-content\/uploads\/2024\/10\/Planet_Globe_v3_outubro2024_8bits.png 541w, https:\/\/teste2.zaon.tech\/wp-content\/uploads\/2024\/10\/Planet_Globe_v3_outubro2024_8bits-300x277.png 300w, https:\/\/teste2.zaon.tech\/wp-content\/uploads\/2024\/10\/Planet_Globe_v3_outubro2024_8bits-13x12.png 13w\" sizes=\"auto, (max-width: 541px) 100vw, 541px\" \/>\t\t\t\t\t\t\n\t\t\t\t\t<\/div>\n\t\t\t\t\t\t\t\t\n<style>\n#image_493955838 {\n  width: 58%;\n}\n@media (min-width:550px) {\n  #image_493955838 {\n    width: 100%;\n  }\n}\n<\/style>\n\t<\/div>\n\t\n\n\n\t\t<\/div>\n\t\t\t\t\t<\/div>\n\n\t\n\n\t<div id=\"col-507929893\" class=\"col medium-6 small-12 large-6\"  >\n\t\t\t\t<div class=\"col-inner\"  >\n\t\t\t\n\t\t\t\n\n<h3><span style=\"color: #008f70;\"><b data-stringify-type=\"bold\">We are at the forefront of developing tailored specialty chemicals for industrial applications. Our solutions are present in more than 50 countries in sectors that are essential to the global economy.<\/b><\/span><\/h3>\n<p>We develop products to enhance, improve performance, optimize processes, provide stability, preserve and make our customers&#039; products and processes and their brands more effective. We have spent decades researching and developing with a total focus on reliability and commitment to our customers.<\/p>\n\t<div id=\"gap-293208198\" class=\"gap-element clearfix\" style=\"display:block; height:auto;\">\n\t\t\n<style>\n#gap-293208198 {\n  padding-top: 10px;\n}\n<\/style>\n\t<\/div>\n\t\n\n<a href=\"https:\/\/teste2.zaon.tech\/en\/solucoes\/\" class=\"button secondary is-outline is-large lowercase\"  style=\"border-radius:10px;\">\n\t\t<span>Our Solutions and Products<\/span>\n\t<\/a>\n\n\n\n\t\t<\/div>\n\t\t\t\t\t<\/div>\n\n\t\n\n<\/div>\n\n\t\t<\/div>\n\n\t\t\n<style>\n#section_524834468 {\n  padding-top: 0px;\n  padding-bottom: 0px;\n}\n<\/style>\n\t<\/section>\n\t\n\t<div id=\"gap-922025379\" class=\"gap-element clearfix\" style=\"display:block; height:auto;\">\n\t\t\n<style>\n#gap-922025379 {\n  padding-top: 50px;\n}\n<\/style>\n\t<\/div>\n\t\n\n\n\t<section class=\"section dark\" id=\"section_966512397\">\n\t\t<div class=\"section-bg fill\" >\n\t\t\t\t\t\t\t\t\t\n\t\t\t\n\n\t\t<\/div>\n\n\t\t\n\n\t\t<div class=\"section-content relative\">\n\t\t\t\n\n<div class=\"row align-center\"  id=\"row-197001764\">\n\n\n\t<div id=\"col-1048390065\" class=\"col medium-5 small-12 large-4\"  >\n\t\t\t\t<div class=\"col-inner text-left\"  >\n\t\t\t\n\t\t\t\n\n\t<div id=\"text-3151121794\" class=\"text\">\n\t\t\n\n<h1><span style=\"font-size: 140%; color: #9eaaad;\">Everything is Chemistry<\/span><\/h1>\n\t\t\n<style>\n#text-3151121794 {\n  text-align: left;\n}\n<\/style>\n\t<\/div>\n\t\n\n\t\t<\/div>\n\t\t\t\t\n<style>\n#col-1048390065 > .col-inner {\n  padding: 0px 0px 0px 15px;\n}\n<\/style>\n\t<\/div>\n\n\t\n\n\t<div id=\"col-1283809186\" class=\"col medium-7 small-11 large-7\"  >\n\t\t\t\t<div class=\"col-inner text-left\"  >\n\t\t\t\n\t\t\t\n\n<p><span style=\"font-size: 115%; color: #8ea7af;\">We understand that the success of our clients is the basis of our work. That is why we are dedicated to offering technical and specialized service that goes beyond expectations and establishes solid relationships with our clients, resulting in effective solutions.<\/span><\/p>\n<a href=\"https:\/\/teste2.zaon.tech\/en\/institucional\/\" class=\"button white is-outline is-large lowercase\"  style=\"border-radius:10px;\">\n\t\t<span>Meet Miracema-Nuodex<\/span>\n\t<\/a>\n\n\n\n\t\t<\/div>\n\t\t\t\t\n<style>\n#col-1283809186 > .col-inner {\n  padding: 0px 10px 0px 10px;\n}\n<\/style>\n\t<\/div>\n\n\t\n\n<\/div>\n\t<div id=\"gap-535346493\" class=\"gap-element clearfix\" style=\"display:block; height:auto;\">\n\t\t\n<style>\n#gap-535346493 {\n  padding-top: 30px;\n}\n<\/style>\n\t<\/div>\n\t\n\n<div class=\"row row-collapse row-full-width align-center\"  id=\"row-844444793\">\n\n\n\t<div id=\"col-1928951548\" class=\"col medium-2 small-12 large-2\"  >\n\t\t\t\t<div class=\"col-inner\"  >\n\t\t\t\n\t\t\t\n\n\t<div id=\"text-3382320968\" class=\"text\">\n\t\t\n\n<h2 style=\"text-align: center;\"><span style=\"color: #2cd1a1; font-size: 300%;\"><span class=\"count-up\">5<\/span><\/span><\/h2>\n<h3 style=\"text-align: center;\"><span style=\"color: #2cd1a1;\"><strong>CONTINENTS<\/strong><\/span><\/h3>\n<p style=\"text-align: center;\"><span style=\"font-weight: 400;\">Exporting products to more than 50 countries<\/span><\/p>\n\t\t\n<style>\n#text-3382320968 {\n  font-size: 0.75rem;\n}\n@media (min-width:550px) {\n  #text-3382320968 {\n    font-size: 0.75rem;\n  }\n}\n@media (min-width:850px) {\n  #text-3382320968 {\n    font-size: 0.9rem;\n  }\n}\n<\/style>\n\t<\/div>\n\t\n\n\t\t<\/div>\n\t\t\t\t\t<\/div>\n\n\t\n\n\t<div id=\"col-2137293884\" class=\"col medium-2 small-12 large-2\"  >\n\t\t\t\t<div class=\"col-inner\"  >\n\t\t\t\n\t\t\t\n\n\t<div id=\"text-4231727704\" class=\"text\">\n\t\t\n\n<h2 style=\"text-align: center;\"><span style=\"color: #2cd1a1; font-size: 300%;\"><span class=\"count-up\">20<\/span><\/span><\/h2>\n<h3 style=\"text-align: center;\"><span style=\"color: #2cd1a1;\"><strong>MARKETS<\/strong><\/span><\/h3>\n<p style=\"text-align: center;\">Paints, Metallurgy, Mining, Petrochemicals, Construction, Pulp and Paper, Rubber, Adhesives, Plastics, Textiles, Cosmetics, Household Cleaning Products, Lubricants, Fertilizers, Agriculture, Resins, Polyurethanes, Sugar and Alcohol, Greases and Fire Protection<\/p>\n\t\t\n<style>\n#text-4231727704 {\n  font-size: 0.75rem;\n}\n@media (min-width:550px) {\n  #text-4231727704 {\n    font-size: 0.75rem;\n  }\n}\n@media (min-width:850px) {\n  #text-4231727704 {\n    font-size: 0.9rem;\n  }\n}\n<\/style>\n\t<\/div>\n\t\n\n\t\t<\/div>\n\t\t\t\t\t<\/div>\n\n\t\n\n\t<div id=\"col-1317635583\" class=\"col medium-2 small-12 large-2\"  >\n\t\t\t\t<div class=\"col-inner\"  >\n\t\t\t\n\t\t\t\n\n\t<div id=\"text-2219208013\" class=\"text\">\n\t\t\n\n<h1 style=\"text-align: center;\"><span style=\"color: #2cd1a1; font-size: 300%;\"><span class=\"count-up\">100<\/span><\/span><\/h1>\n<h3 style=\"text-align: center;\"><span style=\"color: #2cd1a1;\"><strong>THOUSAND m\u00b2<\/strong><\/span><\/h3>\n<p style=\"text-align: center;\"><span style=\"font-weight: 400;\">Structure located in Campinas\/SP with large production capacity<\/span><\/p>\n\t\t\n<style>\n#text-2219208013 {\n  font-size: 0.75rem;\n}\n@media (min-width:550px) {\n  #text-2219208013 {\n    font-size: 0.75rem;\n  }\n}\n@media (min-width:850px) {\n  #text-2219208013 {\n    font-size: 0.9rem;\n  }\n}\n<\/style>\n\t<\/div>\n\t\n\n\t\t<\/div>\n\t\t\t\t\t<\/div>\n\n\t\n\n\t<div id=\"col-1776509594\" class=\"col medium-2 small-12 large-2\"  >\n\t\t\t\t<div class=\"col-inner\"  >\n\t\t\t\n\t\t\t\n\n\t<div id=\"text-1974405666\" class=\"text\">\n\t\t\n\n<h2 style=\"text-align: center;\"><span style=\"color: #2cd1a1; font-size: 300%;\"><span class=\"count-up\">70<\/span><\/span><\/h2>\n<h3 style=\"text-align: center;\"><span style=\"color: #2cd1a1;\"><strong>YEARS<\/strong><\/span><\/h3>\n<p style=\"text-align: center;\">Since 1954 with customized chemical solutions for the industrial market<\/p>\n\t\t\n<style>\n#text-1974405666 {\n  font-size: 0.75rem;\n}\n@media (min-width:550px) {\n  #text-1974405666 {\n    font-size: 0.75rem;\n  }\n}\n@media (min-width:850px) {\n  #text-1974405666 {\n    font-size: 0.9rem;\n  }\n}\n<\/style>\n\t<\/div>\n\t\n\n\t\t<\/div>\n\t\t\t\t\t<\/div>\n\n\t\n\n\t<div id=\"col-254516768\" class=\"col medium-2 small-12 large-2\"  >\n\t\t\t\t<div class=\"col-inner\"  >\n\t\t\t\n\t\t\t\n\n\t<div id=\"text-917957271\" class=\"text\">\n\t\t\n\n<h2 style=\"text-align: center;\"><span style=\"color: #2cd1a1; font-size: 300%;\">+<span class=\"count-up\">270<\/span><\/h2>\n<h3 style=\"text-align: center;\"><span style=\"color: #2cd1a1;\"><strong>CONTRIBUTORS<\/strong><\/span><\/h3>\n<p style=\"text-align: center;\"><span style=\"font-weight: 400;\">Experienced and qualified professionals to propose the best solutions<\/span><\/p>\n\t\t\n<style>\n#text-917957271 {\n  font-size: 0.75rem;\n}\n@media (min-width:550px) {\n  #text-917957271 {\n    font-size: 0.75rem;\n  }\n}\n@media (min-width:850px) {\n  #text-917957271 {\n    font-size: 0.9rem;\n  }\n}\n<\/style>\n\t<\/div>\n\t\n\n\t\t<\/div>\n\t\t\t\t\t<\/div>\n\n\t\n\n\n<style>\n#row-844444793 > .col > .col-inner {\n  padding: 0px 10px 0px 10px;\n}\n<\/style>\n<\/div>\n\n\t\t<\/div>\n\n\t\t\n<style>\n#section_966512397 {\n  padding-top: 80px;\n  padding-bottom: 80px;\n  background-color: rgb(66, 84, 92);\n}\n<\/style>\n\t<\/section>\n\t\n\n\t<section class=\"section\" id=\"section_642756761\">\n\t\t<div class=\"section-bg fill\" >\n\t\t\t\t\t\t\t\t\t\n\t\t\t\n\n\t\t<\/div>\n\n\t\t\n\n\t\t<div class=\"section-content relative\">\n\t\t\t\n\n<div class=\"row row-large align-middle align-center\"  id=\"row-2054900863\">\n\n\n\t<div id=\"col-890470086\" class=\"col medium-6 small-12 large-6\"  >\n\t\t\t\t<div class=\"col-inner\"  >\n\t\t\t\n\t\t\t\n\n<h3 class=\"thin-font\"><span style=\"color: #008f70;\">Trust is the foundation of our relationships, our commitment to honor the past, value the present and build the future.<\/span><\/h3>\n<p>We are tireless in our pursuit of excellence. Through continuous investment in infrastructure, process improvement and people training, we are always one step ahead. Our infrastructure includes our own research laboratories, <strong>100,000 m\u00b2 manufacturing plant<\/strong> and international certifications, such as <strong>ISO 9001. <\/strong>In addition, we offer integrated technical assistance and <strong>complete environmental management<\/strong> with total control over pollutant emissions.<\/p>\n<p><span style=\"font-size: 100%;\">\u00a0<\/span><\/p>\n\n<a href=\"https:\/\/teste2.zaon.tech\/en\/esg\/\" class=\"button secondary is-outline is-large lowercase\"  style=\"border-radius:10px;\">\n\t\t<span>Commitment<\/span>\n\t<\/a>\n\n\n\n\t\t<\/div>\n\t\t\t\t\t<\/div>\n\n\t\n\n\t<div id=\"col-3196801\" class=\"col medium-5 small-12 large-5\"  >\n\t\t\t\t<div class=\"col-inner\"  >\n\t\t\t\n\t\t\t\n\n\t<div class=\"img has-hover x md-x lg-x y md-y lg-y\" id=\"image_2057419342\">\n\t\t\t\t\t\t\t\t<div class=\"img-inner dark\" >\n\t\t\t<img loading=\"lazy\" decoding=\"async\" width=\"473\" height=\"697\" src=\"https:\/\/teste2.zaon.tech\/wp-content\/uploads\/2024\/04\/unidade_destialcao_700px.jpg\" class=\"attachment-original size-original\" alt=\"\" srcset=\"https:\/\/teste2.zaon.tech\/wp-content\/uploads\/2024\/04\/unidade_destialcao_700px.jpg 473w, https:\/\/teste2.zaon.tech\/wp-content\/uploads\/2024\/04\/unidade_destialcao_700px-200x295.jpg 200w, https:\/\/teste2.zaon.tech\/wp-content\/uploads\/2024\/04\/unidade_destialcao_700px-204x300.jpg 204w, https:\/\/teste2.zaon.tech\/wp-content\/uploads\/2024\/04\/unidade_destialcao_700px-8x12.jpg 8w\" sizes=\"auto, (max-width: 473px) 100vw, 473px\" \/>\t\t\t\t\t\t\n\t\t\t\t\t<\/div>\n\t\t\t\t\t\t\t\t\n<style>\n#image_2057419342 {\n  width: 77%;\n}\n<\/style>\n\t<\/div>\n\t\n\n\n\t\t<\/div>\n\t\t\t\t\t<\/div>\n\n\t\n\n<\/div>\n\n\t\t<\/div>\n\n\t\t\n<style>\n#section_642756761 {\n  padding-top: 120px;\n  padding-bottom: 120px;\n}\n<\/style>\n\t<\/section>","protected":false},"excerpt":{"rendered":"","protected":false},"author":3,"featured_media":0,"parent":0,"menu_order":0,"comment_status":"closed","ping_status":"closed","template":"page-blank.php","meta":{"footnotes":""},"class_list":["post-344","page","type-page","status-publish","hentry"],"yoast_head":"<!-- This site is optimized with the Yoast SEO plugin v27.0 - https:\/\/yoast.com\/product\/yoast-seo-wordpress\/ -->\n<title>Miracema-Nuodex | Ind\u00fastria Qu\u00edmica<\/title>\n<meta name=\"description\" content=\"Desde 1954 combinamos inova\u00e7\u00e3o, compet\u00eancia t\u00e9cnica e cuidado ambiental. Especialidades qu\u00edmicas para diversas aplica\u00e7\u00f5es industriais.\" \/>\n<meta name=\"robots\" content=\"noindex, follow, max-snippet:-1, max-image-preview:large, max-video-preview:-1\" \/>\n<meta property=\"og:locale\" content=\"en_US\" \/>\n<meta property=\"og:type\" content=\"article\" \/>\n<meta property=\"og:title\" content=\"Miracema-Nuodex | Ind\u00fastria Qu\u00edmica\" \/>\n<meta property=\"og:description\" content=\"Desde 1954 combinamos inova\u00e7\u00e3o, compet\u00eancia t\u00e9cnica e cuidado ambiental. Especialidades qu\u00edmicas para diversas aplica\u00e7\u00f5es industriais.\" \/>\n<meta property=\"og:url\" content=\"https:\/\/teste2.zaon.tech\/en\/\" \/>\n<meta property=\"og:site_name\" content=\"teste\" \/>\n<meta property=\"article:modified_time\" content=\"2025-04-28T11:50:11+00:00\" \/>\n<meta name=\"twitter:card\" content=\"summary_large_image\" \/>\n<meta name=\"twitter:label1\" content=\"Est. reading time\" \/>\n\t<meta name=\"twitter:data1\" content=\"4 minutes\" \/>\n<script type=\"application\/ld+json\" class=\"yoast-schema-graph\">{\"@context\":\"https:\/\/schema.org\",\"@graph\":[{\"@type\":\"WebPage\",\"@id\":\"https:\/\/teste2.zaon.tech\/\",\"url\":\"https:\/\/teste2.zaon.tech\/\",\"name\":\"Miracema-Nuodex | Ind\u00fastria Qu\u00edmica\",\"isPartOf\":{\"@id\":\"https:\/\/teste2.zaon.tech\/#website\"},\"datePublished\":\"2024-04-26T11:00:02+00:00\",\"dateModified\":\"2025-04-28T11:50:11+00:00\",\"description\":\"Desde 1954 combinamos inova\u00e7\u00e3o, compet\u00eancia t\u00e9cnica e cuidado ambiental. Especialidades qu\u00edmicas para diversas aplica\u00e7\u00f5es industriais.\",\"breadcrumb\":{\"@id\":\"https:\/\/teste2.zaon.tech\/#breadcrumb\"},\"inLanguage\":\"en-US\",\"potentialAction\":[{\"@type\":\"ReadAction\",\"target\":[\"https:\/\/teste2.zaon.tech\/\"]}]},{\"@type\":\"BreadcrumbList\",\"@id\":\"https:\/\/teste2.zaon.tech\/#breadcrumb\",\"itemListElement\":[{\"@type\":\"ListItem\",\"position\":1,\"name\":\"In\u00edcio\",\"item\":\"https:\/\/teste2.zaon.tech\/\"},{\"@type\":\"ListItem\",\"position\":2,\"name\":\"Qu\u00edmica em Tudo\"}]},{\"@type\":\"WebSite\",\"@id\":\"https:\/\/teste2.zaon.tech\/#website\",\"url\":\"https:\/\/teste2.zaon.tech\/\",\"name\":\"Miracema-Nuodex\",\"description\":\"Qu\u00edmica em Tudo\",\"publisher\":{\"@id\":\"https:\/\/teste2.zaon.tech\/#organization\"},\"potentialAction\":[{\"@type\":\"SearchAction\",\"target\":{\"@type\":\"EntryPoint\",\"urlTemplate\":\"https:\/\/teste2.zaon.tech\/?s={search_term_string}\"},\"query-input\":{\"@type\":\"PropertyValueSpecification\",\"valueRequired\":true,\"valueName\":\"search_term_string\"}}],\"inLanguage\":\"en-US\"},{\"@type\":\"Organization\",\"@id\":\"https:\/\/teste2.zaon.tech\/#organization\",\"name\":\"Miracema-Nuodex\",\"url\":\"https:\/\/teste2.zaon.tech\/\",\"logo\":{\"@type\":\"ImageObject\",\"inLanguage\":\"en-US\",\"@id\":\"https:\/\/teste2.zaon.tech\/#\/schema\/logo\/image\/\",\"url\":\"https:\/\/teste2.zaon.tech\/wp-content\/uploads\/2024\/04\/Miracema_Nuodex_Vertical_Original.png\",\"contentUrl\":\"https:\/\/teste2.zaon.tech\/wp-content\/uploads\/2024\/04\/Miracema_Nuodex_Vertical_Original.png\",\"width\":400,\"height\":200,\"caption\":\"Miracema-Nuodex\"},\"image\":{\"@id\":\"https:\/\/teste2.zaon.tech\/#\/schema\/logo\/image\/\"}}]}<\/script>\n<!-- \/ Yoast SEO plugin. -->","yoast_head_json":{"title":"Miracema-Nuodex | Ind\u00fastria Qu\u00edmica","description":"Desde 1954 combinamos inova\u00e7\u00e3o, compet\u00eancia t\u00e9cnica e cuidado ambiental. Especialidades qu\u00edmicas para diversas aplica\u00e7\u00f5es industriais.","robots":{"index":"noindex","follow":"follow","max-snippet":"max-snippet:-1","max-image-preview":"max-image-preview:large","max-video-preview":"max-video-preview:-1"},"og_locale":"en_US","og_type":"article","og_title":"Miracema-Nuodex | Ind\u00fastria Qu\u00edmica","og_description":"Desde 1954 combinamos inova\u00e7\u00e3o, compet\u00eancia t\u00e9cnica e cuidado ambiental. Especialidades qu\u00edmicas para diversas aplica\u00e7\u00f5es industriais.","og_url":"https:\/\/teste2.zaon.tech\/en\/","og_site_name":"teste","article_modified_time":"2025-04-28T11:50:11+00:00","twitter_card":"summary_large_image","twitter_misc":{"Est. reading time":"4 minutes"},"schema":{"@context":"https:\/\/schema.org","@graph":[{"@type":"WebPage","@id":"https:\/\/teste2.zaon.tech\/","url":"https:\/\/teste2.zaon.tech\/","name":"Miracema-Nuodex | Ind\u00fastria Qu\u00edmica","isPartOf":{"@id":"https:\/\/teste2.zaon.tech\/#website"},"datePublished":"2024-04-26T11:00:02+00:00","dateModified":"2025-04-28T11:50:11+00:00","description":"Desde 1954 combinamos inova\u00e7\u00e3o, compet\u00eancia t\u00e9cnica e cuidado ambiental. Especialidades qu\u00edmicas para diversas aplica\u00e7\u00f5es industriais.","breadcrumb":{"@id":"https:\/\/teste2.zaon.tech\/#breadcrumb"},"inLanguage":"en-US","potentialAction":[{"@type":"ReadAction","target":["https:\/\/teste2.zaon.tech\/"]}]},{"@type":"BreadcrumbList","@id":"https:\/\/teste2.zaon.tech\/#breadcrumb","itemListElement":[{"@type":"ListItem","position":1,"name":"In\u00edcio","item":"https:\/\/teste2.zaon.tech\/"},{"@type":"ListItem","position":2,"name":"Qu\u00edmica em Tudo"}]},{"@type":"WebSite","@id":"https:\/\/teste2.zaon.tech\/#website","url":"https:\/\/teste2.zaon.tech\/","name":"Miracema-Nuodex","description":"Chemistry in Everything","publisher":{"@id":"https:\/\/teste2.zaon.tech\/#organization"},"potentialAction":[{"@type":"SearchAction","target":{"@type":"EntryPoint","urlTemplate":"https:\/\/teste2.zaon.tech\/?s={search_term_string}"},"query-input":{"@type":"PropertyValueSpecification","valueRequired":true,"valueName":"search_term_string"}}],"inLanguage":"en-US"},{"@type":"Organization","@id":"https:\/\/teste2.zaon.tech\/#organization","name":"Miracema-Nuodex","url":"https:\/\/teste2.zaon.tech\/","logo":{"@type":"ImageObject","inLanguage":"en-US","@id":"https:\/\/teste2.zaon.tech\/#\/schema\/logo\/image\/","url":"https:\/\/teste2.zaon.tech\/wp-content\/uploads\/2024\/04\/Miracema_Nuodex_Vertical_Original.png","contentUrl":"https:\/\/teste2.zaon.tech\/wp-content\/uploads\/2024\/04\/Miracema_Nuodex_Vertical_Original.png","width":400,"height":200,"caption":"Miracema-Nuodex"},"image":{"@id":"https:\/\/teste2.zaon.tech\/#\/schema\/logo\/image\/"}}]}},"_links":{"self":[{"href":"https:\/\/teste2.zaon.tech\/en\/wp-json\/wp\/v2\/pages\/344","targetHints":{"allow":["GET"]}}],"collection":[{"href":"https:\/\/teste2.zaon.tech\/en\/wp-json\/wp\/v2\/pages"}],"about":[{"href":"https:\/\/teste2.zaon.tech\/en\/wp-json\/wp\/v2\/types\/page"}],"author":[{"embeddable":true,"href":"https:\/\/teste2.zaon.tech\/en\/wp-json\/wp\/v2\/users\/3"}],"replies":[{"embeddable":true,"href":"https:\/\/teste2.zaon.tech\/en\/wp-json\/wp\/v2\/comments?post=344"}],"version-history":[{"count":124,"href":"https:\/\/teste2.zaon.tech\/en\/wp-json\/wp\/v2\/pages\/344\/revisions"}],"predecessor-version":[{"id":1889,"href":"https:\/\/teste2.zaon.tech\/en\/wp-json\/wp\/v2\/pages\/344\/revisions\/1889"}],"wp:attachment":[{"href":"https:\/\/teste2.zaon.tech\/en\/wp-json\/wp\/v2\/media?parent=344"}],"curies":[{"name":"wp","href":"https:\/\/api.w.org\/{rel}","templated":true}]}}