{"id":3,"date":"2024-04-03T16:41:40","date_gmt":"2024-04-03T16:41:40","guid":{"rendered":"https:\/\/miracema-nuodex.tech\/?page_id=3"},"modified":"2024-10-29T08:56:41","modified_gmt":"2024-10-29T11:56:41","slug":"politica-de-privacidade","status":"publish","type":"page","link":"https:\/\/teste2.zaon.tech\/en\/politica-de-privacidade\/","title":{"rendered":"Privacy Policy"},"content":{"rendered":"<h4><strong><span style=\"color: #009375;\">Privacy Policy \u2013 Miracema-Nuodex<\/span><\/strong><\/h4>\n<h4>\u00a0<\/h4>\n<h4><span style=\"font-size: 100%;\"><strong><span style=\"color: #009375;\">Who We Are<\/span><\/strong><\/span><\/h4>\n<p>THE <strong>MIRACEMA-NUODEX<\/strong>\u00a0(\u201cCompany\u201d, \u201cwe\u201d, \u201cus\u201d or \u201cour\u201d) processes your personal data in accordance with this Privacy Notice and in compliance with the relevant data protection laws, in particular Law No. 13,709\/2018 \u2013 General Data Protection Law (\u201cLGPD\u201d). This Notice provides the necessary information about your rights and obligations, and explains how, why and when we process your personal data.<\/p>\n<p>THE\u00a0<strong>Miracema-Nuodex Chemical Industry Ltd. <\/strong>is established in\u00a0<strong>Avenida Ricardo Bassoli Cezare 15<\/strong>, <strong>13050-080, Campinas, SP<\/strong>, and we are a company registered under number\u00a0<strong>46.040.242\/0001-00<\/strong>. We act as Controller when processing your personal data.<\/p>\n<p>\u00a0<\/p>\n<h4><strong><span style=\"color: #009375;\">Who this Privacy Policy applies to<\/span><\/strong><\/h4>\n<p>This policy is aimed at our company&#039;s customers as well as the general public who contact us and interact with our agents, systems, Portal, blogs and social networks.<\/p>\n<p>\u00a0<\/p>\n<h4><strong><span style=\"color: #009375;\">Information we collect<\/span><\/strong><\/h4>\n<p>The Company processes your personal information to fulfill our contractual legal obligations and to provide you with our products and services. We will never collect unnecessary personal data, and we will not process your information in any ways other than those specified in this Notice.<\/p>\n<p>\u00a0<\/p>\n<p><strong>The personal data we collect are:<\/strong><\/p>\n<p>Name<\/p>\n<p>E-mail<\/p>\n<p>Phone number<\/p>\n<p>Position and company where you work<\/p>\n<p>Date of birth<\/p>\n<p>Gender<\/p>\n<p>Address (for deliveries)<\/p>\n<p>ID and CPF (purchase of products)<\/p>\n<p>Observations (in the contacts you make with us)<\/p>\n<p>\u00a0<\/p>\n<p><strong>We collect information in the following ways:<\/strong><\/p>\n<p>Online forms on our website<\/p>\n<p>Contact by phone or WhatsApp<\/p>\n<p>E-mail<\/p>\n<p>\u00a0<\/p>\n<h4><strong><span style=\"color: #009375;\">How we use your personal data<\/span><\/strong><\/h4>\n<p>We take your privacy very seriously! Therefore, we will not disclose or share your data without your prior consent, except in compliance with the law or court order, in which cases you, the data subject, will be duly notified. We keep your data for the period necessary for us to achieve the purpose(s) specified in this Notice. If you receive our promotional offers and marketing, you may request to be removed from our mailing list at any time.<\/p>\n<p><strong>The purposes and reasons for processing your personal data are detailed below:<\/strong><\/p>\n<p>User identification, based on legitimate interest;<\/p>\n<p>Compliance with legal record-keeping obligations established by the Internet Civil Rights Framework (Law No. 12,965\/2014);<\/p>\n<p>Sending information about commercial operations (purchases and sales), based on the execution of a contract;<\/p>\n<p>Allowing access to the products and services offered through the website, as well as responding to messages sent via our contact form on our website, based on legitimate interest;<\/p>\n<p>Scheduling a commercial visit to your company, based on legitimate interest;<\/p>\n<p>Carrying out delivery to your address, based on the execution of a contract;<\/p>\n<p>Billing for your purchases of our products, based on the execution of a contract;<\/p>\n<p>Evaluation and forwarding of commercial proposals, based on legitimate interest;<\/p>\n<p>Occasionally, we may send you marketing information about matters of interest to you. This information will not be intrusive and is processed on the basis of our legitimate interests. You can opt out of receiving this information at any time.<\/p>\n<p>Finally, if you are a sales representative, we collect your personal data to enable the exchange of customer personal data, based on the execution of the contract between you and our company.<\/p>\n<p>\u00a0<\/p>\n<h4><strong><span style=\"color: #009375;\">Your Rights<\/span><\/strong><\/h4>\n<p>You have the right to access any personal information we process about you, and you can also request information about:<\/p>\n<p>What personal data we have about you<\/p>\n<p>The purposes of the processing<\/p>\n<p>The categories of personal data concerned<\/p>\n<p>The recipients to whom the personal data were\/will be disclosed<\/p>\n<p>How long we intend to store your personal data<\/p>\n<p>If we do not collect the data directly from you, information about the source<\/p>\n<p>If you believe that we hold any incomplete or inaccurate data about you, you have the right to ask us to correct and\/or complete the information and we will endeavour to do so as soon as reasonably practicable, unless there is a valid reason for not doing so. In the event of the latter situation, you will be notified accordingly.<\/p>\n<p>You also have the right to request the erasure of your personal data or to restrict processing (where applicable) in accordance with data protection legislation, as well as the right to object to any direct marketing. Where applicable, you have the right to data portability of your information and the right to be informed about any automated decision-making we may use. We do not currently carry out any automated decision-making on your personal data.<\/p>\n<p>If we receive a request from you to exercise any of the above rights, we may ask you to confirm your identity before we act on your request. This confirmation is necessary to ensure that your data is protected and kept secure.<\/p>\n<p>Sharing and Disclosing Your Personal Information<br \/>We share your data only and exclusively to fulfill the purposes listed in this Notice. Therefore, this sharing is carried out in the following cases:<\/p>\n\t<div id=\"gap-2116038081\" class=\"gap-element clearfix\" style=\"display:block; height:auto;\">\n\t\t\n<style>\n#gap-2116038081 {\n  padding-top: 30px;\n}\n<\/style>\n\t<\/div>\n\t\n\n<table style=\"margin-top: 0px; border:0.75pt solid #000000; border-collapse:collapse;\">\n<tbody>\n<tr style=\"height:28.1pt;\">\n<td style=\"width:79.6pt; border-right-style:solid; border-right-width:0.75pt; border-bottom-style:solid; border-bottom-width:0.75pt; padding-right:3.12pt; padding-left:3.12pt; vertical-align:middle; background-color:#757171;\">\n\t\t\t\t<b><span style=\"color:#ffffff;\">Holder<\/span><\/b>\n\t\t\t<\/td>\n<td style=\"width:144.05pt; border-right-style:solid; border-right-width:0.75pt; border-bottom-style:solid; border-bottom-width:0.75pt; padding-right:3.12pt; padding-left:3.5pt; vertical-align:middle; background-color:#757171;\">\n\t\t\t\t<b><span style=\"color:#ffffff;\">Purpose<\/span><\/b>\n\t\t\t<\/td>\n<td style=\"width:103.6pt; border-right-style:solid; border-right-width:0.75pt; border-bottom-style:solid; border-bottom-width:0.75pt; padding-right:3.12pt; padding-left:3.5pt; vertical-align:middle; background-color:#757171;\">\n\t\t\t\t<b><span style=\"color:#ffffff;\">who receives the data<\/span><\/b>\n\t\t\t<\/td>\n<td style=\"width:173pt; border-bottom-style:solid; border-bottom-width:0.75pt; padding-right:3.12pt; padding-left:3.5pt; vertical-align:middle; background-color:#757171;\">\n\t\t\t\t<b><span style=\"color:#ffffff;\">Legal Basis<\/span><\/b>\n\t\t\t<\/td>\n<\/tr>\n<tr>\n<td rowspan=\"5\" style=\"width:79.6pt; border-right-style:solid; border-right-width:0.75pt; border-bottom-style:solid; border-bottom-width:0.75pt; padding-right:3.12pt; padding-left:3.12pt; vertical-align:middle;\">\n\t\t\t\t<b><span>Potential or existing client of our company<\/span><\/b><br \/>\n\t\t\t\t<b><span>&nbsp;<\/span><\/b>\n\t\t\t<\/td>\n<td style=\"width:144.05pt; border-right-style:solid; border-right-width:0.75pt; border-bottom-style:solid; border-bottom-width:0.75pt; padding-right:3.12pt; padding-left:3.5pt; vertical-align:middle;\">\n\t\t\t\t<span>business opportunity (proposals)<\/span>\n\t\t\t<\/td>\n<td style=\"width:103.6pt; border-right-style:solid; border-right-width:0.75pt; border-bottom-style:solid; border-bottom-width:0.75pt; padding-right:3.12pt; padding-left:3.5pt; vertical-align:middle;\">\n\t\t\t\t<span>Our Commercial<\/span>\n\t\t\t<\/td>\n<td style=\"width:173pt; border-bottom-style:solid; border-bottom-width:0.75pt; padding-right:3.12pt; padding-left:3.5pt; vertical-align:middle;\">\n<p style=\"margin-top:0pt; margin-bottom:0pt;\"><span>&nbsp;<\/span><span>\u2013 Legitimate Interest<\/span>\n\t\t\t<\/p>\n<\/td>\n<\/tr>\n<tr style=\"height:66.95pt;\">\n<td style=\"width:144.05pt; border-right-style:solid; border-right-width:0.75pt; border-bottom-style:solid; border-bottom-width:0.75pt; padding-right:3.12pt; padding-left:3.5pt; vertical-align:middle;\">\n\t\t\t\t<span>compliance with a court\/administrative order or legal\/regulatory obligation<\/span>\n\t\t\t<\/td>\n<td style=\"width:103.6pt; border-right-style:solid; border-right-width:0.75pt; border-bottom-style:solid; border-bottom-width:0.75pt; padding-right:3.12pt; padding-left:3.5pt; vertical-align:middle;\">\n\t\t\t\t<span>Judicial or Government Authorities<\/span>\n\t\t\t<\/td>\n<td style=\"width:173pt; border-bottom-style:solid; border-bottom-width:0.75pt; padding-right:3.12pt; padding-left:3.5pt; vertical-align:middle;\">\n<p style=\"margin-top:0pt; margin-bottom:0pt;\"><span>&nbsp;<\/span><span>\u2013 Regular exercise of rights in judicial, administrative or arbitration proceedings<\/span><br \/><span>&nbsp;\u2013 Compliance with legal or regulatory obligations<\/span>\n\t\t\t<\/p>\n<\/td>\n<\/tr>\n<tr style=\"height:22.3pt;\">\n<td style=\"width:144.05pt; border-right-style:solid; border-right-width:0.75pt; border-bottom-style:solid; border-bottom-width:0.75pt; padding-right:3.12pt; padding-left:3.5pt; vertical-align:middle;\">\n\t\t\t\t<span>sending commercial proposals<\/span>\n\t\t\t<\/td>\n<td style=\"width:103.6pt; border-right-style:solid; border-right-width:0.75pt; border-bottom-style:solid; border-bottom-width:0.75pt; padding-right:3.12pt; padding-left:3.5pt; vertical-align:middle;\">\n\t\t\t\t<span>Our Commercial<\/span>\n\t\t\t<\/td>\n<td style=\"width:173pt; border-bottom-style:solid; border-bottom-width:0.75pt; padding-right:3.12pt; padding-left:3.5pt; vertical-align:middle;\">\n<p style=\"margin-top:0pt; margin-bottom:0pt;\"><span>&nbsp;<\/span><span>\u2013 Legitimate Interest<\/span>\n\t\t\t<\/p>\n<\/td>\n<\/tr>\n<tr style=\"height:56.65pt;\">\n<td style=\"width:144.05pt; border-right-style:solid; border-right-width:0.75pt; border-bottom-style:solid; border-bottom-width:0.75pt; padding-right:3.12pt; padding-left:3.5pt; vertical-align:middle;\">\n\t\t\t\t<span>establishment, review and assessment of potential disputes in the contract for the commercialization of products &amp; services<\/span>\n\t\t\t<\/td>\n<td style=\"width:103.6pt; border-right-style:solid; border-right-width:0.75pt; border-bottom-style:solid; border-bottom-width:0.75pt; padding-right:3.12pt; padding-left:3.5pt; vertical-align:middle;\">\n\t\t\t\t<span>Law firm<\/span>\n\t\t\t<\/td>\n<td style=\"width:173pt; border-bottom-style:solid; border-bottom-width:0.75pt; padding-right:3.12pt; padding-left:3.5pt; vertical-align:middle;\">\n<p style=\"margin-top:0pt; margin-bottom:0pt;\"><span>&nbsp;<\/span><span>\u2013 Contract execution<\/span>\n\t\t\t<\/p>\n<\/td>\n<\/tr>\n<tr style=\"height:45.1pt;\">\n<td style=\"width:144.05pt; border-right-style:solid; border-right-width:0.75pt; border-bottom-style:solid; border-bottom-width:0.75pt; padding-right:3.12pt; padding-left:3.5pt; vertical-align:middle;\">\n\t\t\t\t<span>identification and delivery data of the person who purchased products &amp; services<\/span>\n\t\t\t<\/td>\n<td style=\"width:103.6pt; border-right-style:solid; border-right-width:0.75pt; border-bottom-style:solid; border-bottom-width:0.75pt; padding-right:3.12pt; padding-left:3.5pt; vertical-align:middle;\">\n\t\t\t\t<span>Our Commercial<\/span><br \/>\n\t\t\t\t<span>&nbsp;<\/span>\n\t\t\t<\/td>\n<td style=\"width:173pt; border-bottom-style:solid; border-bottom-width:0.75pt; padding-right:3.12pt; padding-left:3.5pt; vertical-align:middle;\">\n<p style=\"margin-top:0pt; margin-bottom:0pt;\"><span>\u2013 Contract execution (purchase)<\/span>\n\t\t\t<\/p>\n<\/td>\n<\/tr>\n<tr style=\"height:32.45pt;\">\n<td style=\"width:79.6pt; border-top-style:solid; border-top-width:0.75pt; border-right-style:solid; border-right-width:0.75pt; padding-right:3.12pt; padding-left:3.12pt; vertical-align:middle; background-color:#ffffff;\">\n\t\t\t\t<b><span>Sales Representative and Representative&#039;s Clients<\/span><\/b>\n\t\t\t<\/td>\n<td style=\"width:144.05pt; border-top-style:solid; border-top-width:0.75pt; border-right-style:solid; border-right-width:0.75pt; padding-right:3.12pt; padding-left:3.5pt; vertical-align:middle; background-color:#ffffff;\">\n\t\t\t\t<span>information about the Representative and its Clients<\/span>\n\t\t\t<\/td>\n<td style=\"width:103.6pt; border-top-style:solid; border-top-width:0.75pt; border-right-style:solid; border-right-width:0.75pt; padding-right:3.12pt; padding-left:3.5pt; vertical-align:middle; background-color:#ffffff;\">\n\t\t\t\t<span>Our Commercial<\/span>\n\t\t\t<\/td>\n<td style=\"width:173pt; border-top-style:solid; border-top-width:0.75pt; padding-right:3.12pt; padding-left:3.5pt; vertical-align:middle; background-color:#ffffff;\">\n<p style=\"margin-top:0pt; margin-bottom:0pt;\"><span>&nbsp;<\/span><span>\u2013 Contract execution<\/span>\n\t\t\t<\/p>\n<\/td>\n<\/tr>\n<\/tbody>\n<\/table>\n\t<div id=\"gap-1170432946\" class=\"gap-element clearfix\" style=\"display:block; height:auto;\">\n\t\t\n<style>\n#gap-1170432946 {\n  padding-top: 30px;\n}\n<\/style>\n\t<\/div>\n\t\n\n<p>The Company uses the third parties listed below to provide the services indicated. Please note that all processors acting on our behalf only process your data in accordance with our instructions and fully comply with this Privacy Notice, as well as data protection legislation and any other appropriate confidentiality and security measures.<\/p>\n<p>\u00a0<\/p>\n<h4><strong><span style=\"color: #009375;\">Safeguard Measures<\/span><\/strong><\/h4>\n<p>We take your privacy seriously and take all reasonable steps and precautions to protect your personal data. We work hard to protect you and your personal data from unauthorized access, accidental or unlawful alteration, disclosure or destruction of your personal data, and we have multiple layers of security measures in place, including:<\/p>\n<p>https redirection<\/p>\n<p>Firewall<\/p>\n<p>Antivirus<\/p>\n<p>Daily backup<\/p>\n<p>Centralized access management<\/p>\n<p>\u00a0<\/p>\n<h4><strong><span style=\"color: #009375;\">Transfers Outside Brazil<\/span><\/strong><\/h4>\n<p>Personal data in Brazil is protected by the General Data Protection Law, but some other countries may not necessarily have the same high standard of protection for your personal data.<\/p>\n<p>The Data collected will be stored in the Company&#039;s database, on servers located in Brazil, as well as in an environment using resources or servers in the cloud (cloud computing), which may require a transfer and\/or processing of this data outside of Brazil, provided that they provide an adequate level of protection.<\/p>\n<p>We use some products or services (or parts thereof) that may be hosted in the United States of America (USA), which means that we may transfer any information sent to us by you outside of Brazil for the purposes set out below:<\/p>\n<p>Office 365 email and storage service<\/p>\n<p>\u00a0<\/p>\n<h4><strong><span style=\"color: #009375;\">Consequences of not providing your data<\/span><\/strong><\/h4>\n<p>You are not obliged to provide us with your personal data. However, as this information is necessary for us to provide you with a quote for the products and services you have selected, invoice and deliver them, as well as respond to your contact messages, we will not be able to offer some\/all of our services without your data.<\/p>\n<p>\u00a0<\/p>\n<h4><strong><span style=\"color: #009375;\">Legitimate Interests<\/span><\/strong><\/h4>\n<p>As noted in the \u201cHow we use your personal data\u201d section of this Notice, we occasionally process your personal data under the legal basis of legitimate interest. In such cases, we carry out a full assessment of these legitimate interests through an appropriate procedure and documentation (Legitimate Interests Assessment \u2013 LIA) to ensure that we meet your expectations, always based on the proportionate and appropriate processing of your data.<\/p>\n<p>\u00a0<\/p>\n<h4><strong><span style=\"color: #009375;\">Changes<\/span><\/strong><\/h4>\n<p>The Company may revise this Privacy Policy from time to time. The most current version of the policy will govern our processing of your personal data and will always be available on our Portal. The last date of modification of the Privacy Policy will always be indicated in the header of this document.<br \/>How long do we keep your data?<\/p>\n<p>We only retain your personal data for as long as is necessary to achieve our purposes, and we have strict review and retention policies in place to comply with these obligations. We are required by Brazilian tax law to retain your personal data used in invoices for a minimum of 5 years, after which your data will be deleted.<\/p>\n<p>For direct marketing and technical support history, we will retain this data for a period of ten years, or until you exercise your right to object and\/or withdraw your consent.<\/p>\n<p>Finally, browsing data will be kept in compliance with the deadlines set out in the Internet Civil Rights Framework (Law No. 12,965\/2014), as well as any specific legislation.<\/p>\n<p>\u00a0<\/p>\n<h4><strong><span style=\"color: #009375;\">Right to make a complaint<\/span><\/strong><\/h4>\n<p>The Company only processes your personal data in accordance with this Privacy Notice and in accordance with the applicable data protection legislation. If you have any questions, observations or even requests related to the processing of your personal data, we have a specialized team ready to assist you! This contact should be made directly through the channel:<\/p>\n<p>DPO = Jean Boudoy<br \/>lgpd@teste2.zaon.tech<\/p>\n<p>\u00a0<\/p>\n<h4><strong><span style=\"color: #009375;\">Legislation and Jurisdiction<\/span><\/strong><\/h4>\n<p>The Company&#039;s Privacy Notice is governed, interpreted and executed in accordance with national legislation, especially in accordance with Law No. 13,709\/2018 (General Personal Data Protection Law \u2013 LGPD) and is intended to demonstrate its commitment to its associates and other interested parties.<\/p>\n<p>For any complaint or controversy arising from the use and interpretation of any content made available through this Portal, the Court of the District of Mat\u00e3o, SP is elected.<\/p>","protected":false},"excerpt":{"rendered":"","protected":false},"author":1,"featured_media":0,"parent":0,"menu_order":0,"comment_status":"closed","ping_status":"closed","template":"","meta":{"footnotes":""},"class_list":["post-3","page","type-page","status-publish","hentry"],"yoast_head":"<!-- This site is optimized with the Yoast SEO plugin v27.0 - https:\/\/yoast.com\/product\/yoast-seo-wordpress\/ -->\n<title>Pol\u00edtica de Privacidade | teste<\/title>\n<meta name=\"description\" content=\"Ao acessar nosso site, voc\u00ea concorda com nossa Pol\u00edtica de Privacidade. Usamos as informa\u00e7\u00f5es coletadas para melhor experi\u00eancia em nosso site.\" \/>\n<meta name=\"robots\" content=\"noindex, follow, max-snippet:-1, max-image-preview:large, max-video-preview:-1\" \/>\n<meta property=\"og:locale\" content=\"en_US\" \/>\n<meta property=\"og:type\" content=\"article\" \/>\n<meta property=\"og:title\" content=\"Pol\u00edtica de Privacidade | teste\" \/>\n<meta property=\"og:description\" content=\"Ao acessar nosso site, voc\u00ea concorda com nossa Pol\u00edtica de Privacidade. Usamos as informa\u00e7\u00f5es coletadas para melhor experi\u00eancia em nosso site.\" \/>\n<meta property=\"og:url\" content=\"https:\/\/teste2.zaon.tech\/en\/politica-de-privacidade\/\" \/>\n<meta property=\"og:site_name\" content=\"teste\" \/>\n<meta property=\"article:modified_time\" content=\"2024-10-29T11:56:41+00:00\" \/>\n<meta name=\"twitter:card\" content=\"summary_large_image\" \/>\n<meta name=\"twitter:label1\" content=\"Est. reading time\" \/>\n\t<meta name=\"twitter:data1\" content=\"9 minutes\" \/>\n<script type=\"application\/ld+json\" class=\"yoast-schema-graph\">{\"@context\":\"https:\/\/schema.org\",\"@graph\":[{\"@type\":\"WebPage\",\"@id\":\"https:\/\/teste2.zaon.tech\/politica-de-privacidade\/\",\"url\":\"https:\/\/teste2.zaon.tech\/politica-de-privacidade\/\",\"name\":\"Pol\u00edtica de Privacidade | teste\",\"isPartOf\":{\"@id\":\"https:\/\/teste2.zaon.tech\/#website\"},\"datePublished\":\"2024-04-03T16:41:40+00:00\",\"dateModified\":\"2024-10-29T11:56:41+00:00\",\"description\":\"Ao acessar nosso site, voc\u00ea concorda com nossa Pol\u00edtica de Privacidade. Usamos as informa\u00e7\u00f5es coletadas para melhor experi\u00eancia em nosso site.\",\"breadcrumb\":{\"@id\":\"https:\/\/teste2.zaon.tech\/politica-de-privacidade\/#breadcrumb\"},\"inLanguage\":\"en-US\",\"potentialAction\":[{\"@type\":\"ReadAction\",\"target\":[\"https:\/\/teste2.zaon.tech\/politica-de-privacidade\/\"]}]},{\"@type\":\"BreadcrumbList\",\"@id\":\"https:\/\/teste2.zaon.tech\/politica-de-privacidade\/#breadcrumb\",\"itemListElement\":[{\"@type\":\"ListItem\",\"position\":1,\"name\":\"In\u00edcio\",\"item\":\"https:\/\/teste2.zaon.tech\/\"},{\"@type\":\"ListItem\",\"position\":2,\"name\":\"Pol\u00edtica de Privacidade\"}]},{\"@type\":\"WebSite\",\"@id\":\"https:\/\/teste2.zaon.tech\/#website\",\"url\":\"https:\/\/teste2.zaon.tech\/\",\"name\":\"Miracema-Nuodex\",\"description\":\"Qu\u00edmica em Tudo\",\"publisher\":{\"@id\":\"https:\/\/teste2.zaon.tech\/#organization\"},\"potentialAction\":[{\"@type\":\"SearchAction\",\"target\":{\"@type\":\"EntryPoint\",\"urlTemplate\":\"https:\/\/teste2.zaon.tech\/?s={search_term_string}\"},\"query-input\":{\"@type\":\"PropertyValueSpecification\",\"valueRequired\":true,\"valueName\":\"search_term_string\"}}],\"inLanguage\":\"en-US\"},{\"@type\":\"Organization\",\"@id\":\"https:\/\/teste2.zaon.tech\/#organization\",\"name\":\"Miracema-Nuodex\",\"url\":\"https:\/\/teste2.zaon.tech\/\",\"logo\":{\"@type\":\"ImageObject\",\"inLanguage\":\"en-US\",\"@id\":\"https:\/\/teste2.zaon.tech\/#\/schema\/logo\/image\/\",\"url\":\"https:\/\/teste2.zaon.tech\/wp-content\/uploads\/2024\/04\/Miracema_Nuodex_Vertical_Original.png\",\"contentUrl\":\"https:\/\/teste2.zaon.tech\/wp-content\/uploads\/2024\/04\/Miracema_Nuodex_Vertical_Original.png\",\"width\":400,\"height\":200,\"caption\":\"Miracema-Nuodex\"},\"image\":{\"@id\":\"https:\/\/teste2.zaon.tech\/#\/schema\/logo\/image\/\"}}]}<\/script>\n<!-- \/ Yoast SEO plugin. -->","yoast_head_json":{"title":"Pol\u00edtica de Privacidade | teste","description":"Ao acessar nosso site, voc\u00ea concorda com nossa Pol\u00edtica de Privacidade. Usamos as informa\u00e7\u00f5es coletadas para melhor experi\u00eancia em nosso site.","robots":{"index":"noindex","follow":"follow","max-snippet":"max-snippet:-1","max-image-preview":"max-image-preview:large","max-video-preview":"max-video-preview:-1"},"og_locale":"en_US","og_type":"article","og_title":"Pol\u00edtica de Privacidade | teste","og_description":"Ao acessar nosso site, voc\u00ea concorda com nossa Pol\u00edtica de Privacidade. Usamos as informa\u00e7\u00f5es coletadas para melhor experi\u00eancia em nosso site.","og_url":"https:\/\/teste2.zaon.tech\/en\/politica-de-privacidade\/","og_site_name":"teste","article_modified_time":"2024-10-29T11:56:41+00:00","twitter_card":"summary_large_image","twitter_misc":{"Est. reading time":"9 minutes"},"schema":{"@context":"https:\/\/schema.org","@graph":[{"@type":"WebPage","@id":"https:\/\/teste2.zaon.tech\/politica-de-privacidade\/","url":"https:\/\/teste2.zaon.tech\/politica-de-privacidade\/","name":"Pol\u00edtica de Privacidade | teste","isPartOf":{"@id":"https:\/\/teste2.zaon.tech\/#website"},"datePublished":"2024-04-03T16:41:40+00:00","dateModified":"2024-10-29T11:56:41+00:00","description":"Ao acessar nosso site, voc\u00ea concorda com nossa Pol\u00edtica de Privacidade. Usamos as informa\u00e7\u00f5es coletadas para melhor experi\u00eancia em nosso site.","breadcrumb":{"@id":"https:\/\/teste2.zaon.tech\/politica-de-privacidade\/#breadcrumb"},"inLanguage":"en-US","potentialAction":[{"@type":"ReadAction","target":["https:\/\/teste2.zaon.tech\/politica-de-privacidade\/"]}]},{"@type":"BreadcrumbList","@id":"https:\/\/teste2.zaon.tech\/politica-de-privacidade\/#breadcrumb","itemListElement":[{"@type":"ListItem","position":1,"name":"In\u00edcio","item":"https:\/\/teste2.zaon.tech\/"},{"@type":"ListItem","position":2,"name":"Pol\u00edtica de Privacidade"}]},{"@type":"WebSite","@id":"https:\/\/teste2.zaon.tech\/#website","url":"https:\/\/teste2.zaon.tech\/","name":"Miracema-Nuodex","description":"Chemistry in Everything","publisher":{"@id":"https:\/\/teste2.zaon.tech\/#organization"},"potentialAction":[{"@type":"SearchAction","target":{"@type":"EntryPoint","urlTemplate":"https:\/\/teste2.zaon.tech\/?s={search_term_string}"},"query-input":{"@type":"PropertyValueSpecification","valueRequired":true,"valueName":"search_term_string"}}],"inLanguage":"en-US"},{"@type":"Organization","@id":"https:\/\/teste2.zaon.tech\/#organization","name":"Miracema-Nuodex","url":"https:\/\/teste2.zaon.tech\/","logo":{"@type":"ImageObject","inLanguage":"en-US","@id":"https:\/\/teste2.zaon.tech\/#\/schema\/logo\/image\/","url":"https:\/\/teste2.zaon.tech\/wp-content\/uploads\/2024\/04\/Miracema_Nuodex_Vertical_Original.png","contentUrl":"https:\/\/teste2.zaon.tech\/wp-content\/uploads\/2024\/04\/Miracema_Nuodex_Vertical_Original.png","width":400,"height":200,"caption":"Miracema-Nuodex"},"image":{"@id":"https:\/\/teste2.zaon.tech\/#\/schema\/logo\/image\/"}}]}},"_links":{"self":[{"href":"https:\/\/teste2.zaon.tech\/en\/wp-json\/wp\/v2\/pages\/3","targetHints":{"allow":["GET"]}}],"collection":[{"href":"https:\/\/teste2.zaon.tech\/en\/wp-json\/wp\/v2\/pages"}],"about":[{"href":"https:\/\/teste2.zaon.tech\/en\/wp-json\/wp\/v2\/types\/page"}],"author":[{"embeddable":true,"href":"https:\/\/teste2.zaon.tech\/en\/wp-json\/wp\/v2\/users\/1"}],"replies":[{"embeddable":true,"href":"https:\/\/teste2.zaon.tech\/en\/wp-json\/wp\/v2\/comments?post=3"}],"version-history":[{"count":9,"href":"https:\/\/teste2.zaon.tech\/en\/wp-json\/wp\/v2\/pages\/3\/revisions"}],"predecessor-version":[{"id":1256,"href":"https:\/\/teste2.zaon.tech\/en\/wp-json\/wp\/v2\/pages\/3\/revisions\/1256"}],"wp:attachment":[{"href":"https:\/\/teste2.zaon.tech\/en\/wp-json\/wp\/v2\/media?parent=3"}],"curies":[{"name":"wp","href":"https:\/\/api.w.org\/{rel}","templated":true}]}}