{"id":1115,"date":"2024-08-30T18:23:07","date_gmt":"2024-08-30T21:23:07","guid":{"rendered":"https:\/\/miracema-nuodex.tech\/?page_id=1115"},"modified":"2025-04-28T08:49:41","modified_gmt":"2025-04-28T11:49:41","slug":"visao-missao-e-valores","status":"publish","type":"page","link":"https:\/\/teste2.zaon.tech\/en\/visao-missao-e-valores\/","title":{"rendered":"Vision, Mission and Values"},"content":{"rendered":"<h4><span data-text-color=\"secondary\"><strong>Mission, Vision and Values<\/strong><\/span><\/h4>\n<p>\u00a0<\/p>\n<p>Miracema-Nuodex is a Brazilian chemical industry founded in 1954, located in the city of Campinas, state of S\u00e3o Paulo, and its purpose is to supply, for the national and international markets, chemical products to its customers, which are, in their majority, other companies from various segments that transform these products into numerous industrialized materials.<\/p>\n<p>In this context, as a purpose of supporting its strategic direction, it establishes:<\/p>\n<ul>\n<li><span data-text-color=\"secondary\"><strong>Vision: <\/strong><\/span>remain a reference company in the provision of chemical products, through actions committed to quality, innovation, sustainability and safety.<\/li>\n<\/ul>\n<p>\u00a0<\/p>\n<ul>\n<li><span data-text-color=\"secondary\"><strong>Mission<\/strong>:<\/span> develop, manufacture and market chemical products and associated services with quality, sustainability and safety, in order to generate value for our customers, suppliers, employees, community and partners.<\/li>\n<\/ul>\n<p>\u00a0<\/p>\n<ul>\n<li><span data-text-color=\"secondary\"><strong>Values:<\/strong><\/span><\/li>\n<\/ul>\n<p><strong>Innovation<\/strong>: we continually seek new solutions and improvements in products and associated services and processes;<\/p>\n<p><strong>Sustainability<\/strong>: we are committed to social responsibility, respect for the environment and economic competitiveness;<\/p>\n<p><strong>Integrity (ethics)<\/strong>: we practice honesty, confidentiality, seriousness and transparency in our relationships with our partners;<\/p>\n<p><strong>Respect for people<\/strong>: we recognize differences in individual and cultural values, treating everyone with respect and dignity;<\/p>\n<p><strong>Quality<\/strong>: it is unquestionable! We always seek improvements in our processes, products and associated services;<\/p>\n<p><strong>Security<\/strong>: we only do this after evaluating, identifying, eliminating or mitigating the risks involved.<\/p>\n<p>\u00a0<\/p>\n<p><strong>November 2016<\/strong><\/p>","protected":false},"excerpt":{"rendered":"","protected":false},"author":3,"featured_media":0,"parent":0,"menu_order":0,"comment_status":"closed","ping_status":"closed","template":"","meta":{"footnotes":""},"class_list":["post-1115","page","type-page","status-publish","hentry"],"yoast_head":"<!-- This site is optimized with the Yoast SEO plugin v27.0 - https:\/\/yoast.com\/product\/yoast-seo-wordpress\/ -->\n<title>Vis\u00e3o, Miss\u00e3o e Valores - teste<\/title>\n<meta name=\"description\" content=\"Miracema-Nuodex, ind\u00fastria qu\u00edmica fundada em 1954 em Campinas, fornece produtos qu\u00edmicos para mercados nacional e internacional e m\u00faltiplos segmentos.\" \/>\n<meta name=\"robots\" content=\"noindex, follow, max-snippet:-1, max-image-preview:large, max-video-preview:-1\" \/>\n<meta property=\"og:locale\" content=\"en_US\" \/>\n<meta property=\"og:type\" content=\"article\" \/>\n<meta property=\"og:title\" content=\"Vis\u00e3o, Miss\u00e3o e Valores - teste\" \/>\n<meta property=\"og:description\" content=\"Miracema-Nuodex, ind\u00fastria qu\u00edmica fundada em 1954 em Campinas, fornece produtos qu\u00edmicos para mercados nacional e internacional e m\u00faltiplos segmentos.\" \/>\n<meta property=\"og:url\" content=\"https:\/\/teste2.zaon.tech\/en\/visao-missao-e-valores\/\" \/>\n<meta property=\"og:site_name\" content=\"teste\" \/>\n<meta property=\"article:modified_time\" content=\"2025-04-28T11:49:41+00:00\" \/>\n<meta name=\"twitter:card\" content=\"summary_large_image\" \/>\n<meta name=\"twitter:label1\" content=\"Est. reading time\" \/>\n\t<meta name=\"twitter:data1\" content=\"2 minutes\" \/>\n<script type=\"application\/ld+json\" class=\"yoast-schema-graph\">{\"@context\":\"https:\/\/schema.org\",\"@graph\":[{\"@type\":\"WebPage\",\"@id\":\"https:\/\/teste2.zaon.tech\/visao-missao-e-valores\/\",\"url\":\"https:\/\/teste2.zaon.tech\/visao-missao-e-valores\/\",\"name\":\"Vis\u00e3o, Miss\u00e3o e Valores - teste\",\"isPartOf\":{\"@id\":\"https:\/\/teste2.zaon.tech\/#website\"},\"datePublished\":\"2024-08-30T21:23:07+00:00\",\"dateModified\":\"2025-04-28T11:49:41+00:00\",\"description\":\"Miracema-Nuodex, ind\u00fastria qu\u00edmica fundada em 1954 em Campinas, fornece produtos qu\u00edmicos para mercados nacional e internacional e m\u00faltiplos segmentos.\",\"breadcrumb\":{\"@id\":\"https:\/\/teste2.zaon.tech\/visao-missao-e-valores\/#breadcrumb\"},\"inLanguage\":\"en-US\",\"potentialAction\":[{\"@type\":\"ReadAction\",\"target\":[\"https:\/\/teste2.zaon.tech\/visao-missao-e-valores\/\"]}]},{\"@type\":\"BreadcrumbList\",\"@id\":\"https:\/\/teste2.zaon.tech\/visao-missao-e-valores\/#breadcrumb\",\"itemListElement\":[{\"@type\":\"ListItem\",\"position\":1,\"name\":\"In\u00edcio\",\"item\":\"https:\/\/teste2.zaon.tech\/\"},{\"@type\":\"ListItem\",\"position\":2,\"name\":\"Vis\u00e3o, Miss\u00e3o e Valores\"}]},{\"@type\":\"WebSite\",\"@id\":\"https:\/\/teste2.zaon.tech\/#website\",\"url\":\"https:\/\/teste2.zaon.tech\/\",\"name\":\"Miracema-Nuodex\",\"description\":\"Qu\u00edmica em Tudo\",\"publisher\":{\"@id\":\"https:\/\/teste2.zaon.tech\/#organization\"},\"potentialAction\":[{\"@type\":\"SearchAction\",\"target\":{\"@type\":\"EntryPoint\",\"urlTemplate\":\"https:\/\/teste2.zaon.tech\/?s={search_term_string}\"},\"query-input\":{\"@type\":\"PropertyValueSpecification\",\"valueRequired\":true,\"valueName\":\"search_term_string\"}}],\"inLanguage\":\"en-US\"},{\"@type\":\"Organization\",\"@id\":\"https:\/\/teste2.zaon.tech\/#organization\",\"name\":\"Miracema-Nuodex\",\"url\":\"https:\/\/teste2.zaon.tech\/\",\"logo\":{\"@type\":\"ImageObject\",\"inLanguage\":\"en-US\",\"@id\":\"https:\/\/teste2.zaon.tech\/#\/schema\/logo\/image\/\",\"url\":\"https:\/\/teste2.zaon.tech\/wp-content\/uploads\/2024\/04\/Miracema_Nuodex_Vertical_Original.png\",\"contentUrl\":\"https:\/\/teste2.zaon.tech\/wp-content\/uploads\/2024\/04\/Miracema_Nuodex_Vertical_Original.png\",\"width\":400,\"height\":200,\"caption\":\"Miracema-Nuodex\"},\"image\":{\"@id\":\"https:\/\/teste2.zaon.tech\/#\/schema\/logo\/image\/\"}}]}<\/script>\n<!-- \/ Yoast SEO plugin. -->","yoast_head_json":{"title":"Vis\u00e3o, Miss\u00e3o e Valores - teste","description":"Miracema-Nuodex, ind\u00fastria qu\u00edmica fundada em 1954 em Campinas, fornece produtos qu\u00edmicos para mercados nacional e internacional e m\u00faltiplos segmentos.","robots":{"index":"noindex","follow":"follow","max-snippet":"max-snippet:-1","max-image-preview":"max-image-preview:large","max-video-preview":"max-video-preview:-1"},"og_locale":"en_US","og_type":"article","og_title":"Vis\u00e3o, Miss\u00e3o e Valores - teste","og_description":"Miracema-Nuodex, ind\u00fastria qu\u00edmica fundada em 1954 em Campinas, fornece produtos qu\u00edmicos para mercados nacional e internacional e m\u00faltiplos segmentos.","og_url":"https:\/\/teste2.zaon.tech\/en\/visao-missao-e-valores\/","og_site_name":"teste","article_modified_time":"2025-04-28T11:49:41+00:00","twitter_card":"summary_large_image","twitter_misc":{"Est. reading time":"2 minutes"},"schema":{"@context":"https:\/\/schema.org","@graph":[{"@type":"WebPage","@id":"https:\/\/teste2.zaon.tech\/visao-missao-e-valores\/","url":"https:\/\/teste2.zaon.tech\/visao-missao-e-valores\/","name":"Vis\u00e3o, Miss\u00e3o e Valores - teste","isPartOf":{"@id":"https:\/\/teste2.zaon.tech\/#website"},"datePublished":"2024-08-30T21:23:07+00:00","dateModified":"2025-04-28T11:49:41+00:00","description":"Miracema-Nuodex, ind\u00fastria qu\u00edmica fundada em 1954 em Campinas, fornece produtos qu\u00edmicos para mercados nacional e internacional e m\u00faltiplos segmentos.","breadcrumb":{"@id":"https:\/\/teste2.zaon.tech\/visao-missao-e-valores\/#breadcrumb"},"inLanguage":"en-US","potentialAction":[{"@type":"ReadAction","target":["https:\/\/teste2.zaon.tech\/visao-missao-e-valores\/"]}]},{"@type":"BreadcrumbList","@id":"https:\/\/teste2.zaon.tech\/visao-missao-e-valores\/#breadcrumb","itemListElement":[{"@type":"ListItem","position":1,"name":"In\u00edcio","item":"https:\/\/teste2.zaon.tech\/"},{"@type":"ListItem","position":2,"name":"Vis\u00e3o, Miss\u00e3o e Valores"}]},{"@type":"WebSite","@id":"https:\/\/teste2.zaon.tech\/#website","url":"https:\/\/teste2.zaon.tech\/","name":"Miracema-Nuodex","description":"Chemistry in Everything","publisher":{"@id":"https:\/\/teste2.zaon.tech\/#organization"},"potentialAction":[{"@type":"SearchAction","target":{"@type":"EntryPoint","urlTemplate":"https:\/\/teste2.zaon.tech\/?s={search_term_string}"},"query-input":{"@type":"PropertyValueSpecification","valueRequired":true,"valueName":"search_term_string"}}],"inLanguage":"en-US"},{"@type":"Organization","@id":"https:\/\/teste2.zaon.tech\/#organization","name":"Miracema-Nuodex","url":"https:\/\/teste2.zaon.tech\/","logo":{"@type":"ImageObject","inLanguage":"en-US","@id":"https:\/\/teste2.zaon.tech\/#\/schema\/logo\/image\/","url":"https:\/\/teste2.zaon.tech\/wp-content\/uploads\/2024\/04\/Miracema_Nuodex_Vertical_Original.png","contentUrl":"https:\/\/teste2.zaon.tech\/wp-content\/uploads\/2024\/04\/Miracema_Nuodex_Vertical_Original.png","width":400,"height":200,"caption":"Miracema-Nuodex"},"image":{"@id":"https:\/\/teste2.zaon.tech\/#\/schema\/logo\/image\/"}}]}},"_links":{"self":[{"href":"https:\/\/teste2.zaon.tech\/en\/wp-json\/wp\/v2\/pages\/1115","targetHints":{"allow":["GET"]}}],"collection":[{"href":"https:\/\/teste2.zaon.tech\/en\/wp-json\/wp\/v2\/pages"}],"about":[{"href":"https:\/\/teste2.zaon.tech\/en\/wp-json\/wp\/v2\/types\/page"}],"author":[{"embeddable":true,"href":"https:\/\/teste2.zaon.tech\/en\/wp-json\/wp\/v2\/users\/3"}],"replies":[{"embeddable":true,"href":"https:\/\/teste2.zaon.tech\/en\/wp-json\/wp\/v2\/comments?post=1115"}],"version-history":[{"count":5,"href":"https:\/\/teste2.zaon.tech\/en\/wp-json\/wp\/v2\/pages\/1115\/revisions"}],"predecessor-version":[{"id":1884,"href":"https:\/\/teste2.zaon.tech\/en\/wp-json\/wp\/v2\/pages\/1115\/revisions\/1884"}],"wp:attachment":[{"href":"https:\/\/teste2.zaon.tech\/en\/wp-json\/wp\/v2\/media?parent=1115"}],"curies":[{"name":"wp","href":"https:\/\/api.w.org\/{rel}","templated":true}]}}