{"id":1112,"date":"2024-08-30T18:19:59","date_gmt":"2024-08-30T21:19:59","guid":{"rendered":"https:\/\/miracema-nuodex.tech\/?page_id=1112"},"modified":"2024-10-29T08:56:38","modified_gmt":"2024-10-29T11:56:38","slug":"politica-de-qualidade","status":"publish","type":"page","link":"https:\/\/teste2.zaon.tech\/en\/politica-de-qualidade\/","title":{"rendered":"Quality Policy"},"content":{"rendered":"<p>Miracema-Nuodex is a Brazilian chemical industry founded in 1954, located in the city of Campinas, state of S\u00e3o Paulo, and its purpose is to supply, for the national and international markets, chemical products to its customers, which are, in their majority, other companies from various segments that transform these products into numerous industrialized materials.<br \/>In this context, as a purpose of supporting its strategic direction, it establishes:<\/p>\n<p>\u00a0<\/p>\n<p><span data-text-color=\"secondary\"><strong>Quality Policy<\/strong><\/span><\/p>\n<p>Develop, produce and supply chemical products to meet customers&#039; initial and ongoing quality and performance requirements.<br \/>Ensure that all employees are committed to meeting requirements and continually improving the effectiveness of the quality management system.<\/p>\n<p>\u00a0<\/p>\n<p><span data-text-color=\"secondary\"><strong>Commitments<\/strong><\/span><\/p>\n<p>\u2022 Constantly innovate the product line;<br \/>\u2022 Continuously improve the effectiveness of the quality management system;<br \/>\u2022 Control manufacturing processes in order to ensure the quality requirements established for the products;<br \/>\u2022 Address preventive actions in your processes and take corrective actions whenever deviations occur in relation to the specified requirements;<br \/>\u2022 Train employees to raise awareness of the Quality Policy and System;<br \/>\u2022 Establish, measure and monitor quality objectives;<br \/>\u2022 Satisfy the expectations, specified, statutory and regulatory requirements of interested parties relevant to the quality management system.<\/p>\n<p>\u00a0<\/p>\n<p><strong>Rev.3 (November 2016)<\/strong><\/p>","protected":false},"excerpt":{"rendered":"","protected":false},"author":3,"featured_media":0,"parent":0,"menu_order":0,"comment_status":"closed","ping_status":"closed","template":"","meta":{"footnotes":""},"class_list":["post-1112","page","type-page","status-publish","hentry"],"yoast_head":"<!-- This site is optimized with the Yoast SEO plugin v27.0 - https:\/\/yoast.com\/product\/yoast-seo-wordpress\/ -->\n<title>Pol\u00edtica de Qualidade | teste<\/title>\n<meta name=\"description\" content=\"Desenvolver, produzir e fornecer produtos qu\u00edmicos de forma a satisfazer os requisitos iniciais e cont\u00ednuos de qualidade e desempenho nos clientes.\" \/>\n<meta name=\"robots\" content=\"noindex, follow, max-snippet:-1, max-image-preview:large, max-video-preview:-1\" \/>\n<meta property=\"og:locale\" content=\"en_US\" \/>\n<meta property=\"og:type\" content=\"article\" \/>\n<meta property=\"og:title\" content=\"Pol\u00edtica de Qualidade | teste\" \/>\n<meta property=\"og:description\" content=\"Desenvolver, produzir e fornecer produtos qu\u00edmicos de forma a satisfazer os requisitos iniciais e cont\u00ednuos de qualidade e desempenho nos clientes.\" \/>\n<meta property=\"og:url\" content=\"https:\/\/teste2.zaon.tech\/en\/politica-de-qualidade\/\" \/>\n<meta property=\"og:site_name\" content=\"teste\" \/>\n<meta property=\"article:modified_time\" content=\"2024-10-29T11:56:38+00:00\" \/>\n<meta name=\"twitter:card\" content=\"summary_large_image\" \/>\n<meta name=\"twitter:label1\" content=\"Est. reading time\" \/>\n\t<meta name=\"twitter:data1\" content=\"2 minutes\" \/>\n<script type=\"application\/ld+json\" class=\"yoast-schema-graph\">{\"@context\":\"https:\/\/schema.org\",\"@graph\":[{\"@type\":\"WebPage\",\"@id\":\"https:\/\/teste2.zaon.tech\/politica-de-qualidade\/\",\"url\":\"https:\/\/teste2.zaon.tech\/politica-de-qualidade\/\",\"name\":\"Pol\u00edtica de Qualidade | teste\",\"isPartOf\":{\"@id\":\"https:\/\/teste2.zaon.tech\/#website\"},\"datePublished\":\"2024-08-30T21:19:59+00:00\",\"dateModified\":\"2024-10-29T11:56:38+00:00\",\"description\":\"Desenvolver, produzir e fornecer produtos qu\u00edmicos de forma a satisfazer os requisitos iniciais e cont\u00ednuos de qualidade e desempenho nos clientes.\",\"breadcrumb\":{\"@id\":\"https:\/\/teste2.zaon.tech\/politica-de-qualidade\/#breadcrumb\"},\"inLanguage\":\"en-US\",\"potentialAction\":[{\"@type\":\"ReadAction\",\"target\":[\"https:\/\/teste2.zaon.tech\/politica-de-qualidade\/\"]}]},{\"@type\":\"BreadcrumbList\",\"@id\":\"https:\/\/teste2.zaon.tech\/politica-de-qualidade\/#breadcrumb\",\"itemListElement\":[{\"@type\":\"ListItem\",\"position\":1,\"name\":\"In\u00edcio\",\"item\":\"https:\/\/teste2.zaon.tech\/\"},{\"@type\":\"ListItem\",\"position\":2,\"name\":\"Pol\u00edtica de Qualidade\"}]},{\"@type\":\"WebSite\",\"@id\":\"https:\/\/teste2.zaon.tech\/#website\",\"url\":\"https:\/\/teste2.zaon.tech\/\",\"name\":\"Miracema-Nuodex\",\"description\":\"Qu\u00edmica em Tudo\",\"publisher\":{\"@id\":\"https:\/\/teste2.zaon.tech\/#organization\"},\"potentialAction\":[{\"@type\":\"SearchAction\",\"target\":{\"@type\":\"EntryPoint\",\"urlTemplate\":\"https:\/\/teste2.zaon.tech\/?s={search_term_string}\"},\"query-input\":{\"@type\":\"PropertyValueSpecification\",\"valueRequired\":true,\"valueName\":\"search_term_string\"}}],\"inLanguage\":\"en-US\"},{\"@type\":\"Organization\",\"@id\":\"https:\/\/teste2.zaon.tech\/#organization\",\"name\":\"Miracema-Nuodex\",\"url\":\"https:\/\/teste2.zaon.tech\/\",\"logo\":{\"@type\":\"ImageObject\",\"inLanguage\":\"en-US\",\"@id\":\"https:\/\/teste2.zaon.tech\/#\/schema\/logo\/image\/\",\"url\":\"https:\/\/teste2.zaon.tech\/wp-content\/uploads\/2024\/04\/Miracema_Nuodex_Vertical_Original.png\",\"contentUrl\":\"https:\/\/teste2.zaon.tech\/wp-content\/uploads\/2024\/04\/Miracema_Nuodex_Vertical_Original.png\",\"width\":400,\"height\":200,\"caption\":\"Miracema-Nuodex\"},\"image\":{\"@id\":\"https:\/\/teste2.zaon.tech\/#\/schema\/logo\/image\/\"}}]}<\/script>\n<!-- \/ Yoast SEO plugin. -->","yoast_head_json":{"title":"Pol\u00edtica de Qualidade | teste","description":"Develop, produce and supply chemical products to meet customers&#039; initial and ongoing quality and performance requirements.","robots":{"index":"noindex","follow":"follow","max-snippet":"max-snippet:-1","max-image-preview":"max-image-preview:large","max-video-preview":"max-video-preview:-1"},"og_locale":"en_US","og_type":"article","og_title":"Pol\u00edtica de Qualidade | teste","og_description":"Desenvolver, produzir e fornecer produtos qu\u00edmicos de forma a satisfazer os requisitos iniciais e cont\u00ednuos de qualidade e desempenho nos clientes.","og_url":"https:\/\/teste2.zaon.tech\/en\/politica-de-qualidade\/","og_site_name":"teste","article_modified_time":"2024-10-29T11:56:38+00:00","twitter_card":"summary_large_image","twitter_misc":{"Est. reading time":"2 minutes"},"schema":{"@context":"https:\/\/schema.org","@graph":[{"@type":"WebPage","@id":"https:\/\/teste2.zaon.tech\/politica-de-qualidade\/","url":"https:\/\/teste2.zaon.tech\/politica-de-qualidade\/","name":"Pol\u00edtica de Qualidade | teste","isPartOf":{"@id":"https:\/\/teste2.zaon.tech\/#website"},"datePublished":"2024-08-30T21:19:59+00:00","dateModified":"2024-10-29T11:56:38+00:00","description":"Develop, produce and supply chemical products to meet customers&#039; initial and ongoing quality and performance requirements.","breadcrumb":{"@id":"https:\/\/teste2.zaon.tech\/politica-de-qualidade\/#breadcrumb"},"inLanguage":"en-US","potentialAction":[{"@type":"ReadAction","target":["https:\/\/teste2.zaon.tech\/politica-de-qualidade\/"]}]},{"@type":"BreadcrumbList","@id":"https:\/\/teste2.zaon.tech\/politica-de-qualidade\/#breadcrumb","itemListElement":[{"@type":"ListItem","position":1,"name":"In\u00edcio","item":"https:\/\/teste2.zaon.tech\/"},{"@type":"ListItem","position":2,"name":"Pol\u00edtica de Qualidade"}]},{"@type":"WebSite","@id":"https:\/\/teste2.zaon.tech\/#website","url":"https:\/\/teste2.zaon.tech\/","name":"Miracema-Nuodex","description":"Chemistry in Everything","publisher":{"@id":"https:\/\/teste2.zaon.tech\/#organization"},"potentialAction":[{"@type":"SearchAction","target":{"@type":"EntryPoint","urlTemplate":"https:\/\/teste2.zaon.tech\/?s={search_term_string}"},"query-input":{"@type":"PropertyValueSpecification","valueRequired":true,"valueName":"search_term_string"}}],"inLanguage":"en-US"},{"@type":"Organization","@id":"https:\/\/teste2.zaon.tech\/#organization","name":"Miracema-Nuodex","url":"https:\/\/teste2.zaon.tech\/","logo":{"@type":"ImageObject","inLanguage":"en-US","@id":"https:\/\/teste2.zaon.tech\/#\/schema\/logo\/image\/","url":"https:\/\/teste2.zaon.tech\/wp-content\/uploads\/2024\/04\/Miracema_Nuodex_Vertical_Original.png","contentUrl":"https:\/\/teste2.zaon.tech\/wp-content\/uploads\/2024\/04\/Miracema_Nuodex_Vertical_Original.png","width":400,"height":200,"caption":"Miracema-Nuodex"},"image":{"@id":"https:\/\/teste2.zaon.tech\/#\/schema\/logo\/image\/"}}]}},"_links":{"self":[{"href":"https:\/\/teste2.zaon.tech\/en\/wp-json\/wp\/v2\/pages\/1112","targetHints":{"allow":["GET"]}}],"collection":[{"href":"https:\/\/teste2.zaon.tech\/en\/wp-json\/wp\/v2\/pages"}],"about":[{"href":"https:\/\/teste2.zaon.tech\/en\/wp-json\/wp\/v2\/types\/page"}],"author":[{"embeddable":true,"href":"https:\/\/teste2.zaon.tech\/en\/wp-json\/wp\/v2\/users\/3"}],"replies":[{"embeddable":true,"href":"https:\/\/teste2.zaon.tech\/en\/wp-json\/wp\/v2\/comments?post=1112"}],"version-history":[{"count":5,"href":"https:\/\/teste2.zaon.tech\/en\/wp-json\/wp\/v2\/pages\/1112\/revisions"}],"predecessor-version":[{"id":1255,"href":"https:\/\/teste2.zaon.tech\/en\/wp-json\/wp\/v2\/pages\/1112\/revisions\/1255"}],"wp:attachment":[{"href":"https:\/\/teste2.zaon.tech\/en\/wp-json\/wp\/v2\/media?parent=1112"}],"curies":[{"name":"wp","href":"https:\/\/api.w.org\/{rel}","templated":true}]}}