{"id":650,"date":"2024-04-28T19:49:27","date_gmt":"2024-04-28T22:49:27","guid":{"rendered":"https:\/\/miracema-nuodex.tech\/?page_id=650"},"modified":"2024-12-12T11:26:32","modified_gmt":"2024-12-12T14:26:32","slug":"politica-de-gestao-de-cookies","status":"publish","type":"page","link":"https:\/\/teste2.zaon.tech\/de\/politica-de-gestao-de-cookies\/","title":{"rendered":"Cookie-Verwaltungsrichtlinie"},"content":{"rendered":"<section class=\"section\" id=\"section_685933701\">\n\t\t<div class=\"section-bg fill\" >\n\t\t\t\t\t\t\t\t\t\n\t\t\t\n\n\t\t<\/div>\n\n\t\t\n\n\t\t<div class=\"section-content relative\">\n\t\t\t\n\n<div class=\"row\"  id=\"row-2122780999\">\n\n\n\t<div id=\"col-1356617476\" class=\"col small-12 large-12\"  >\n\t\t\t\t<div class=\"col-inner\"  >\n\t\t\t\n\t\t\t\n\n<h4><span data-text-color=\"secondary\"><strong>Was ist ein Cookie?<\/strong><\/span><\/h4>\n<p>Bei einem Cookie handelt es sich um Daten, die eine Website von Ihrem Browser anfordert und die als Datei auf Ihrem Computer oder Mobilger\u00e4t gespeichert werden. Das Cookie erm\u00f6glicht es der Website, sich im Laufe der Zeit an Ihre Aktionen oder Pr\u00e4ferenzen zu \u201eerinnern\u201c.<\/p>\n<p>Die meisten Internetbrowser akzeptieren Cookies. Dennoch k\u00f6nnen Sie Ihren Browser so konfigurieren, dass er bestimmte Arten von Cookies oder bestimmte Cookies ablehnt. Dar\u00fcber hinaus k\u00f6nnen Sie Cookies jederzeit in einem bestimmten Browser oder in mehreren Browsern l\u00f6schen.<\/p>\n<p>Diese Richtlinie gilt f\u00fcr die Domain(s):\u00a0<a href=\"https:\/\/teste2.zaon.tech\/de\/\"><strong>www.miracema-nuodex.com.br\/<\/strong><\/a><\/p>\n<p><span data-text-color=\"secondary\"><strong>Wie werden Cookies verwendet?<\/strong><\/span><\/p>\n<p>Cookies dienen dazu, zu verstehen und zu speichern, wie Sie mit den Inhalten dieser Website interagieren, sowie Ihr Erlebnis beim Besuch unserer Website zu verbessern.\u00a0<\/p>\n<p>Beispiel: Einige Cookies erinnern sich m\u00f6glicherweise an Ihre Sprache oder Ihre Pr\u00e4ferenzen, sodass Sie diese Auswahl nicht bei jedem Besuch einer unserer Websites erneut treffen m\u00fcssen.\u00a0<\/p>\n<p>Cookies k\u00f6nnen auch die Bereitstellung spezifischer Inhalte erm\u00f6glichen, beispielsweise Videos oder Texte oder Bilder.\u00a0<\/p>\n<p><span data-text-color=\"secondary\"><strong>Welche Arten von Cookies werden verwendet?<\/strong><\/span><\/p>\n<p><u>Erstanbieter-Cookies und Drittanbieter-Cookies<\/u><\/p>\n<p>Wir verwenden auf unserer Website sowohl Erstanbieter- als auch Drittanbieter-Cookies.<\/p>\n<p>Erstanbieter-Cookies sind von unserer Website-Domain ausgegebene Cookies und werden im Allgemeinen verwendet, um lokale Pr\u00e4ferenzen zu erkennen oder grundlegende Website-Funktionen zu erm\u00f6glichen.<\/p>\n<p>Cookies von Drittanbietern sind Eigentum anderer Unternehmen, Gesch\u00e4ftspartner oder Dienstleister unseres Unternehmens und werden von diesen verwaltet. Diese Cookies k\u00f6nnen erforderlich sein, um bestimmte Formulare zu erstellen oder Werbung au\u00dferhalb unserer Website zu erm\u00f6glichen.<\/p>\n<p><u>Sitzungscookies<\/u><\/p>\n<p>Sitzungscookies sind tempor\u00e4re Cookies, die dazu dienen, sich w\u00e4hrend Ihres Besuchs auf der Website an Sie zu erinnern. Sie verlieren ihre G\u00fcltigkeit, wenn Sie Ihren Browser schlie\u00dfen.<\/p>\n<p><u>Dauerhafte Cookies<\/u><\/p>\n<p>Permanente Cookies werden verwendet, um Ihre Website-Pr\u00e4ferenzen zu speichern und bleiben auch nach dem Schlie\u00dfen oder Zur\u00fccksetzen Ihres Browsers auf Ihrem Desktop oder Mobilger\u00e4t. Wir verwenden diese Cookies, um das Nutzerverhalten zu analysieren und Muster zu erstellen, damit wir die Funktionalit\u00e4t unserer Website f\u00fcr Sie und andere Besucher unserer Website verbessern k\u00f6nnen. Diese Cookies erm\u00f6glichen es uns auch, gezielte Werbung zu schalten und die Wirksamkeit unserer Website sowie die Funktionalit\u00e4t dieser Werbung zu messen.<\/p>\n<p><span data-text-color=\"secondary\"><strong>Wie werden Cookies f\u00fcr Werbung verwendet?<\/strong><\/span><\/p>\n<p>Cookies und Werbetechnologien wie Web Beacons, Pixel und Werbenetzwerk-Tags helfen uns, relevante Werbung effektiver bereitzustellen. Sie helfen uns auch dabei, konsolidierte Daten f\u00fcr Audits, Recherchen und Leistungsberichte f\u00fcr Werbetreibende zu sammeln. Mithilfe von Pixeln k\u00f6nnen wir die Bereitstellung von Werbeanzeigen f\u00fcr Sie nachvollziehen und verbessern. Dar\u00fcber hinaus k\u00f6nnen wir erkennen, wann Ihnen bestimmte Werbeanzeigen bereits pr\u00e4sentiert wurden. Da Ihr Browser Werbung und \u201eWeb Beacons\u201c direkt von den Servern der Werbenetzwerke anfordern kann, k\u00f6nnen diese Netzwerke ihre eigenen Cookies anzeigen, bearbeiten oder setzen, als ob Sie eine Webseite auf ihrer Website besucht h\u00e4tten.<\/p>\n<p>Obwohl wir Cookies nicht verwenden, um ein Profil Ihres Surfverhaltens auf Websites Dritter zu erstellen, verwenden wir konsolidierte Informationen dieser Drittanbieter, um Ihnen relevante Werbung basierend auf Ihren Interessen anzuzeigen. Wir geben die von uns erfassten Informationen nicht an Werbetreibende weiter. Sie k\u00f6nnen die Anzeige von Werbung au\u00dferhalb der Website und\/oder von Drittanbietern deaktivieren, indem Sie Ihre Cookie-Einstellungen anpassen. Dadurch werden keine Anzeigen von den von Ihnen besuchten Seiten entfernt, sondern diese Auswahl f\u00fchrt zu Anzeigen, die nicht auf Ihren Interessen basieren. Das bedeutet, dass die Werbung, die Sie sehen, durch diese spezifischen Cookies nicht Ihren Interessen zugeordnet wird.<\/p>\n<p><span data-text-color=\"secondary\"><strong>Wie werden Cookies von Drittanbietern verwendet?<\/strong><\/span><\/p>\n<p>F\u00fcr einige Funktionen innerhalb unserer Website nutzen wir Drittanbieter, beispielsweise wenn Sie eine Seite besuchen, auf der ein Video in Facebook eingebettet ist oder von Facebook stammt. Diese Videos oder Links (und alle anderen Inhalte von Drittanbietern) k\u00f6nnen Cookies von Drittanbietern enthalten. Wir empfehlen, die Datenschutzrichtlinien dieser Drittanbieter auf deren Websites zu lesen, um Informationen \u00fcber deren Verwendung von Cookies zu erhalten.<\/p>\n<p><span data-text-color=\"secondary\"><strong>Wie kann ich Cookies ablehnen oder l\u00f6schen?<\/strong><\/span><\/p>\n<p>Sie k\u00f6nnen alle oder bestimmte Arten von Cookies, die w\u00e4hrend Ihres Besuchs auf unserer Website gesetzt werden, ablehnen oder blockieren, indem Sie auf unserer Website auf \u201eCookie-Einstellungen\u201c klicken. Sie k\u00f6nnen Ihre Pr\u00e4ferenzen f\u00fcr unsere Website und\/oder Websites Dritter \u00e4ndern, indem Sie Ihre Browsereinstellungen \u00e4ndern.<\/p>\n<p>Bitte beachten Sie, dass die meisten Browser Cookies automatisch akzeptieren. Wenn Sie also die Verwendung von Cookies nicht w\u00fcnschen, m\u00fcssen Sie Cookies aktiv l\u00f6schen oder blockieren. Wenn Sie die Verwendung von Cookies ablehnen, k\u00f6nnen Sie unsere Website zwar besuchen, einige Funktionen funktionieren jedoch m\u00f6glicherweise nicht ordnungsgem\u00e4\u00df. Indem Sie unsere Website nutzen, ohne einige oder alle Cookies zu l\u00f6schen oder abzulehnen, erkl\u00e4ren Sie sich damit einverstanden, dass wir die Cookies, die Sie nicht gel\u00f6scht oder abgelehnt haben, auf Ihren Ger\u00e4ten platzieren d\u00fcrfen.<\/p>\n<p>Sie k\u00f6nnen auch wikipedia.org besuchen,\u00a0<a href=\"https:\/\/www.allaboutcookies.org\/\">www.allaboutcookies.org<\/a>\u00a0Weitere Informationen zum L\u00f6schen oder Ablehnen von Cookies sowie zus\u00e4tzliche Informationen zu Cookies im Allgemeinen.<\/p>\n<p><span data-text-color=\"secondary\"><strong>Liste der Cookies<\/strong><\/span><\/p>\n<table>\n<tbody>\n<tr>\n<td width=\"59\">\n<p>Kekse<\/p>\n<\/td>\n<td width=\"307\">\n<p>Beschreibung<\/p>\n<\/td>\n<td width=\"79\">\n<p>Zur\u00fcckbehaltung<\/p>\n<\/td>\n<td width=\"79\">\n<p>Kategorie<\/p>\n<\/td>\n<td width=\"95\">\n<p>Spezifische Datenschutzrichtlinie<\/p>\n<\/td>\n<\/tr>\n<tr>\n<td width=\"59\">\n<p>rc::a<\/p>\n<\/td>\n<td width=\"307\">\n<p>Dieses Cookie wird verwendet, um zwischen Menschen und Bots zu unterscheiden. Dies ist f\u00fcr die Website von Vorteil, um valide Berichte \u00fcber die Nutzung ihrer Website erstellen zu k\u00f6nnen<\/p>\n<\/td>\n<td width=\"79\">\n<p>Hartn\u00e4ckig<\/p>\n<\/td>\n<td width=\"79\">\n<p>Essentiell<\/p>\n<\/td>\n<td width=\"95\">\n<p><a href=\"https:\/\/www.gstatic.com\/policies\/privacy\/pdf\/20221215\/qi5mvafl\/google_privacy_policy_en.pdf\">Privatsph\u00e4re<\/a><\/p>\n<\/td>\n<\/tr>\n<tr>\n<td width=\"59\">\n<p>rc::c<\/p>\n<\/td>\n<td width=\"307\">\n<p>Dieses Cookie wird zur Unterscheidung zwischen Menschen und Bots verwendet<\/p>\n<\/td>\n<td width=\"79\">\n<p>Sitzung<\/p>\n<\/td>\n<td width=\"79\">\n<p>Essentiell<\/p>\n<\/td>\n<td width=\"95\">\n<p>\u00a0<\/p>\n<\/td>\n<\/tr>\n<tr>\n<td width=\"59\">\n<p>__utma<\/p>\n<\/td>\n<td width=\"307\">\n<p>Erfasst Daten dar\u00fcber, wie oft ein Benutzer die Website besucht hat, sowie \u00fcber die Daten der ersten und der meisten Besuche. Wird von Google Analytics verwendet<\/p>\n<\/td>\n<td width=\"79\">\n<p>2 Jahre<\/p>\n<\/td>\n<td width=\"79\">\n<p>Statistiken<\/p>\n<\/td>\n<td width=\"95\">\n<p><a href=\"https:\/\/policies.google.com\/privacy?hl=pt-BR\">Privatsph\u00e4re<\/a><\/p>\n<\/td>\n<\/tr>\n<tr>\n<td width=\"59\">\n<p>__utmb<\/p>\n<\/td>\n<td width=\"307\">\n<p>Zeichnet einen Zeitstempel mit dem genauen Zeitpunkt auf, zu dem der Benutzer auf die Website zugegriffen hat. Wird von Google verwendet, um die Dauer eines Website-Besuchs zu berechnen<\/p>\n<\/td>\n<td width=\"79\">\n<p>1 Tag<\/p>\n<\/td>\n<td width=\"79\">\n<p>Statistiken<\/p>\n<\/td>\n<td width=\"95\">\n<p>\u00a0<\/p>\n<\/td>\n<\/tr>\n<tr>\n<td width=\"59\">\n<p>__utmc<\/p>\n<\/td>\n<td width=\"307\">\n<p>Zeichnet einen Zeitstempel mit dem genauen Zeitpunkt auf, zu dem der Benutzer die Website verlassen hat. Wird von Google verwendet, um die Dauer eines Website-Besuchs zu berechnen<\/p>\n<\/td>\n<td width=\"79\">\n<p>Sitzung<\/p>\n<\/td>\n<td width=\"79\">\n<p>Statistiken<\/p>\n<\/td>\n<td width=\"95\">\n<p>\u00a0<\/p>\n<\/td>\n<\/tr>\n<tr>\n<td width=\"59\">\n<p>__utmt<\/p>\n<\/td>\n<td width=\"307\">\n<p>Wird verwendet, um die Geschwindigkeit von Anfragen an den Server zu informieren<\/p>\n<\/td>\n<td width=\"79\">\n<p>1 Tag<\/p>\n<\/td>\n<td width=\"79\">\n<p>Statistiken<\/p>\n<\/td>\n<td width=\"95\">\n<p>\u00a0<\/p>\n<\/td>\n<\/tr>\n<tr>\n<td width=\"59\">\n<p>__utmv<\/p>\n<\/td>\n<td width=\"307\">\n<p>Speichert benutzerdefinierte Tracking-Parameter zur Verwendung in Google Analytics<\/p>\n<\/td>\n<td width=\"79\">\n<p>Sitzung<\/p>\n<\/td>\n<td width=\"79\">\n<p>Statistiken<\/p>\n<\/td>\n<td width=\"95\">\n<p>\u00a0<\/p>\n<\/td>\n<\/tr>\n<tr>\n<td width=\"59\">\n<p>__utmz<\/p>\n<\/td>\n<td width=\"307\">\n<p>Sammelt Daten dar\u00fcber, woher der Nutzer kam, welche Suchmaschine verwendet wurde, auf welchen Link geklickt wurde und welcher Suchbegriff verwendet wurde. Wird von Google Analytics verwendet<\/p>\n<\/td>\n<td width=\"79\">\n<p>6 Monate<\/p>\n<\/td>\n<td width=\"79\">\n<p>Statistiken<\/p>\n<\/td>\n<td width=\"95\">\n<p>\u00a0<\/p>\n<\/td>\n<\/tr>\n<\/tbody>\n<\/table>\n<p>\u00a0<\/p>\n\n\t\t<\/div>\n\t\t\t\t\t<\/div>\n\n\t\n\n<\/div>\n\n\t\t<\/div>\n\n\t\t\n<style>\n#section_685933701 {\n  padding-top: 30px;\n  padding-bottom: 30px;\n}\n<\/style>\n\t<\/section>","protected":false},"excerpt":{"rendered":"","protected":false},"author":3,"featured_media":0,"parent":0,"menu_order":0,"comment_status":"closed","ping_status":"closed","template":"page-blank.php","meta":{"footnotes":""},"class_list":["post-650","page","type-page","status-publish","hentry"],"yoast_head":"<!-- This site is optimized with the Yoast SEO plugin v27.0 - https:\/\/yoast.com\/product\/yoast-seo-wordpress\/ -->\n<title>Pol\u00edtica de Gest\u00e3o de Cookies | teste<\/title>\n<meta name=\"description\" content=\"Nosso site usa cookies para melhorar sua navega\u00e7\u00e3o. Ao usar o site, voc\u00ea aceita isso. Veja mais em nossa Pol\u00edtica de Gest\u00e3o de Cookies.\" \/>\n<meta name=\"robots\" content=\"noindex, follow, max-snippet:-1, max-image-preview:large, max-video-preview:-1\" \/>\n<meta property=\"og:locale\" content=\"de_DE\" \/>\n<meta property=\"og:type\" content=\"article\" \/>\n<meta property=\"og:title\" content=\"Pol\u00edtica de Gest\u00e3o de Cookies | teste\" \/>\n<meta property=\"og:description\" content=\"Nosso site usa cookies para melhorar sua navega\u00e7\u00e3o. Ao usar o site, voc\u00ea aceita isso. Veja mais em nossa Pol\u00edtica de Gest\u00e3o de Cookies.\" \/>\n<meta property=\"og:url\" content=\"https:\/\/teste2.zaon.tech\/de\/politica-de-gestao-de-cookies\/\" \/>\n<meta property=\"og:site_name\" content=\"teste\" \/>\n<meta property=\"article:modified_time\" content=\"2024-12-12T14:26:32+00:00\" \/>\n<meta name=\"twitter:card\" content=\"summary_large_image\" \/>\n<meta name=\"twitter:label1\" content=\"Gesch\u00e4tzte Lesezeit\" \/>\n\t<meta name=\"twitter:data1\" content=\"6\u00a0Minuten\" \/>\n<script type=\"application\/ld+json\" class=\"yoast-schema-graph\">{\"@context\":\"https:\/\/schema.org\",\"@graph\":[{\"@type\":\"WebPage\",\"@id\":\"https:\/\/teste2.zaon.tech\/politica-de-gestao-de-cookies\/\",\"url\":\"https:\/\/teste2.zaon.tech\/politica-de-gestao-de-cookies\/\",\"name\":\"Pol\u00edtica de Gest\u00e3o de Cookies | teste\",\"isPartOf\":{\"@id\":\"https:\/\/teste2.zaon.tech\/#website\"},\"datePublished\":\"2024-04-28T22:49:27+00:00\",\"dateModified\":\"2024-12-12T14:26:32+00:00\",\"description\":\"Nosso site usa cookies para melhorar sua navega\u00e7\u00e3o. Ao usar o site, voc\u00ea aceita isso. Veja mais em nossa Pol\u00edtica de Gest\u00e3o de Cookies.\",\"breadcrumb\":{\"@id\":\"https:\/\/teste2.zaon.tech\/politica-de-gestao-de-cookies\/#breadcrumb\"},\"inLanguage\":\"de\",\"potentialAction\":[{\"@type\":\"ReadAction\",\"target\":[\"https:\/\/teste2.zaon.tech\/politica-de-gestao-de-cookies\/\"]}]},{\"@type\":\"BreadcrumbList\",\"@id\":\"https:\/\/teste2.zaon.tech\/politica-de-gestao-de-cookies\/#breadcrumb\",\"itemListElement\":[{\"@type\":\"ListItem\",\"position\":1,\"name\":\"In\u00edcio\",\"item\":\"https:\/\/teste2.zaon.tech\/\"},{\"@type\":\"ListItem\",\"position\":2,\"name\":\"Pol\u00edtica de Gest\u00e3o de Cookies\"}]},{\"@type\":\"WebSite\",\"@id\":\"https:\/\/teste2.zaon.tech\/#website\",\"url\":\"https:\/\/teste2.zaon.tech\/\",\"name\":\"Miracema-Nuodex\",\"description\":\"Qu\u00edmica em Tudo\",\"publisher\":{\"@id\":\"https:\/\/teste2.zaon.tech\/#organization\"},\"potentialAction\":[{\"@type\":\"SearchAction\",\"target\":{\"@type\":\"EntryPoint\",\"urlTemplate\":\"https:\/\/teste2.zaon.tech\/?s={search_term_string}\"},\"query-input\":{\"@type\":\"PropertyValueSpecification\",\"valueRequired\":true,\"valueName\":\"search_term_string\"}}],\"inLanguage\":\"de\"},{\"@type\":\"Organization\",\"@id\":\"https:\/\/teste2.zaon.tech\/#organization\",\"name\":\"Miracema-Nuodex\",\"url\":\"https:\/\/teste2.zaon.tech\/\",\"logo\":{\"@type\":\"ImageObject\",\"inLanguage\":\"de\",\"@id\":\"https:\/\/teste2.zaon.tech\/#\/schema\/logo\/image\/\",\"url\":\"https:\/\/teste2.zaon.tech\/wp-content\/uploads\/2024\/04\/Miracema_Nuodex_Vertical_Original.png\",\"contentUrl\":\"https:\/\/teste2.zaon.tech\/wp-content\/uploads\/2024\/04\/Miracema_Nuodex_Vertical_Original.png\",\"width\":400,\"height\":200,\"caption\":\"Miracema-Nuodex\"},\"image\":{\"@id\":\"https:\/\/teste2.zaon.tech\/#\/schema\/logo\/image\/\"}}]}<\/script>\n<!-- \/ Yoast SEO plugin. -->","yoast_head_json":{"title":"Pol\u00edtica de Gest\u00e3o de Cookies | teste","description":"Nosso site usa cookies para melhorar sua navega\u00e7\u00e3o. Ao usar o site, voc\u00ea aceita isso. Veja mais em nossa Pol\u00edtica de Gest\u00e3o de Cookies.","robots":{"index":"noindex","follow":"follow","max-snippet":"max-snippet:-1","max-image-preview":"max-image-preview:large","max-video-preview":"max-video-preview:-1"},"og_locale":"de_DE","og_type":"article","og_title":"Pol\u00edtica de Gest\u00e3o de Cookies | teste","og_description":"Nosso site usa cookies para melhorar sua navega\u00e7\u00e3o. Ao usar o site, voc\u00ea aceita isso. Veja mais em nossa Pol\u00edtica de Gest\u00e3o de Cookies.","og_url":"https:\/\/teste2.zaon.tech\/de\/politica-de-gestao-de-cookies\/","og_site_name":"teste","article_modified_time":"2024-12-12T14:26:32+00:00","twitter_card":"summary_large_image","twitter_misc":{"Gesch\u00e4tzte Lesezeit":"6\u00a0Minuten"},"schema":{"@context":"https:\/\/schema.org","@graph":[{"@type":"WebPage","@id":"https:\/\/teste2.zaon.tech\/politica-de-gestao-de-cookies\/","url":"https:\/\/teste2.zaon.tech\/politica-de-gestao-de-cookies\/","name":"Pol\u00edtica de Gest\u00e3o de Cookies | teste","isPartOf":{"@id":"https:\/\/teste2.zaon.tech\/#website"},"datePublished":"2024-04-28T22:49:27+00:00","dateModified":"2024-12-12T14:26:32+00:00","description":"Nosso site usa cookies para melhorar sua navega\u00e7\u00e3o. Ao usar o site, voc\u00ea aceita isso. Veja mais em nossa Pol\u00edtica de Gest\u00e3o de Cookies.","breadcrumb":{"@id":"https:\/\/teste2.zaon.tech\/politica-de-gestao-de-cookies\/#breadcrumb"},"inLanguage":"de","potentialAction":[{"@type":"ReadAction","target":["https:\/\/teste2.zaon.tech\/politica-de-gestao-de-cookies\/"]}]},{"@type":"BreadcrumbList","@id":"https:\/\/teste2.zaon.tech\/politica-de-gestao-de-cookies\/#breadcrumb","itemListElement":[{"@type":"ListItem","position":1,"name":"In\u00edcio","item":"https:\/\/teste2.zaon.tech\/"},{"@type":"ListItem","position":2,"name":"Pol\u00edtica de Gest\u00e3o de Cookies"}]},{"@type":"WebSite","@id":"https:\/\/teste2.zaon.tech\/#website","url":"https:\/\/teste2.zaon.tech\/","name":"Miracema-Nuodex","description":"Chemie in allem","publisher":{"@id":"https:\/\/teste2.zaon.tech\/#organization"},"potentialAction":[{"@type":"SearchAction","target":{"@type":"EntryPoint","urlTemplate":"https:\/\/teste2.zaon.tech\/?s={search_term_string}"},"query-input":{"@type":"PropertyValueSpecification","valueRequired":true,"valueName":"search_term_string"}}],"inLanguage":"de"},{"@type":"Organization","@id":"https:\/\/teste2.zaon.tech\/#organization","name":"Miracema-Nuodex","url":"https:\/\/teste2.zaon.tech\/","logo":{"@type":"ImageObject","inLanguage":"de","@id":"https:\/\/teste2.zaon.tech\/#\/schema\/logo\/image\/","url":"https:\/\/teste2.zaon.tech\/wp-content\/uploads\/2024\/04\/Miracema_Nuodex_Vertical_Original.png","contentUrl":"https:\/\/teste2.zaon.tech\/wp-content\/uploads\/2024\/04\/Miracema_Nuodex_Vertical_Original.png","width":400,"height":200,"caption":"Miracema-Nuodex"},"image":{"@id":"https:\/\/teste2.zaon.tech\/#\/schema\/logo\/image\/"}}]}},"_links":{"self":[{"href":"https:\/\/teste2.zaon.tech\/de\/wp-json\/wp\/v2\/pages\/650","targetHints":{"allow":["GET"]}}],"collection":[{"href":"https:\/\/teste2.zaon.tech\/de\/wp-json\/wp\/v2\/pages"}],"about":[{"href":"https:\/\/teste2.zaon.tech\/de\/wp-json\/wp\/v2\/types\/page"}],"author":[{"embeddable":true,"href":"https:\/\/teste2.zaon.tech\/de\/wp-json\/wp\/v2\/users\/3"}],"replies":[{"embeddable":true,"href":"https:\/\/teste2.zaon.tech\/de\/wp-json\/wp\/v2\/comments?post=650"}],"version-history":[{"count":6,"href":"https:\/\/teste2.zaon.tech\/de\/wp-json\/wp\/v2\/pages\/650\/revisions"}],"predecessor-version":[{"id":1257,"href":"https:\/\/teste2.zaon.tech\/de\/wp-json\/wp\/v2\/pages\/650\/revisions\/1257"}],"wp:attachment":[{"href":"https:\/\/teste2.zaon.tech\/de\/wp-json\/wp\/v2\/media?parent=650"}],"curies":[{"name":"wp","href":"https:\/\/api.w.org\/{rel}","templated":true}]}}