{"id":344,"date":"2024-04-26T08:00:02","date_gmt":"2024-04-26T11:00:02","guid":{"rendered":"https:\/\/miracema-nuodex.tech\/?page_id=344"},"modified":"2025-04-28T08:50:11","modified_gmt":"2025-04-28T11:50:11","slug":"quimica-em-tudo","status":"publish","type":"page","link":"https:\/\/teste2.zaon.tech\/de\/","title":{"rendered":"Chemie in allem"},"content":{"rendered":"<section class=\"section\" id=\"section_1696367672\">\n\t\t<div class=\"section-bg fill\" >\n\t\t\t\t\t\t\t<div class=\"video-overlay no-click fill visible\"><\/div>\n\t<video class=\"video-bg fill visible\" preload playsinline autoplay muted loop>\n\t\t<source src=\"https:\/\/teste2.zaon.tech\/wp-content\/uploads\/2024\/05\/home_hera_capa_800_1920px-1.mp4\" type=\"video\/mp4\">\t<\/video>\n\t\t\t<div class=\"section-bg-overlay absolute fill\"><\/div>\n\t\t\t\n\n\t\t<\/div>\n\n\t\t\n\n\t\t<div class=\"section-content relative\">\n\t\t\t\n\n<div class=\"row align-middle align-center\"  id=\"row-1625329256\">\n\n\n\t<div id=\"col-241949055\" class=\"col small-12 large-12\"  >\n\t\t\t\t<div class=\"col-inner text-center\"  >\n\t\t\t\n\t\t\t\n\n\t<div class=\"img has-hover x md-x lg-x y md-y lg-y\" id=\"image_1035970463\">\n\t\t\t\t<div data-parallax-fade=\"true\" data-parallax=\"-2\">\t\t\t\t<div class=\"img-inner dark\" >\n\t\t\t<img loading=\"lazy\" decoding=\"async\" width=\"1020\" height=\"362\" src=\"https:\/\/teste2.zaon.tech\/wp-content\/uploads\/2024\/07\/slogan_fr-1024x363-1.png\" class=\"attachment-large size-large\" alt=\"\" srcset=\"https:\/\/teste2.zaon.tech\/wp-content\/uploads\/2024\/07\/slogan_fr-1024x363-1.png 1024w, https:\/\/teste2.zaon.tech\/wp-content\/uploads\/2024\/07\/slogan_fr-1024x363-1-200x71.png 200w, https:\/\/teste2.zaon.tech\/wp-content\/uploads\/2024\/07\/slogan_fr-1024x363-1-300x106.png 300w, https:\/\/teste2.zaon.tech\/wp-content\/uploads\/2024\/07\/slogan_fr-1024x363-1-768x272.png 768w, https:\/\/teste2.zaon.tech\/wp-content\/uploads\/2024\/07\/slogan_fr-1024x363-1-18x6.png 18w\" sizes=\"auto, (max-width: 1020px) 100vw, 1020px\" \/>\t\t\t\t\t\t\n\t\t\t\t\t<\/div>\n\t\t\t\t<\/div>\t\t\t\t\n<style>\n#image_1035970463 {\n  width: 100%;\n}\n@media (min-width:550px) {\n  #image_1035970463 {\n    width: 76%;\n  }\n}\n<\/style>\n\t<\/div>\n\t\n\n\t<div id=\"gap-136546432\" class=\"gap-element clearfix\" style=\"display:block; height:auto;\">\n\t\t\n<style>\n#gap-136546432 {\n  padding-top: 20px;\n}\n<\/style>\n\t<\/div>\n\t\n\n\n\t\t<\/div>\n\t\t\t\t\t<\/div>\n\n\t\n\n<\/div>\n\n\t\t<\/div>\n\n\t\t\n<style>\n#section_1696367672 {\n  padding-top: 120px;\n  padding-bottom: 120px;\n}\n#section_1696367672 .section-bg-overlay {\n  background-color: rgba(0, 0, 0, 0.5);\n}\n<\/style>\n\t<\/section>\n\t\n\n\t<section class=\"section\" id=\"section_964933282\">\n\t\t<div class=\"section-bg fill\" >\n\t\t\t\t\t\t\t\t\t\n\t\t\t\n\n\t\t<\/div>\n\n\t\t\n\n\t\t<div class=\"section-content relative\">\n\t\t\t\n\n<div class=\"row row-large align-center\"  id=\"row-708918324\">\n\n\n\t<div id=\"col-1440418210\" class=\"col medium-8 small-12 large-8\"  >\n\t\t\t\t<div class=\"col-inner text-center\"  >\n\t\t\t\n\t\t\t\n\n\t<div id=\"gap-18221512\" class=\"gap-element clearfix\" style=\"display:block; height:auto;\">\n\t\t\n<style>\n#gap-18221512 {\n  padding-top: 50px;\n}\n<\/style>\n\t<\/div>\n\t\n\n<h3 class=\"thin-font\" style=\"text-align: center;\"><span style=\"color: #008f70; font-size: 140%;\">Seit 1954 verbinden wir Innovation, technische Kompetenz und Nachhaltigkeit.<\/span><\/h3>\n<p style=\"text-align: center;\"><span style=\"font-size: 130%;\">Jahrzehntelanges Engagement f\u00fcr die Bereitstellung erstklassiger chemischer L\u00f6sungen, die den industriellen Fortschritt auf verantwortungsvolle und nachhaltige Weise vorantreiben. Wir sind bestrebt, weiterhin den Weg in eine bessere, gr\u00fcnere Zukunft f\u00fcr alle zu weisen.<\/span><\/p>\n\t<div id=\"gap-867081709\" class=\"gap-element clearfix\" style=\"display:block; height:auto;\">\n\t\t\n<style>\n#gap-867081709 {\n  padding-top: 100px;\n}\n<\/style>\n\t<\/div>\n\t\n\n\n\t\t<\/div>\n\t\t\t\t\n<style>\n#col-1440418210 > .col-inner {\n  padding: 0px 10px 0px 10px;\n}\n<\/style>\n\t<\/div>\n\n\t\n\n<\/div>\n<div class=\"row\"  id=\"row-2141579438\">\n\n\n\t<div id=\"col-1917463914\" class=\"col medium-5 small-12 large-5\"  >\n\t\t\t\t<div class=\"col-inner text-center\"  >\n\t\t\t\n\t\t\t\n\n\t<div class=\"img has-hover x md-x lg-x y md-y lg-y\" id=\"image_230448261\">\n\t\t\t\t\t\t\t\t<div class=\"img-inner dark\" style=\"margin:-40px 0px 0px 0px;\">\n\t\t\t<img loading=\"lazy\" decoding=\"async\" width=\"541\" height=\"500\" src=\"https:\/\/teste2.zaon.tech\/wp-content\/uploads\/2024\/10\/Planet_Globe_v3_outubro2024_8bits.png\" class=\"attachment-original size-original\" alt=\"\" srcset=\"https:\/\/teste2.zaon.tech\/wp-content\/uploads\/2024\/10\/Planet_Globe_v3_outubro2024_8bits.png 541w, https:\/\/teste2.zaon.tech\/wp-content\/uploads\/2024\/10\/Planet_Globe_v3_outubro2024_8bits-300x277.png 300w, https:\/\/teste2.zaon.tech\/wp-content\/uploads\/2024\/10\/Planet_Globe_v3_outubro2024_8bits-13x12.png 13w\" sizes=\"auto, (max-width: 541px) 100vw, 541px\" \/>\t\t\t\t\t\t\n\t\t\t\t\t<\/div>\n\t\t\t\t\t\t\t\t\n<style>\n#image_230448261 {\n  width: 58%;\n}\n@media (min-width:550px) {\n  #image_230448261 {\n    width: 100%;\n  }\n}\n<\/style>\n\t<\/div>\n\t\n\n\n\t\t<\/div>\n\t\t\t\t\t<\/div>\n\n\t\n\n\t<div id=\"col-1383610815\" class=\"col medium-6 small-12 large-6\"  >\n\t\t\t\t<div class=\"col-inner\"  >\n\t\t\t\n\t\t\t\n\n<h3><span style=\"color: #008f70;\"><b data-stringify-type=\"bold\">Wir sind f\u00fchrend bei der Entwicklung von Spezialchemikalien, die auf industrielle Anwendungen zugeschnitten sind. Unsere L\u00f6sungen sind in mehr als 50 L\u00e4ndern in f\u00fcr die Weltwirtschaft wesentlichen Sektoren pr\u00e4sent.<\/b><\/span><\/h3>\n<p>Wir entwickeln Produkte, um Additive hinzuzuf\u00fcgen, die Leistung zu verbessern, Prozesse zu optimieren, f\u00fcr Stabilit\u00e4t zu sorgen, die Produkte und Prozesse unserer Kunden und ihrer Marken zu konservieren und effektiver zu machen. Es handelt sich um jahrzehntelange Forschung und Entwicklung, bei der Zuverl\u00e4ssigkeit und Engagement f\u00fcr unsere Kunden im Mittelpunkt stehen.<\/p>\n\t<div id=\"gap-1229459727\" class=\"gap-element clearfix\" style=\"display:block; height:auto;\">\n\t\t\n<style>\n#gap-1229459727 {\n  padding-top: 10px;\n}\n<\/style>\n\t<\/div>\n\t\n\n<a href=\"https:\/\/teste2.zaon.tech\/de\/solucoes\/\" class=\"button secondary is-outline is-large lowercase\"  style=\"border-radius:10px;\">\n\t\t<span>Unsere L\u00f6sungen und Produkte<\/span>\n\t<\/a>\n\n\n\n\t\t<\/div>\n\t\t\t\t\t<\/div>\n\n\t\n\n<\/div>\n\n\t\t<\/div>\n\n\t\t\n<style>\n#section_964933282 {\n  padding-top: 0px;\n  padding-bottom: 0px;\n}\n<\/style>\n\t<\/section>\n\t\n\t<div id=\"gap-257699974\" class=\"gap-element clearfix\" style=\"display:block; height:auto;\">\n\t\t\n<style>\n#gap-257699974 {\n  padding-top: 50px;\n}\n<\/style>\n\t<\/div>\n\t\n\n\n\t<section class=\"section dark\" id=\"section_963518567\">\n\t\t<div class=\"section-bg fill\" >\n\t\t\t\t\t\t\t\t\t\n\t\t\t\n\n\t\t<\/div>\n\n\t\t\n\n\t\t<div class=\"section-content relative\">\n\t\t\t\n\n<div class=\"row align-center\"  id=\"row-459981210\">\n\n\n\t<div id=\"col-1044579165\" class=\"col medium-5 small-12 large-4\"  >\n\t\t\t\t<div class=\"col-inner text-left\"  >\n\t\t\t\n\t\t\t\n\n\t<div id=\"text-2377666020\" class=\"text\">\n\t\t\n\n<h1><span style=\"font-size: 140%; color: #9eaaad;\">Alles ist Chemie<\/span><\/h1>\n\t\t\n<style>\n#text-2377666020 {\n  text-align: left;\n}\n<\/style>\n\t<\/div>\n\t\n\n\t\t<\/div>\n\t\t\t\t\n<style>\n#col-1044579165 > .col-inner {\n  padding: 0px 0px 0px 15px;\n}\n<\/style>\n\t<\/div>\n\n\t\n\n\t<div id=\"col-1095522881\" class=\"col medium-7 small-11 large-7\"  >\n\t\t\t\t<div class=\"col-inner text-left\"  >\n\t\t\t\n\t\t\t\n\n<p><span style=\"font-size: 115%; color: #8ea7af;\">Wir verstehen, dass der Erfolg unserer Kunden die Grundlage unserer Arbeit ist. Aus diesem Grund sind wir bestrebt, technischen und spezialisierten Service anzubieten, der die Erwartungen \u00fcbertrifft und solide Beziehungen zu unseren Kunden aufbaut, die zu effektiven L\u00f6sungen f\u00fchren.<\/span><\/p>\n<a href=\"https:\/\/teste2.zaon.tech\/de\/institucional\/\" class=\"button white is-outline is-large lowercase\"  style=\"border-radius:10px;\">\n\t\t<span>Entdecken Sie Miracema-Nuodex<\/span>\n\t<\/a>\n\n\n\n\t\t<\/div>\n\t\t\t\t\n<style>\n#col-1095522881 > .col-inner {\n  padding: 0px 10px 0px 10px;\n}\n<\/style>\n\t<\/div>\n\n\t\n\n<\/div>\n\t<div id=\"gap-1219363866\" class=\"gap-element clearfix\" style=\"display:block; height:auto;\">\n\t\t\n<style>\n#gap-1219363866 {\n  padding-top: 30px;\n}\n<\/style>\n\t<\/div>\n\t\n\n<div class=\"row row-collapse row-full-width align-center\"  id=\"row-33656544\">\n\n\n\t<div id=\"col-1061829403\" class=\"col medium-2 small-12 large-2\"  >\n\t\t\t\t<div class=\"col-inner\"  >\n\t\t\t\n\t\t\t\n\n\t<div id=\"text-2629578863\" class=\"text\">\n\t\t\n\n<h2 style=\"text-align: center;\"><span style=\"color: #2cd1a1; font-size: 300%;\"><span class=\"count-up\">5<\/span><\/span><\/h2>\n<h3 style=\"text-align: center;\"><span style=\"color: #2cd1a1;\"><strong>KONTINENTE<\/strong><\/span><\/h3>\n<p style=\"text-align: center;\"><span style=\"font-weight: 400;\">Export von Produkten in mehr als 50 L\u00e4nder<\/span><\/p>\n\t\t\n<style>\n#text-2629578863 {\n  font-size: 0.75rem;\n}\n@media (min-width:550px) {\n  #text-2629578863 {\n    font-size: 0.75rem;\n  }\n}\n@media (min-width:850px) {\n  #text-2629578863 {\n    font-size: 0.9rem;\n  }\n}\n<\/style>\n\t<\/div>\n\t\n\n\t\t<\/div>\n\t\t\t\t\t<\/div>\n\n\t\n\n\t<div id=\"col-1830491124\" class=\"col medium-2 small-12 large-2\"  >\n\t\t\t\t<div class=\"col-inner\"  >\n\t\t\t\n\t\t\t\n\n\t<div id=\"text-3546244442\" class=\"text\">\n\t\t\n\n<h2 style=\"text-align: center;\"><span style=\"color: #2cd1a1; font-size: 300%;\"><span class=\"count-up\">20<\/span><\/span><\/h2>\n<h3 style=\"text-align: center;\"><span style=\"color: #2cd1a1;\"><strong>M\u00c4RKTE<\/strong><\/span><\/h3>\n<p style=\"text-align: center;\">Farben, Metallurgie, Bergbau, Petrochemie, Bauwesen, Papier und Zellulose, Gummi, Klebstoffe, Kunststoffe, Textilien, Kosmetika, Haushaltsprodukte, Schmierstoffe, D\u00fcngemittel, Landwirtschaft, Harze, Polyurethane, Zucker und Alkohol, Fette und Brandschutz<\/p>\n\t\t\n<style>\n#text-3546244442 {\n  font-size: 0.75rem;\n}\n@media (min-width:550px) {\n  #text-3546244442 {\n    font-size: 0.75rem;\n  }\n}\n@media (min-width:850px) {\n  #text-3546244442 {\n    font-size: 0.9rem;\n  }\n}\n<\/style>\n\t<\/div>\n\t\n\n\t\t<\/div>\n\t\t\t\t\t<\/div>\n\n\t\n\n\t<div id=\"col-1631414150\" class=\"col medium-2 small-12 large-2\"  >\n\t\t\t\t<div class=\"col-inner\"  >\n\t\t\t\n\t\t\t\n\n\t<div id=\"text-2224216001\" class=\"text\">\n\t\t\n\n<h1 style=\"text-align: center;\"><span style=\"color: #2cd1a1; font-size: 300%;\"><span class=\"count-up\">100<\/span><\/span><\/h1>\n<h3 style=\"text-align: center;\"><span style=\"color: #2cd1a1;\"><strong>TAUSEND m\u00b2<\/strong><\/span><\/h3>\n<p style=\"text-align: center;\"><span style=\"font-weight: 400;\">Struktur in Campinas\/SP mit umfangreicher Produktionskapazit\u00e4t<\/span><\/p>\n\t\t\n<style>\n#text-2224216001 {\n  font-size: 0.75rem;\n}\n@media (min-width:550px) {\n  #text-2224216001 {\n    font-size: 0.75rem;\n  }\n}\n@media (min-width:850px) {\n  #text-2224216001 {\n    font-size: 0.9rem;\n  }\n}\n<\/style>\n\t<\/div>\n\t\n\n\t\t<\/div>\n\t\t\t\t\t<\/div>\n\n\t\n\n\t<div id=\"col-595470191\" class=\"col medium-2 small-12 large-2\"  >\n\t\t\t\t<div class=\"col-inner\"  >\n\t\t\t\n\t\t\t\n\n\t<div id=\"text-4239299759\" class=\"text\">\n\t\t\n\n<h2 style=\"text-align: center;\"><span style=\"color: #2cd1a1; font-size: 300%;\"><span class=\"count-up\">70<\/span><\/span><\/h2>\n<h3 style=\"text-align: center;\"><span style=\"color: #2cd1a1;\"><strong>JAHRE<\/strong><\/span><\/h3>\n<p style=\"text-align: center;\">Seit 1954 mit ma\u00dfgeschneiderten Chemiel\u00f6sungen f\u00fcr den industriellen Markt<\/p>\n\t\t\n<style>\n#text-4239299759 {\n  font-size: 0.75rem;\n}\n@media (min-width:550px) {\n  #text-4239299759 {\n    font-size: 0.75rem;\n  }\n}\n@media (min-width:850px) {\n  #text-4239299759 {\n    font-size: 0.9rem;\n  }\n}\n<\/style>\n\t<\/div>\n\t\n\n\t\t<\/div>\n\t\t\t\t\t<\/div>\n\n\t\n\n\t<div id=\"col-423519241\" class=\"col medium-2 small-12 large-2\"  >\n\t\t\t\t<div class=\"col-inner\"  >\n\t\t\t\n\t\t\t\n\n\t<div id=\"text-2129329424\" class=\"text\">\n\t\t\n\n<h2 style=\"text-align: center;\"><span style=\"color: #2cd1a1; font-size: 300%;\">+<span class=\"count-up\">270<\/span><\/h2>\n<h3 style=\"text-align: center;\"><span style=\"color: #2cd1a1;\"><strong>MITARBEITER<\/strong><\/span><\/h3>\n<p style=\"text-align: center;\"><span style=\"font-weight: 400;\">Erfahrene und qualifizierte Fachleute, die die besten L\u00f6sungen vorschlagen<\/span><\/p>\n\t\t\n<style>\n#text-2129329424 {\n  font-size: 0.75rem;\n}\n@media (min-width:550px) {\n  #text-2129329424 {\n    font-size: 0.75rem;\n  }\n}\n@media (min-width:850px) {\n  #text-2129329424 {\n    font-size: 0.9rem;\n  }\n}\n<\/style>\n\t<\/div>\n\t\n\n\t\t<\/div>\n\t\t\t\t\t<\/div>\n\n\t\n\n\n<style>\n#row-33656544 > .col > .col-inner {\n  padding: 0px 10px 0px 10px;\n}\n<\/style>\n<\/div>\n\n\t\t<\/div>\n\n\t\t\n<style>\n#section_963518567 {\n  padding-top: 80px;\n  padding-bottom: 80px;\n  background-color: rgb(66, 84, 92);\n}\n<\/style>\n\t<\/section>\n\t\n\n\t<section class=\"section\" id=\"section_1158326627\">\n\t\t<div class=\"section-bg fill\" >\n\t\t\t\t\t\t\t\t\t\n\t\t\t\n\n\t\t<\/div>\n\n\t\t\n\n\t\t<div class=\"section-content relative\">\n\t\t\t\n\n<div class=\"row row-large align-middle align-center\"  id=\"row-712683400\">\n\n\n\t<div id=\"col-1172117054\" class=\"col medium-6 small-12 large-6\"  >\n\t\t\t\t<div class=\"col-inner\"  >\n\t\t\t\n\t\t\t\n\n<h3 class=\"thin-font\"><span style=\"color: #008f70;\">Vertrauen ist die Grundlage unserer Beziehungen, unser Engagement, die Vergangenheit zu w\u00fcrdigen, die Gegenwart zu sch\u00e4tzen und die Zukunft aufzubauen.<\/span><\/h3>\n<p>Wir streben unerm\u00fcdlich nach Exzellenz. Durch kontinuierliche Investitionen in die Infrastruktur, Prozessverbesserungen und Mitarbeiterschulungen sind wir immer einen Schritt voraus. Unsere Infrastruktur verf\u00fcgt \u00fcber eigene Forschungslabore, <strong>100.000 m\u00b2 gro\u00dfe Produktionsst\u00e4tte<\/strong> und internationale Zertifizierungen, wie z <strong>ISO 9001. <\/strong>Dar\u00fcber hinaus bieten wir integrierte technische Unterst\u00fctzung und <strong>Komplettes Umweltmanagement<\/strong> mit vollst\u00e4ndiger Kontrolle \u00fcber die Schadstoffemissionen.<\/p>\n<p><span style=\"font-size: 100%;\">\u00a0<\/span><\/p>\n\n<a href=\"https:\/\/teste2.zaon.tech\/de\/esg\/\" class=\"button secondary is-outline is-large lowercase\"  style=\"border-radius:10px;\">\n\t\t<span>Engagement<\/span>\n\t<\/a>\n\n\n\n\t\t<\/div>\n\t\t\t\t\t<\/div>\n\n\t\n\n\t<div id=\"col-204438264\" class=\"col medium-5 small-12 large-5\"  >\n\t\t\t\t<div class=\"col-inner\"  >\n\t\t\t\n\t\t\t\n\n\t<div class=\"img has-hover x md-x lg-x y md-y lg-y\" id=\"image_888548717\">\n\t\t\t\t\t\t\t\t<div class=\"img-inner dark\" >\n\t\t\t<img loading=\"lazy\" decoding=\"async\" width=\"473\" height=\"697\" src=\"https:\/\/teste2.zaon.tech\/wp-content\/uploads\/2024\/04\/unidade_destialcao_700px.jpg\" class=\"attachment-original size-original\" alt=\"\" srcset=\"https:\/\/teste2.zaon.tech\/wp-content\/uploads\/2024\/04\/unidade_destialcao_700px.jpg 473w, https:\/\/teste2.zaon.tech\/wp-content\/uploads\/2024\/04\/unidade_destialcao_700px-200x295.jpg 200w, https:\/\/teste2.zaon.tech\/wp-content\/uploads\/2024\/04\/unidade_destialcao_700px-204x300.jpg 204w, https:\/\/teste2.zaon.tech\/wp-content\/uploads\/2024\/04\/unidade_destialcao_700px-8x12.jpg 8w\" sizes=\"auto, (max-width: 473px) 100vw, 473px\" \/>\t\t\t\t\t\t\n\t\t\t\t\t<\/div>\n\t\t\t\t\t\t\t\t\n<style>\n#image_888548717 {\n  width: 77%;\n}\n<\/style>\n\t<\/div>\n\t\n\n\n\t\t<\/div>\n\t\t\t\t\t<\/div>\n\n\t\n\n<\/div>\n\n\t\t<\/div>\n\n\t\t\n<style>\n#section_1158326627 {\n  padding-top: 120px;\n  padding-bottom: 120px;\n}\n<\/style>\n\t<\/section>","protected":false},"excerpt":{"rendered":"","protected":false},"author":3,"featured_media":0,"parent":0,"menu_order":0,"comment_status":"closed","ping_status":"closed","template":"page-blank.php","meta":{"footnotes":""},"class_list":["post-344","page","type-page","status-publish","hentry"],"yoast_head":"<!-- This site is optimized with the Yoast SEO plugin v27.0 - https:\/\/yoast.com\/product\/yoast-seo-wordpress\/ -->\n<title>Miracema-Nuodex | Ind\u00fastria Qu\u00edmica<\/title>\n<meta name=\"description\" content=\"Desde 1954 combinamos inova\u00e7\u00e3o, compet\u00eancia t\u00e9cnica e cuidado ambiental. Especialidades qu\u00edmicas para diversas aplica\u00e7\u00f5es industriais.\" \/>\n<meta name=\"robots\" content=\"noindex, follow, max-snippet:-1, max-image-preview:large, max-video-preview:-1\" \/>\n<meta property=\"og:locale\" content=\"de_DE\" \/>\n<meta property=\"og:type\" content=\"article\" \/>\n<meta property=\"og:title\" content=\"Miracema-Nuodex | Ind\u00fastria Qu\u00edmica\" \/>\n<meta property=\"og:description\" content=\"Desde 1954 combinamos inova\u00e7\u00e3o, compet\u00eancia t\u00e9cnica e cuidado ambiental. Especialidades qu\u00edmicas para diversas aplica\u00e7\u00f5es industriais.\" \/>\n<meta property=\"og:url\" content=\"https:\/\/teste2.zaon.tech\/de\/\" \/>\n<meta property=\"og:site_name\" content=\"teste\" \/>\n<meta property=\"article:modified_time\" content=\"2025-04-28T11:50:11+00:00\" \/>\n<meta name=\"twitter:card\" content=\"summary_large_image\" \/>\n<meta name=\"twitter:label1\" content=\"Gesch\u00e4tzte Lesezeit\" \/>\n\t<meta name=\"twitter:data1\" content=\"4\u00a0Minuten\" \/>\n<script type=\"application\/ld+json\" class=\"yoast-schema-graph\">{\"@context\":\"https:\/\/schema.org\",\"@graph\":[{\"@type\":\"WebPage\",\"@id\":\"https:\/\/teste2.zaon.tech\/\",\"url\":\"https:\/\/teste2.zaon.tech\/\",\"name\":\"Miracema-Nuodex | Ind\u00fastria Qu\u00edmica\",\"isPartOf\":{\"@id\":\"https:\/\/teste2.zaon.tech\/#website\"},\"datePublished\":\"2024-04-26T11:00:02+00:00\",\"dateModified\":\"2025-04-28T11:50:11+00:00\",\"description\":\"Desde 1954 combinamos inova\u00e7\u00e3o, compet\u00eancia t\u00e9cnica e cuidado ambiental. Especialidades qu\u00edmicas para diversas aplica\u00e7\u00f5es industriais.\",\"breadcrumb\":{\"@id\":\"https:\/\/teste2.zaon.tech\/#breadcrumb\"},\"inLanguage\":\"de\",\"potentialAction\":[{\"@type\":\"ReadAction\",\"target\":[\"https:\/\/teste2.zaon.tech\/\"]}]},{\"@type\":\"BreadcrumbList\",\"@id\":\"https:\/\/teste2.zaon.tech\/#breadcrumb\",\"itemListElement\":[{\"@type\":\"ListItem\",\"position\":1,\"name\":\"In\u00edcio\",\"item\":\"https:\/\/teste2.zaon.tech\/\"},{\"@type\":\"ListItem\",\"position\":2,\"name\":\"Qu\u00edmica em Tudo\"}]},{\"@type\":\"WebSite\",\"@id\":\"https:\/\/teste2.zaon.tech\/#website\",\"url\":\"https:\/\/teste2.zaon.tech\/\",\"name\":\"Miracema-Nuodex\",\"description\":\"Qu\u00edmica em Tudo\",\"publisher\":{\"@id\":\"https:\/\/teste2.zaon.tech\/#organization\"},\"potentialAction\":[{\"@type\":\"SearchAction\",\"target\":{\"@type\":\"EntryPoint\",\"urlTemplate\":\"https:\/\/teste2.zaon.tech\/?s={search_term_string}\"},\"query-input\":{\"@type\":\"PropertyValueSpecification\",\"valueRequired\":true,\"valueName\":\"search_term_string\"}}],\"inLanguage\":\"de\"},{\"@type\":\"Organization\",\"@id\":\"https:\/\/teste2.zaon.tech\/#organization\",\"name\":\"Miracema-Nuodex\",\"url\":\"https:\/\/teste2.zaon.tech\/\",\"logo\":{\"@type\":\"ImageObject\",\"inLanguage\":\"de\",\"@id\":\"https:\/\/teste2.zaon.tech\/#\/schema\/logo\/image\/\",\"url\":\"https:\/\/teste2.zaon.tech\/wp-content\/uploads\/2024\/04\/Miracema_Nuodex_Vertical_Original.png\",\"contentUrl\":\"https:\/\/teste2.zaon.tech\/wp-content\/uploads\/2024\/04\/Miracema_Nuodex_Vertical_Original.png\",\"width\":400,\"height\":200,\"caption\":\"Miracema-Nuodex\"},\"image\":{\"@id\":\"https:\/\/teste2.zaon.tech\/#\/schema\/logo\/image\/\"}}]}<\/script>\n<!-- \/ Yoast SEO plugin. -->","yoast_head_json":{"title":"Miracema-Nuodex | Ind\u00fastria Qu\u00edmica","description":"Desde 1954 combinamos inova\u00e7\u00e3o, compet\u00eancia t\u00e9cnica e cuidado ambiental. Especialidades qu\u00edmicas para diversas aplica\u00e7\u00f5es industriais.","robots":{"index":"noindex","follow":"follow","max-snippet":"max-snippet:-1","max-image-preview":"max-image-preview:large","max-video-preview":"max-video-preview:-1"},"og_locale":"de_DE","og_type":"article","og_title":"Miracema-Nuodex | Ind\u00fastria Qu\u00edmica","og_description":"Desde 1954 combinamos inova\u00e7\u00e3o, compet\u00eancia t\u00e9cnica e cuidado ambiental. Especialidades qu\u00edmicas para diversas aplica\u00e7\u00f5es industriais.","og_url":"https:\/\/teste2.zaon.tech\/de\/","og_site_name":"teste","article_modified_time":"2025-04-28T11:50:11+00:00","twitter_card":"summary_large_image","twitter_misc":{"Gesch\u00e4tzte Lesezeit":"4\u00a0Minuten"},"schema":{"@context":"https:\/\/schema.org","@graph":[{"@type":"WebPage","@id":"https:\/\/teste2.zaon.tech\/","url":"https:\/\/teste2.zaon.tech\/","name":"Miracema-Nuodex | Ind\u00fastria Qu\u00edmica","isPartOf":{"@id":"https:\/\/teste2.zaon.tech\/#website"},"datePublished":"2024-04-26T11:00:02+00:00","dateModified":"2025-04-28T11:50:11+00:00","description":"Desde 1954 combinamos inova\u00e7\u00e3o, compet\u00eancia t\u00e9cnica e cuidado ambiental. Especialidades qu\u00edmicas para diversas aplica\u00e7\u00f5es industriais.","breadcrumb":{"@id":"https:\/\/teste2.zaon.tech\/#breadcrumb"},"inLanguage":"de","potentialAction":[{"@type":"ReadAction","target":["https:\/\/teste2.zaon.tech\/"]}]},{"@type":"BreadcrumbList","@id":"https:\/\/teste2.zaon.tech\/#breadcrumb","itemListElement":[{"@type":"ListItem","position":1,"name":"In\u00edcio","item":"https:\/\/teste2.zaon.tech\/"},{"@type":"ListItem","position":2,"name":"Qu\u00edmica em Tudo"}]},{"@type":"WebSite","@id":"https:\/\/teste2.zaon.tech\/#website","url":"https:\/\/teste2.zaon.tech\/","name":"Miracema-Nuodex","description":"Chemie in allem","publisher":{"@id":"https:\/\/teste2.zaon.tech\/#organization"},"potentialAction":[{"@type":"SearchAction","target":{"@type":"EntryPoint","urlTemplate":"https:\/\/teste2.zaon.tech\/?s={search_term_string}"},"query-input":{"@type":"PropertyValueSpecification","valueRequired":true,"valueName":"search_term_string"}}],"inLanguage":"de"},{"@type":"Organization","@id":"https:\/\/teste2.zaon.tech\/#organization","name":"Miracema-Nuodex","url":"https:\/\/teste2.zaon.tech\/","logo":{"@type":"ImageObject","inLanguage":"de","@id":"https:\/\/teste2.zaon.tech\/#\/schema\/logo\/image\/","url":"https:\/\/teste2.zaon.tech\/wp-content\/uploads\/2024\/04\/Miracema_Nuodex_Vertical_Original.png","contentUrl":"https:\/\/teste2.zaon.tech\/wp-content\/uploads\/2024\/04\/Miracema_Nuodex_Vertical_Original.png","width":400,"height":200,"caption":"Miracema-Nuodex"},"image":{"@id":"https:\/\/teste2.zaon.tech\/#\/schema\/logo\/image\/"}}]}},"_links":{"self":[{"href":"https:\/\/teste2.zaon.tech\/de\/wp-json\/wp\/v2\/pages\/344","targetHints":{"allow":["GET"]}}],"collection":[{"href":"https:\/\/teste2.zaon.tech\/de\/wp-json\/wp\/v2\/pages"}],"about":[{"href":"https:\/\/teste2.zaon.tech\/de\/wp-json\/wp\/v2\/types\/page"}],"author":[{"embeddable":true,"href":"https:\/\/teste2.zaon.tech\/de\/wp-json\/wp\/v2\/users\/3"}],"replies":[{"embeddable":true,"href":"https:\/\/teste2.zaon.tech\/de\/wp-json\/wp\/v2\/comments?post=344"}],"version-history":[{"count":124,"href":"https:\/\/teste2.zaon.tech\/de\/wp-json\/wp\/v2\/pages\/344\/revisions"}],"predecessor-version":[{"id":1889,"href":"https:\/\/teste2.zaon.tech\/de\/wp-json\/wp\/v2\/pages\/344\/revisions\/1889"}],"wp:attachment":[{"href":"https:\/\/teste2.zaon.tech\/de\/wp-json\/wp\/v2\/media?parent=344"}],"curies":[{"name":"wp","href":"https:\/\/api.w.org\/{rel}","templated":true}]}}