{"id":1115,"date":"2024-08-30T18:23:07","date_gmt":"2024-08-30T21:23:07","guid":{"rendered":"https:\/\/miracema-nuodex.tech\/?page_id=1115"},"modified":"2025-04-28T08:49:41","modified_gmt":"2025-04-28T11:49:41","slug":"visao-missao-e-valores","status":"publish","type":"page","link":"https:\/\/teste2.zaon.tech\/de\/visao-missao-e-valores\/","title":{"rendered":"Vision, Mission und Werte"},"content":{"rendered":"<h4><span data-text-color=\"secondary\"><strong>Mission, Vision und Werte<\/strong><\/span><\/h4>\n<p>\u00a0<\/p>\n<p>Miracema-Nuodex ist ein 1954 gegr\u00fcndetes brasilianisches Chemieunternehmen mit Sitz in der Stadt Campinas im Bundesstaat S\u00e3o Paulo, dessen Ziel es ist, f\u00fcr den nationalen und internationalen Markt chemische Produkte an seine Kunden zu liefern Teilweise andere Unternehmen aus verschiedenen Segmenten, die diese Produkte in unz\u00e4hlige industrialisierte Materialien umwandeln.<\/p>\n<p>In diesem Zusammenhang legt sie zur Unterst\u00fctzung ihrer strategischen Ausrichtung Folgendes fest:<\/p>\n<ul>\n<li><span data-text-color=\"secondary\"><strong>Vision: <\/strong><\/span>Bleiben Sie ein Referenzunternehmen in der Lieferung chemischer Produkte durch Ma\u00dfnahmen, die sich f\u00fcr Qualit\u00e4t, Innovation, Nachhaltigkeit und Sicherheit einsetzen.<\/li>\n<\/ul>\n<p>\u00a0<\/p>\n<ul>\n<li><span data-text-color=\"secondary\"><strong>Mission<\/strong>:<\/span> Wir entwickeln, produzieren und verkaufen chemische Produkte und Dienstleistungen im Zusammenhang mit Qualit\u00e4t, Nachhaltigkeit und Sicherheit, um Mehrwert f\u00fcr unsere Kunden, Lieferanten, Mitarbeiter, die Gemeinschaft und Partner zu schaffen.<\/li>\n<\/ul>\n<p>\u00a0<\/p>\n<ul>\n<li><span data-text-color=\"secondary\"><strong>Werte:<\/strong><\/span><\/li>\n<\/ul>\n<p><strong>Innovation<\/strong>: Wir suchen kontinuierlich nach neuen L\u00f6sungen und Verbesserungen bei Produkten und damit verbundenen Dienstleistungen und Prozessen;<\/p>\n<p><strong>Nachhaltigkeit<\/strong>: Wir engagieren uns f\u00fcr soziale Verantwortung, Respekt vor der Umwelt und wirtschaftliche Wettbewerbsf\u00e4higkeit;<\/p>\n<p><strong>Integrit\u00e4t (Ethik)<\/strong>: Wir praktizieren Ehrlichkeit, Vertraulichkeit, Seriosit\u00e4t und Transparenz in den Beziehungen zu unseren Partnern;<\/p>\n<p><strong>Respekt vor Menschen<\/strong>: Wir erkennen Unterschiede in den individuellen und kulturellen Werten an und behandeln jeden mit Respekt und W\u00fcrde.<\/p>\n<p><strong>Qualit\u00e4t<\/strong>: ist unbestreitbar! Wir streben stets nach Verbesserungen unserer Prozesse, Produkte und damit verbundenen Dienstleistungen;<\/p>\n<p><strong>Sicherheit<\/strong>: Wir tun dies erst, nachdem wir die damit verbundenen Risiken bewertet, identifiziert, beseitigt oder gemindert haben.<\/p>\n<p>\u00a0<\/p>\n<p><strong>November 2016<\/strong><\/p>","protected":false},"excerpt":{"rendered":"","protected":false},"author":3,"featured_media":0,"parent":0,"menu_order":0,"comment_status":"closed","ping_status":"closed","template":"","meta":{"footnotes":""},"class_list":["post-1115","page","type-page","status-publish","hentry"],"yoast_head":"<!-- This site is optimized with the Yoast SEO plugin v27.0 - https:\/\/yoast.com\/product\/yoast-seo-wordpress\/ -->\n<title>Vis\u00e3o, Miss\u00e3o e Valores - teste<\/title>\n<meta name=\"description\" content=\"Miracema-Nuodex, ind\u00fastria qu\u00edmica fundada em 1954 em Campinas, fornece produtos qu\u00edmicos para mercados nacional e internacional e m\u00faltiplos segmentos.\" \/>\n<meta name=\"robots\" content=\"noindex, follow, max-snippet:-1, max-image-preview:large, max-video-preview:-1\" \/>\n<meta property=\"og:locale\" content=\"de_DE\" \/>\n<meta property=\"og:type\" content=\"article\" \/>\n<meta property=\"og:title\" content=\"Vis\u00e3o, Miss\u00e3o e Valores - teste\" \/>\n<meta property=\"og:description\" content=\"Miracema-Nuodex, ind\u00fastria qu\u00edmica fundada em 1954 em Campinas, fornece produtos qu\u00edmicos para mercados nacional e internacional e m\u00faltiplos segmentos.\" \/>\n<meta property=\"og:url\" content=\"https:\/\/teste2.zaon.tech\/de\/visao-missao-e-valores\/\" \/>\n<meta property=\"og:site_name\" content=\"teste\" \/>\n<meta property=\"article:modified_time\" content=\"2025-04-28T11:49:41+00:00\" \/>\n<meta name=\"twitter:card\" content=\"summary_large_image\" \/>\n<meta name=\"twitter:label1\" content=\"Gesch\u00e4tzte Lesezeit\" \/>\n\t<meta name=\"twitter:data1\" content=\"2\u00a0Minuten\" \/>\n<script type=\"application\/ld+json\" class=\"yoast-schema-graph\">{\"@context\":\"https:\/\/schema.org\",\"@graph\":[{\"@type\":\"WebPage\",\"@id\":\"https:\/\/teste2.zaon.tech\/visao-missao-e-valores\/\",\"url\":\"https:\/\/teste2.zaon.tech\/visao-missao-e-valores\/\",\"name\":\"Vis\u00e3o, Miss\u00e3o e Valores - teste\",\"isPartOf\":{\"@id\":\"https:\/\/teste2.zaon.tech\/#website\"},\"datePublished\":\"2024-08-30T21:23:07+00:00\",\"dateModified\":\"2025-04-28T11:49:41+00:00\",\"description\":\"Miracema-Nuodex, ind\u00fastria qu\u00edmica fundada em 1954 em Campinas, fornece produtos qu\u00edmicos para mercados nacional e internacional e m\u00faltiplos segmentos.\",\"breadcrumb\":{\"@id\":\"https:\/\/teste2.zaon.tech\/visao-missao-e-valores\/#breadcrumb\"},\"inLanguage\":\"de\",\"potentialAction\":[{\"@type\":\"ReadAction\",\"target\":[\"https:\/\/teste2.zaon.tech\/visao-missao-e-valores\/\"]}]},{\"@type\":\"BreadcrumbList\",\"@id\":\"https:\/\/teste2.zaon.tech\/visao-missao-e-valores\/#breadcrumb\",\"itemListElement\":[{\"@type\":\"ListItem\",\"position\":1,\"name\":\"In\u00edcio\",\"item\":\"https:\/\/teste2.zaon.tech\/\"},{\"@type\":\"ListItem\",\"position\":2,\"name\":\"Vis\u00e3o, Miss\u00e3o e Valores\"}]},{\"@type\":\"WebSite\",\"@id\":\"https:\/\/teste2.zaon.tech\/#website\",\"url\":\"https:\/\/teste2.zaon.tech\/\",\"name\":\"Miracema-Nuodex\",\"description\":\"Qu\u00edmica em Tudo\",\"publisher\":{\"@id\":\"https:\/\/teste2.zaon.tech\/#organization\"},\"potentialAction\":[{\"@type\":\"SearchAction\",\"target\":{\"@type\":\"EntryPoint\",\"urlTemplate\":\"https:\/\/teste2.zaon.tech\/?s={search_term_string}\"},\"query-input\":{\"@type\":\"PropertyValueSpecification\",\"valueRequired\":true,\"valueName\":\"search_term_string\"}}],\"inLanguage\":\"de\"},{\"@type\":\"Organization\",\"@id\":\"https:\/\/teste2.zaon.tech\/#organization\",\"name\":\"Miracema-Nuodex\",\"url\":\"https:\/\/teste2.zaon.tech\/\",\"logo\":{\"@type\":\"ImageObject\",\"inLanguage\":\"de\",\"@id\":\"https:\/\/teste2.zaon.tech\/#\/schema\/logo\/image\/\",\"url\":\"https:\/\/teste2.zaon.tech\/wp-content\/uploads\/2024\/04\/Miracema_Nuodex_Vertical_Original.png\",\"contentUrl\":\"https:\/\/teste2.zaon.tech\/wp-content\/uploads\/2024\/04\/Miracema_Nuodex_Vertical_Original.png\",\"width\":400,\"height\":200,\"caption\":\"Miracema-Nuodex\"},\"image\":{\"@id\":\"https:\/\/teste2.zaon.tech\/#\/schema\/logo\/image\/\"}}]}<\/script>\n<!-- \/ Yoast SEO plugin. -->","yoast_head_json":{"title":"Vis\u00e3o, Miss\u00e3o e Valores - teste","description":"Miracema-Nuodex, ind\u00fastria qu\u00edmica fundada em 1954 em Campinas, fornece produtos qu\u00edmicos para mercados nacional e internacional e m\u00faltiplos segmentos.","robots":{"index":"noindex","follow":"follow","max-snippet":"max-snippet:-1","max-image-preview":"max-image-preview:large","max-video-preview":"max-video-preview:-1"},"og_locale":"de_DE","og_type":"article","og_title":"Vis\u00e3o, Miss\u00e3o e Valores - teste","og_description":"Miracema-Nuodex, ind\u00fastria qu\u00edmica fundada em 1954 em Campinas, fornece produtos qu\u00edmicos para mercados nacional e internacional e m\u00faltiplos segmentos.","og_url":"https:\/\/teste2.zaon.tech\/de\/visao-missao-e-valores\/","og_site_name":"teste","article_modified_time":"2025-04-28T11:49:41+00:00","twitter_card":"summary_large_image","twitter_misc":{"Gesch\u00e4tzte Lesezeit":"2\u00a0Minuten"},"schema":{"@context":"https:\/\/schema.org","@graph":[{"@type":"WebPage","@id":"https:\/\/teste2.zaon.tech\/visao-missao-e-valores\/","url":"https:\/\/teste2.zaon.tech\/visao-missao-e-valores\/","name":"Vis\u00e3o, Miss\u00e3o e Valores - teste","isPartOf":{"@id":"https:\/\/teste2.zaon.tech\/#website"},"datePublished":"2024-08-30T21:23:07+00:00","dateModified":"2025-04-28T11:49:41+00:00","description":"Miracema-Nuodex, ind\u00fastria qu\u00edmica fundada em 1954 em Campinas, fornece produtos qu\u00edmicos para mercados nacional e internacional e m\u00faltiplos segmentos.","breadcrumb":{"@id":"https:\/\/teste2.zaon.tech\/visao-missao-e-valores\/#breadcrumb"},"inLanguage":"de","potentialAction":[{"@type":"ReadAction","target":["https:\/\/teste2.zaon.tech\/visao-missao-e-valores\/"]}]},{"@type":"BreadcrumbList","@id":"https:\/\/teste2.zaon.tech\/visao-missao-e-valores\/#breadcrumb","itemListElement":[{"@type":"ListItem","position":1,"name":"In\u00edcio","item":"https:\/\/teste2.zaon.tech\/"},{"@type":"ListItem","position":2,"name":"Vis\u00e3o, Miss\u00e3o e Valores"}]},{"@type":"WebSite","@id":"https:\/\/teste2.zaon.tech\/#website","url":"https:\/\/teste2.zaon.tech\/","name":"Miracema-Nuodex","description":"Chemie in allem","publisher":{"@id":"https:\/\/teste2.zaon.tech\/#organization"},"potentialAction":[{"@type":"SearchAction","target":{"@type":"EntryPoint","urlTemplate":"https:\/\/teste2.zaon.tech\/?s={search_term_string}"},"query-input":{"@type":"PropertyValueSpecification","valueRequired":true,"valueName":"search_term_string"}}],"inLanguage":"de"},{"@type":"Organization","@id":"https:\/\/teste2.zaon.tech\/#organization","name":"Miracema-Nuodex","url":"https:\/\/teste2.zaon.tech\/","logo":{"@type":"ImageObject","inLanguage":"de","@id":"https:\/\/teste2.zaon.tech\/#\/schema\/logo\/image\/","url":"https:\/\/teste2.zaon.tech\/wp-content\/uploads\/2024\/04\/Miracema_Nuodex_Vertical_Original.png","contentUrl":"https:\/\/teste2.zaon.tech\/wp-content\/uploads\/2024\/04\/Miracema_Nuodex_Vertical_Original.png","width":400,"height":200,"caption":"Miracema-Nuodex"},"image":{"@id":"https:\/\/teste2.zaon.tech\/#\/schema\/logo\/image\/"}}]}},"_links":{"self":[{"href":"https:\/\/teste2.zaon.tech\/de\/wp-json\/wp\/v2\/pages\/1115","targetHints":{"allow":["GET"]}}],"collection":[{"href":"https:\/\/teste2.zaon.tech\/de\/wp-json\/wp\/v2\/pages"}],"about":[{"href":"https:\/\/teste2.zaon.tech\/de\/wp-json\/wp\/v2\/types\/page"}],"author":[{"embeddable":true,"href":"https:\/\/teste2.zaon.tech\/de\/wp-json\/wp\/v2\/users\/3"}],"replies":[{"embeddable":true,"href":"https:\/\/teste2.zaon.tech\/de\/wp-json\/wp\/v2\/comments?post=1115"}],"version-history":[{"count":5,"href":"https:\/\/teste2.zaon.tech\/de\/wp-json\/wp\/v2\/pages\/1115\/revisions"}],"predecessor-version":[{"id":1884,"href":"https:\/\/teste2.zaon.tech\/de\/wp-json\/wp\/v2\/pages\/1115\/revisions\/1884"}],"wp:attachment":[{"href":"https:\/\/teste2.zaon.tech\/de\/wp-json\/wp\/v2\/media?parent=1115"}],"curies":[{"name":"wp","href":"https:\/\/api.w.org\/{rel}","templated":true}]}}