{"id":1112,"date":"2024-08-30T18:19:59","date_gmt":"2024-08-30T21:19:59","guid":{"rendered":"https:\/\/miracema-nuodex.tech\/?page_id=1112"},"modified":"2024-10-29T08:56:38","modified_gmt":"2024-10-29T11:56:38","slug":"politica-de-qualidade","status":"publish","type":"page","link":"https:\/\/teste2.zaon.tech\/de\/politica-de-qualidade\/","title":{"rendered":"Qualit\u00e4tspolitik"},"content":{"rendered":"<p>Miracema-Nuodex ist ein 1954 gegr\u00fcndetes brasilianisches Chemieunternehmen mit Sitz in der Stadt Campinas im Bundesstaat S\u00e3o Paulo, dessen Ziel es ist, f\u00fcr den nationalen und internationalen Markt chemische Produkte an seine Kunden zu liefern Teilweise andere Unternehmen aus verschiedenen Segmenten, die diese Produkte in unz\u00e4hlige industrialisierte Materialien umwandeln.<br \/>In diesem Zusammenhang legt sie zur Unterst\u00fctzung ihrer strategischen Ausrichtung Folgendes fest:<\/p>\n<p>\u00a0<\/p>\n<p><span data-text-color=\"secondary\"><strong>Qualit\u00e4tspolitik<\/strong><\/span><\/p>\n<p>Entwickeln, produzieren und liefern Sie chemische Produkte, um die anf\u00e4nglichen und laufenden Qualit\u00e4ts- und Leistungsanforderungen der Kunden zu erf\u00fcllen.<br \/>Stellen Sie sicher, dass sich alle Mitarbeiter daf\u00fcr einsetzen, die Anforderungen zu erf\u00fcllen und die Wirksamkeit des Qualit\u00e4tsmanagementsystems kontinuierlich zu verbessern.<\/p>\n<p>\u00a0<\/p>\n<p><span data-text-color=\"secondary\"><strong>Termine<\/strong><\/span><\/p>\n<p>\u2022 St\u00e4ndige Erneuerung der Produktlinie;<br \/>\u2022 Kontinuierliche Verbesserung der Wirksamkeit des Qualit\u00e4tsmanagementsystems;<br \/>\u2022 Kontrollieren Sie Herstellungsprozesse, um die f\u00fcr Produkte festgelegten Qualit\u00e4tsanforderungen sicherzustellen;<br \/>\u2022 Ergreifen Sie vorbeugende Ma\u00dfnahmen in Ihren Prozessen und ergreifen Sie Korrekturma\u00dfnahmen, wenn Abweichungen in Bezug auf die festgelegten Anforderungen auftreten.<br \/>\u2022 Mitarbeiter schulen, um das Bewusstsein f\u00fcr die Qualit\u00e4tspolitik und das Qualit\u00e4tssystem zu sch\u00e4rfen;<br \/>\u2022 Qualit\u00e4tsziele festlegen, messen und \u00fcberwachen;<br \/>\u2022 Die f\u00fcr das Qualit\u00e4tsmanagementsystem relevanten Erwartungen, spezifizierten, gesetzlichen und beh\u00f6rdlichen Anforderungen der interessierten Parteien erf\u00fcllen.<\/p>\n<p>\u00a0<\/p>\n<p><strong>Rev.3 (November 2016)<\/strong><\/p>","protected":false},"excerpt":{"rendered":"","protected":false},"author":3,"featured_media":0,"parent":0,"menu_order":0,"comment_status":"closed","ping_status":"closed","template":"","meta":{"footnotes":""},"class_list":["post-1112","page","type-page","status-publish","hentry"],"yoast_head":"<!-- This site is optimized with the Yoast SEO plugin v27.0 - https:\/\/yoast.com\/product\/yoast-seo-wordpress\/ -->\n<title>Pol\u00edtica de Qualidade | teste<\/title>\n<meta name=\"description\" content=\"Desenvolver, produzir e fornecer produtos qu\u00edmicos de forma a satisfazer os requisitos iniciais e cont\u00ednuos de qualidade e desempenho nos clientes.\" \/>\n<meta name=\"robots\" content=\"noindex, follow, max-snippet:-1, max-image-preview:large, max-video-preview:-1\" \/>\n<meta property=\"og:locale\" content=\"de_DE\" \/>\n<meta property=\"og:type\" content=\"article\" \/>\n<meta property=\"og:title\" content=\"Pol\u00edtica de Qualidade | teste\" \/>\n<meta property=\"og:description\" content=\"Desenvolver, produzir e fornecer produtos qu\u00edmicos de forma a satisfazer os requisitos iniciais e cont\u00ednuos de qualidade e desempenho nos clientes.\" \/>\n<meta property=\"og:url\" content=\"https:\/\/teste2.zaon.tech\/de\/politica-de-qualidade\/\" \/>\n<meta property=\"og:site_name\" content=\"teste\" \/>\n<meta property=\"article:modified_time\" content=\"2024-10-29T11:56:38+00:00\" \/>\n<meta name=\"twitter:card\" content=\"summary_large_image\" \/>\n<meta name=\"twitter:label1\" content=\"Gesch\u00e4tzte Lesezeit\" \/>\n\t<meta name=\"twitter:data1\" content=\"2\u00a0Minuten\" \/>\n<script type=\"application\/ld+json\" class=\"yoast-schema-graph\">{\"@context\":\"https:\/\/schema.org\",\"@graph\":[{\"@type\":\"WebPage\",\"@id\":\"https:\/\/teste2.zaon.tech\/politica-de-qualidade\/\",\"url\":\"https:\/\/teste2.zaon.tech\/politica-de-qualidade\/\",\"name\":\"Pol\u00edtica de Qualidade | teste\",\"isPartOf\":{\"@id\":\"https:\/\/teste2.zaon.tech\/#website\"},\"datePublished\":\"2024-08-30T21:19:59+00:00\",\"dateModified\":\"2024-10-29T11:56:38+00:00\",\"description\":\"Desenvolver, produzir e fornecer produtos qu\u00edmicos de forma a satisfazer os requisitos iniciais e cont\u00ednuos de qualidade e desempenho nos clientes.\",\"breadcrumb\":{\"@id\":\"https:\/\/teste2.zaon.tech\/politica-de-qualidade\/#breadcrumb\"},\"inLanguage\":\"de\",\"potentialAction\":[{\"@type\":\"ReadAction\",\"target\":[\"https:\/\/teste2.zaon.tech\/politica-de-qualidade\/\"]}]},{\"@type\":\"BreadcrumbList\",\"@id\":\"https:\/\/teste2.zaon.tech\/politica-de-qualidade\/#breadcrumb\",\"itemListElement\":[{\"@type\":\"ListItem\",\"position\":1,\"name\":\"In\u00edcio\",\"item\":\"https:\/\/teste2.zaon.tech\/\"},{\"@type\":\"ListItem\",\"position\":2,\"name\":\"Pol\u00edtica de Qualidade\"}]},{\"@type\":\"WebSite\",\"@id\":\"https:\/\/teste2.zaon.tech\/#website\",\"url\":\"https:\/\/teste2.zaon.tech\/\",\"name\":\"Miracema-Nuodex\",\"description\":\"Qu\u00edmica em Tudo\",\"publisher\":{\"@id\":\"https:\/\/teste2.zaon.tech\/#organization\"},\"potentialAction\":[{\"@type\":\"SearchAction\",\"target\":{\"@type\":\"EntryPoint\",\"urlTemplate\":\"https:\/\/teste2.zaon.tech\/?s={search_term_string}\"},\"query-input\":{\"@type\":\"PropertyValueSpecification\",\"valueRequired\":true,\"valueName\":\"search_term_string\"}}],\"inLanguage\":\"de\"},{\"@type\":\"Organization\",\"@id\":\"https:\/\/teste2.zaon.tech\/#organization\",\"name\":\"Miracema-Nuodex\",\"url\":\"https:\/\/teste2.zaon.tech\/\",\"logo\":{\"@type\":\"ImageObject\",\"inLanguage\":\"de\",\"@id\":\"https:\/\/teste2.zaon.tech\/#\/schema\/logo\/image\/\",\"url\":\"https:\/\/teste2.zaon.tech\/wp-content\/uploads\/2024\/04\/Miracema_Nuodex_Vertical_Original.png\",\"contentUrl\":\"https:\/\/teste2.zaon.tech\/wp-content\/uploads\/2024\/04\/Miracema_Nuodex_Vertical_Original.png\",\"width\":400,\"height\":200,\"caption\":\"Miracema-Nuodex\"},\"image\":{\"@id\":\"https:\/\/teste2.zaon.tech\/#\/schema\/logo\/image\/\"}}]}<\/script>\n<!-- \/ Yoast SEO plugin. -->","yoast_head_json":{"title":"Pol\u00edtica de Qualidade | teste","description":"Entwickeln, produzieren und liefern Sie chemische Produkte, um die anf\u00e4nglichen und laufenden Qualit\u00e4ts- und Leistungsanforderungen der Kunden zu erf\u00fcllen.","robots":{"index":"noindex","follow":"follow","max-snippet":"max-snippet:-1","max-image-preview":"max-image-preview:large","max-video-preview":"max-video-preview:-1"},"og_locale":"de_DE","og_type":"article","og_title":"Pol\u00edtica de Qualidade | teste","og_description":"Desenvolver, produzir e fornecer produtos qu\u00edmicos de forma a satisfazer os requisitos iniciais e cont\u00ednuos de qualidade e desempenho nos clientes.","og_url":"https:\/\/teste2.zaon.tech\/de\/politica-de-qualidade\/","og_site_name":"teste","article_modified_time":"2024-10-29T11:56:38+00:00","twitter_card":"summary_large_image","twitter_misc":{"Gesch\u00e4tzte Lesezeit":"2\u00a0Minuten"},"schema":{"@context":"https:\/\/schema.org","@graph":[{"@type":"WebPage","@id":"https:\/\/teste2.zaon.tech\/politica-de-qualidade\/","url":"https:\/\/teste2.zaon.tech\/politica-de-qualidade\/","name":"Pol\u00edtica de Qualidade | teste","isPartOf":{"@id":"https:\/\/teste2.zaon.tech\/#website"},"datePublished":"2024-08-30T21:19:59+00:00","dateModified":"2024-10-29T11:56:38+00:00","description":"Entwickeln, produzieren und liefern Sie chemische Produkte, um die anf\u00e4nglichen und laufenden Qualit\u00e4ts- und Leistungsanforderungen der Kunden zu erf\u00fcllen.","breadcrumb":{"@id":"https:\/\/teste2.zaon.tech\/politica-de-qualidade\/#breadcrumb"},"inLanguage":"de","potentialAction":[{"@type":"ReadAction","target":["https:\/\/teste2.zaon.tech\/politica-de-qualidade\/"]}]},{"@type":"BreadcrumbList","@id":"https:\/\/teste2.zaon.tech\/politica-de-qualidade\/#breadcrumb","itemListElement":[{"@type":"ListItem","position":1,"name":"In\u00edcio","item":"https:\/\/teste2.zaon.tech\/"},{"@type":"ListItem","position":2,"name":"Pol\u00edtica de Qualidade"}]},{"@type":"WebSite","@id":"https:\/\/teste2.zaon.tech\/#website","url":"https:\/\/teste2.zaon.tech\/","name":"Miracema-Nuodex","description":"Chemie in allem","publisher":{"@id":"https:\/\/teste2.zaon.tech\/#organization"},"potentialAction":[{"@type":"SearchAction","target":{"@type":"EntryPoint","urlTemplate":"https:\/\/teste2.zaon.tech\/?s={search_term_string}"},"query-input":{"@type":"PropertyValueSpecification","valueRequired":true,"valueName":"search_term_string"}}],"inLanguage":"de"},{"@type":"Organization","@id":"https:\/\/teste2.zaon.tech\/#organization","name":"Miracema-Nuodex","url":"https:\/\/teste2.zaon.tech\/","logo":{"@type":"ImageObject","inLanguage":"de","@id":"https:\/\/teste2.zaon.tech\/#\/schema\/logo\/image\/","url":"https:\/\/teste2.zaon.tech\/wp-content\/uploads\/2024\/04\/Miracema_Nuodex_Vertical_Original.png","contentUrl":"https:\/\/teste2.zaon.tech\/wp-content\/uploads\/2024\/04\/Miracema_Nuodex_Vertical_Original.png","width":400,"height":200,"caption":"Miracema-Nuodex"},"image":{"@id":"https:\/\/teste2.zaon.tech\/#\/schema\/logo\/image\/"}}]}},"_links":{"self":[{"href":"https:\/\/teste2.zaon.tech\/de\/wp-json\/wp\/v2\/pages\/1112","targetHints":{"allow":["GET"]}}],"collection":[{"href":"https:\/\/teste2.zaon.tech\/de\/wp-json\/wp\/v2\/pages"}],"about":[{"href":"https:\/\/teste2.zaon.tech\/de\/wp-json\/wp\/v2\/types\/page"}],"author":[{"embeddable":true,"href":"https:\/\/teste2.zaon.tech\/de\/wp-json\/wp\/v2\/users\/3"}],"replies":[{"embeddable":true,"href":"https:\/\/teste2.zaon.tech\/de\/wp-json\/wp\/v2\/comments?post=1112"}],"version-history":[{"count":5,"href":"https:\/\/teste2.zaon.tech\/de\/wp-json\/wp\/v2\/pages\/1112\/revisions"}],"predecessor-version":[{"id":1255,"href":"https:\/\/teste2.zaon.tech\/de\/wp-json\/wp\/v2\/pages\/1112\/revisions\/1255"}],"wp:attachment":[{"href":"https:\/\/teste2.zaon.tech\/de\/wp-json\/wp\/v2\/media?parent=1112"}],"curies":[{"name":"wp","href":"https:\/\/api.w.org\/{rel}","templated":true}]}}