{"id":1103,"date":"2024-08-30T18:11:50","date_gmt":"2024-08-30T21:11:50","guid":{"rendered":"https:\/\/miracema-nuodex.tech\/?page_id=1103"},"modified":"2024-10-29T08:56:49","modified_gmt":"2024-10-29T11:56:49","slug":"politica-ambiental-2","status":"publish","type":"page","link":"https:\/\/teste2.zaon.tech\/de\/politica-ambiental-2\/","title":{"rendered":"Umweltpolitik"},"content":{"rendered":"<h4><span data-text-color=\"secondary\"><strong>Umweltpolitik<\/strong><\/span><\/h4>\n<p>\u00a0<\/p>\n<p>Miracema-Nuodex ist ein Chemieunternehmen mit Sitz in der Stadt Campinas-SP und ist sich seiner Verantwortung gegen\u00fcber der Umwelt bewusst.<br \/>Der Schwerpunkt liegt auf der Kenntnis und Minimierung der mit seinen Aktivit\u00e4ten, Produkten und Dienstleistungen verbundenen Umweltauswirkungen, wobei der Schwerpunkt auf der Entstehung von Abf\u00e4llen, atmosph\u00e4rischen Emissionen, Industrieabw\u00e4ssern und der Nutzung nat\u00fcrlicher Ressourcen liegt.<\/p>\n<p>Ihr Ziel ist es, nicht nur gesetzliche und andere geltende Anforderungen zu erf\u00fcllen, sondern auch Umweltverschmutzung zu verhindern und ihre Umweltleistung kontinuierlich zu verbessern.<\/p>\n<p><strong><br \/><span data-text-color=\"secondary\">Termine<\/span><\/strong><\/p>\n<p>\u2022 Pflegen Sie die Interaktion zwischen der Community und dem Unternehmen.<br \/>\u2022 Ein breites Bewusstsein f\u00fcr Umweltthemen bei den Mitarbeitern f\u00f6rdern.<br \/>\u2022 Pflegen Sie eine proaktive Beziehung zu Umweltorganisationen.<br \/>\u2022 F\u00f6rderung einer kontinuierlichen Verbesserung des UMS durch die Festlegung und \u00dcberpr\u00fcfung von Umweltzielen und -vorgaben.<br \/>\u2022 Abfallerzeugung minimieren.<br \/>\u2022 Anfallenden Abfall ordnungsgem\u00e4\u00df entsorgen.<br \/>\u2022 Aktive Forschung zur Wiederverwendung dieser Abf\u00e4lle betreiben.<br \/>\u2022 Optimieren Sie den Verbrauch nat\u00fcrlicher Ressourcen.<br \/>\u2022 Behandeln Sie Industrieabw\u00e4sser.<br \/>\u2022 Luftemissionen kontrollieren.<br \/><br \/><strong>Rev.0, Juni\/2008<\/strong><\/p>","protected":false},"excerpt":{"rendered":"","protected":false},"author":3,"featured_media":0,"parent":0,"menu_order":0,"comment_status":"closed","ping_status":"closed","template":"","meta":{"footnotes":""},"class_list":["post-1103","page","type-page","status-publish","hentry"],"yoast_head":"<!-- This site is optimized with the Yoast SEO plugin v27.0 - https:\/\/yoast.com\/product\/yoast-seo-wordpress\/ -->\n<title>Pol\u00edtica Ambiental | teste<\/title>\n<meta name=\"robots\" content=\"noindex, follow, max-snippet:-1, max-image-preview:large, max-video-preview:-1\" \/>\n<meta property=\"og:locale\" content=\"de_DE\" \/>\n<meta property=\"og:type\" content=\"article\" \/>\n<meta property=\"og:title\" content=\"Pol\u00edtica Ambiental | teste\" \/>\n<meta property=\"og:url\" content=\"https:\/\/teste2.zaon.tech\/de\/politica-ambiental-2\/\" \/>\n<meta property=\"og:site_name\" content=\"teste\" \/>\n<meta property=\"article:modified_time\" content=\"2024-10-29T11:56:49+00:00\" \/>\n<meta name=\"twitter:card\" content=\"summary_large_image\" \/>\n<meta name=\"twitter:label1\" content=\"Gesch\u00e4tzte Lesezeit\" \/>\n\t<meta name=\"twitter:data1\" content=\"1\u00a0Minute\" \/>\n<script type=\"application\/ld+json\" class=\"yoast-schema-graph\">{\"@context\":\"https:\/\/schema.org\",\"@graph\":[{\"@type\":\"WebPage\",\"@id\":\"https:\/\/teste2.zaon.tech\/politica-ambiental-2\/\",\"url\":\"https:\/\/teste2.zaon.tech\/politica-ambiental-2\/\",\"name\":\"Pol\u00edtica Ambiental | teste\",\"isPartOf\":{\"@id\":\"https:\/\/teste2.zaon.tech\/#website\"},\"datePublished\":\"2024-08-30T21:11:50+00:00\",\"dateModified\":\"2024-10-29T11:56:49+00:00\",\"breadcrumb\":{\"@id\":\"https:\/\/teste2.zaon.tech\/politica-ambiental-2\/#breadcrumb\"},\"inLanguage\":\"de\",\"potentialAction\":[{\"@type\":\"ReadAction\",\"target\":[\"https:\/\/teste2.zaon.tech\/politica-ambiental-2\/\"]}]},{\"@type\":\"BreadcrumbList\",\"@id\":\"https:\/\/teste2.zaon.tech\/politica-ambiental-2\/#breadcrumb\",\"itemListElement\":[{\"@type\":\"ListItem\",\"position\":1,\"name\":\"In\u00edcio\",\"item\":\"https:\/\/teste2.zaon.tech\/\"},{\"@type\":\"ListItem\",\"position\":2,\"name\":\"Pol\u00edtica Ambiental\"}]},{\"@type\":\"WebSite\",\"@id\":\"https:\/\/teste2.zaon.tech\/#website\",\"url\":\"https:\/\/teste2.zaon.tech\/\",\"name\":\"Miracema-Nuodex\",\"description\":\"Qu\u00edmica em Tudo\",\"publisher\":{\"@id\":\"https:\/\/teste2.zaon.tech\/#organization\"},\"potentialAction\":[{\"@type\":\"SearchAction\",\"target\":{\"@type\":\"EntryPoint\",\"urlTemplate\":\"https:\/\/teste2.zaon.tech\/?s={search_term_string}\"},\"query-input\":{\"@type\":\"PropertyValueSpecification\",\"valueRequired\":true,\"valueName\":\"search_term_string\"}}],\"inLanguage\":\"de\"},{\"@type\":\"Organization\",\"@id\":\"https:\/\/teste2.zaon.tech\/#organization\",\"name\":\"Miracema-Nuodex\",\"url\":\"https:\/\/teste2.zaon.tech\/\",\"logo\":{\"@type\":\"ImageObject\",\"inLanguage\":\"de\",\"@id\":\"https:\/\/teste2.zaon.tech\/#\/schema\/logo\/image\/\",\"url\":\"https:\/\/teste2.zaon.tech\/wp-content\/uploads\/2024\/04\/Miracema_Nuodex_Vertical_Original.png\",\"contentUrl\":\"https:\/\/teste2.zaon.tech\/wp-content\/uploads\/2024\/04\/Miracema_Nuodex_Vertical_Original.png\",\"width\":400,\"height\":200,\"caption\":\"Miracema-Nuodex\"},\"image\":{\"@id\":\"https:\/\/teste2.zaon.tech\/#\/schema\/logo\/image\/\"}}]}<\/script>\n<!-- \/ Yoast SEO plugin. -->","yoast_head_json":{"title":"Pol\u00edtica Ambiental | teste","robots":{"index":"noindex","follow":"follow","max-snippet":"max-snippet:-1","max-image-preview":"max-image-preview:large","max-video-preview":"max-video-preview:-1"},"og_locale":"de_DE","og_type":"article","og_title":"Pol\u00edtica Ambiental | teste","og_url":"https:\/\/teste2.zaon.tech\/de\/politica-ambiental-2\/","og_site_name":"teste","article_modified_time":"2024-10-29T11:56:49+00:00","twitter_card":"summary_large_image","twitter_misc":{"Gesch\u00e4tzte Lesezeit":"1\u00a0Minute"},"schema":{"@context":"https:\/\/schema.org","@graph":[{"@type":"WebPage","@id":"https:\/\/teste2.zaon.tech\/politica-ambiental-2\/","url":"https:\/\/teste2.zaon.tech\/politica-ambiental-2\/","name":"Pol\u00edtica Ambiental | teste","isPartOf":{"@id":"https:\/\/teste2.zaon.tech\/#website"},"datePublished":"2024-08-30T21:11:50+00:00","dateModified":"2024-10-29T11:56:49+00:00","breadcrumb":{"@id":"https:\/\/teste2.zaon.tech\/politica-ambiental-2\/#breadcrumb"},"inLanguage":"de","potentialAction":[{"@type":"ReadAction","target":["https:\/\/teste2.zaon.tech\/politica-ambiental-2\/"]}]},{"@type":"BreadcrumbList","@id":"https:\/\/teste2.zaon.tech\/politica-ambiental-2\/#breadcrumb","itemListElement":[{"@type":"ListItem","position":1,"name":"In\u00edcio","item":"https:\/\/teste2.zaon.tech\/"},{"@type":"ListItem","position":2,"name":"Pol\u00edtica Ambiental"}]},{"@type":"WebSite","@id":"https:\/\/teste2.zaon.tech\/#website","url":"https:\/\/teste2.zaon.tech\/","name":"Miracema-Nuodex","description":"Chemie in allem","publisher":{"@id":"https:\/\/teste2.zaon.tech\/#organization"},"potentialAction":[{"@type":"SearchAction","target":{"@type":"EntryPoint","urlTemplate":"https:\/\/teste2.zaon.tech\/?s={search_term_string}"},"query-input":{"@type":"PropertyValueSpecification","valueRequired":true,"valueName":"search_term_string"}}],"inLanguage":"de"},{"@type":"Organization","@id":"https:\/\/teste2.zaon.tech\/#organization","name":"Miracema-Nuodex","url":"https:\/\/teste2.zaon.tech\/","logo":{"@type":"ImageObject","inLanguage":"de","@id":"https:\/\/teste2.zaon.tech\/#\/schema\/logo\/image\/","url":"https:\/\/teste2.zaon.tech\/wp-content\/uploads\/2024\/04\/Miracema_Nuodex_Vertical_Original.png","contentUrl":"https:\/\/teste2.zaon.tech\/wp-content\/uploads\/2024\/04\/Miracema_Nuodex_Vertical_Original.png","width":400,"height":200,"caption":"Miracema-Nuodex"},"image":{"@id":"https:\/\/teste2.zaon.tech\/#\/schema\/logo\/image\/"}}]}},"_links":{"self":[{"href":"https:\/\/teste2.zaon.tech\/de\/wp-json\/wp\/v2\/pages\/1103","targetHints":{"allow":["GET"]}}],"collection":[{"href":"https:\/\/teste2.zaon.tech\/de\/wp-json\/wp\/v2\/pages"}],"about":[{"href":"https:\/\/teste2.zaon.tech\/de\/wp-json\/wp\/v2\/types\/page"}],"author":[{"embeddable":true,"href":"https:\/\/teste2.zaon.tech\/de\/wp-json\/wp\/v2\/users\/3"}],"replies":[{"embeddable":true,"href":"https:\/\/teste2.zaon.tech\/de\/wp-json\/wp\/v2\/comments?post=1103"}],"version-history":[{"count":7,"href":"https:\/\/teste2.zaon.tech\/de\/wp-json\/wp\/v2\/pages\/1103\/revisions"}],"predecessor-version":[{"id":1259,"href":"https:\/\/teste2.zaon.tech\/de\/wp-json\/wp\/v2\/pages\/1103\/revisions\/1259"}],"wp:attachment":[{"href":"https:\/\/teste2.zaon.tech\/de\/wp-json\/wp\/v2\/media?parent=1103"}],"curies":[{"name":"wp","href":"https:\/\/api.w.org\/{rel}","templated":true}]}}